{"id":9128,"date":"2025-08-19T13:30:08","date_gmt":"2025-08-19T11:30:08","guid":{"rendered":"https:\/\/mercure-tilburg.nl\/?page_id=9128"},"modified":"2025-08-19T13:30:58","modified_gmt":"2025-08-19T11:30:58","slug":"beleef-een-betoverend-weekend-in-de-efteling-en-verblijf-in-een-hotel-vlakbij-2","status":"publish","type":"page","link":"https:\/\/mercure-tilburg.nl\/fr\/vivez-un-week-end-enchanteur-a-efteling-et-sejournez-dans-un-hotel-a-proximite-de-2\/","title":{"rendered":"Tilburg transforme le mois de septembre en \"mois de la mode\" avec une mission"},"content":{"rendered":"<div>\n<h1 style=\"text-align: center;\"><b><span data-olk-copy-source=\"MessageBody\">Tilburg transforme le mois de septembre en \"mois de la mode\" avec une mission<\/span><\/b><\/h1>\n<\/div>\n<div>\n<div>\n<p style=\"text-align: center;\">Apr\u00e8s une premi\u00e8re \u00e9dition tr\u00e8s r\u00e9ussie l'ann\u00e9e derni\u00e8re, le centre-ville de Tilburg se transformera \u00e0 nouveau en septembre en un v\u00e9ritable Valhalla pour les amateurs de mode durable, de mode vintage et de recyclage. Dans un monde inond\u00e9 de mode rapide, Tilburg opte en septembre pour la lenteur, le style et l'intelligence. Le Refashion Month n'est pas un mois de l'habillement, c'est une d\u00e9claration. Ici, la mode prend des vies et des significations multiples. Tout tourne autour de l'achat local et conscient, de la r\u00e9utilisation et du recyclage de v\u00eatements et d'accessoires.<\/p>\n<\/div>\n<p>&nbsp;<\/p>\n<\/div>\n<div>\n<div id=\"attachment_9129\" style=\"width: 714px\" class=\"wp-caption aligncenter\"><img loading=\"lazy\" decoding=\"async\" aria-describedby=\"caption-attachment-9129\" class=\"wp-image-9129\" title=\"\u00c9norme pile de v\u00eatements fast fashion\" src=\"https:\/\/mercure-tilburg.nl\/wp-content\/uploads\/2025\/08\/Kopie-van-Nieuwe-website-1064x709-3.jpg\" alt=\"\u00c9norme pile de v\u00eatements fast fashion\" width=\"704\" height=\"469\" srcset=\"https:\/\/mercure-tilburg.nl\/wp-content\/uploads\/2025\/08\/Kopie-van-Nieuwe-website-1064x709-3.jpg 1064w, https:\/\/mercure-tilburg.nl\/wp-content\/uploads\/2025\/08\/Kopie-van-Nieuwe-website-1064x709-3-300x200.jpg 300w, https:\/\/mercure-tilburg.nl\/wp-content\/uploads\/2025\/08\/Kopie-van-Nieuwe-website-1064x709-3-1030x686.jpg 1030w, https:\/\/mercure-tilburg.nl\/wp-content\/uploads\/2025\/08\/Kopie-van-Nieuwe-website-1064x709-3-768x512.jpg 768w, https:\/\/mercure-tilburg.nl\/wp-content\/uploads\/2025\/08\/Kopie-van-Nieuwe-website-1064x709-3-18x12.jpg 18w, https:\/\/mercure-tilburg.nl\/wp-content\/uploads\/2025\/08\/Kopie-van-Nieuwe-website-1064x709-3-705x470.jpg 705w\" sizes=\"auto, (max-width: 704px) 100vw, 704px\" \/><p id=\"caption-attachment-9129\" class=\"wp-caption-text\">\u00c9norme pile de v\u00eatements fast fashion<\/p><\/div>\n<h2 style=\"text-align: center;\"><b><span data-olk-copy-source=\"MessageBody\">Le mouvement de la mode durable se d\u00e9veloppe \u00e0 Tilburg<\/span><\/b><\/h2>\n<\/div>\n<div>\n<p style=\"text-align: center;\"><span data-olk-copy-source=\"MessageBody\">Le vintage et l'upcycling sont en plein essor, y compris \u00e0 Tilburg, la ville des cr\u00e9ateurs. Le centre-ville accueille de plus en plus de boutiques proposant des articles d'occasion et les entrepreneurs \u00e9tablis meublent \u00e9galement une partie de leur activit\u00e9 avec des objets vintage. En outre, les consommateurs sont de plus en plus sensibilis\u00e9s. Une base parfaite pour la deuxi\u00e8me \u00e9dition du \"Refashion Month\" ! Car si septembre est connu comme le mois de la mode avec une nouvelle saison en vue, Tilburg opte pour une approche durable en mettant l'accent sur l'achat local et conscient et en donnant une seconde vie aux v\u00eatements, aux articles et aux mat\u00e9riaux. <\/span><\/p>\n<p>&nbsp;<\/p>\n<p><img loading=\"lazy\" decoding=\"async\" class=\"wp-image-9131  alignleft\" title=\"Efteling Baron 1898 Joris et le dragon Photo Adri van Esch\" src=\"https:\/\/mercure-tilburg.nl\/wp-content\/uploads\/2025\/08\/20240907_CoT-freefashion_Fotografie-Jules-van-Iperen_043.png\" alt=\"20240907 CoT freefashion Photographie Jules van Iperen 043\" width=\"379\" height=\"268\" srcset=\"https:\/\/mercure-tilburg.nl\/wp-content\/uploads\/2025\/08\/20240907_CoT-freefashion_Fotografie-Jules-van-Iperen_043.png 600w, https:\/\/mercure-tilburg.nl\/wp-content\/uploads\/2025\/08\/20240907_CoT-freefashion_Fotografie-Jules-van-Iperen_043-300x213.png 300w, https:\/\/mercure-tilburg.nl\/wp-content\/uploads\/2025\/08\/20240907_CoT-freefashion_Fotografie-Jules-van-Iperen_043-18x12.png 18w, https:\/\/mercure-tilburg.nl\/wp-content\/uploads\/2025\/08\/20240907_CoT-freefashion_Fotografie-Jules-van-Iperen_043-260x185.png 260w\" sizes=\"auto, (max-width: 379px) 100vw, 379px\" \/><\/p>\n<\/div>\n<div>\n<h2><b><span data-olk-copy-source=\"MessageBody\">Free Fashion, ateliers \"z\u00e9ro d\u00e9chet\", Glamourday Refashioned Edition et plus encore<\/span><\/b><\/h2>\n<\/div>\n<div>\n<p><span data-olk-copy-source=\"MessageBody\">Le programme du Refashion Month de Tilburg comprend quelque chose pour tout le monde. Le FREE Fashion d\u00e9marre avec l'ouverture du FREE Fashion Kids Store \u00e0 l'Emmapassage le 6 septembre, o\u00f9 vous pourrez acheter des articles gratuits et profiter d'une performance exclusive de Swarmers. Tous les week-ends de septembre, des ateliers cr\u00e9atifs gratuits seront organis\u00e9s au Center of Tilburg Pop-up Park, sur la place Pieter Vreedeplein, sur le th\u00e8me du recyclage. On y trouve \u00e9galement les portants mobiles Free Fashion, o\u00f9 les v\u00eatements peuvent \u00eatre \u00e9chang\u00e9s et donn\u00e9s gratuitement. Le mois se termine par l'\u00e9dition Glamourday Refashioned le 27 septembre, o\u00f9 l'on peut d\u00e9couvrir la mode et la beaut\u00e9 durables sur la Pieter Vreedeplein et dans l'Emmapassage. Des ateliers et des activit\u00e9s pour les jeunes et les moins jeunes, des conseils en mati\u00e8re de stylisme et de couleurs. Enfin, il y aura un parcours \"Re-where\" \u00e0 travers le centre-ville, qui vous permettra de voir en un coup d'\u0153il, pendant que vous faites vos courses, o\u00f9 vous pouvez trouver des v\u00eatements de seconde main, o\u00f9 vous pouvez vous rendre pour les faire r\u00e9parer ou les recycler, ou encore o\u00f9 vous pouvez faire vous-m\u00eame un don de v\u00eatements. Bonne nouvelle ! Car m\u00eame apr\u00e8s le Refashion Month, cet itin\u00e9raire restera visible dans le centre-ville. <\/span><\/p>\n<p>&nbsp;<\/p>\n<p><img loading=\"lazy\" decoding=\"async\" class=\"wp-image-9130  alignright\" title=\"Week-end \u00e0 De Efteling et s\u00e9jour \u00e0 l&#039;h\u00f4tel pr\u00e8s du parc d&#039;attractions\" src=\"https:\/\/mercure-tilburg.nl\/wp-content\/uploads\/2025\/08\/frans-hommersom.jpg\" alt=\"hommersom fran\u00e7ais\" width=\"323\" height=\"323\" srcset=\"https:\/\/mercure-tilburg.nl\/wp-content\/uploads\/2025\/08\/frans-hommersom.jpg 640w, https:\/\/mercure-tilburg.nl\/wp-content\/uploads\/2025\/08\/frans-hommersom-300x300.jpg 300w, https:\/\/mercure-tilburg.nl\/wp-content\/uploads\/2025\/08\/frans-hommersom-80x80.jpg 80w, https:\/\/mercure-tilburg.nl\/wp-content\/uploads\/2025\/08\/frans-hommersom-12x12.jpg 12w, https:\/\/mercure-tilburg.nl\/wp-content\/uploads\/2025\/08\/frans-hommersom-36x36.jpg 36w, https:\/\/mercure-tilburg.nl\/wp-content\/uploads\/2025\/08\/frans-hommersom-180x180.jpg 180w\" sizes=\"auto, (max-width: 323px) 100vw, 323px\" \/><\/p>\n<\/div>\n<div>\n<h2><b><span data-olk-copy-source=\"MessageBody\">Collaborations locales pour le Refashion Month de Tilburg<\/span><\/b><\/h2>\n<\/div>\n<div>\n<div>\n<p><span data-olk-copy-source=\"MessageBody\">Ce mois unique rassemble diverses initiatives visant \u00e0 sensibiliser le public aux achats durables et locaux et \u00e0 l'impact de la \"fast fashion\" sur l'industrie textile.<b> <\/b>Que vous soyez d\u00e9j\u00e0 un fan de vintage ou que vous cherchiez une premi\u00e8re introduction \u00e0 la mode durable, il y en a pour tous les go\u00fbts au mois de septembre. Avec ce vaste programme, Tilburg souligne sa position de pionnier en mati\u00e8re de mode durable. Tout le monde est invit\u00e9 \u00e0 venir jeter un coup d'\u0153il, \u00e0 participer et \u00e0 adopter un style durable. Pour plus d'informations sur le Refashion Month de Tilburg et le programme des activit\u00e9s, voir le site suivant <\/span><a title=\"URL original : http:\/\/www.centeroftilburg.com\/tilburgrefashionmonth. Cliquez ou tapez si vous faites confiance \u00e0 ce lien.\" href=\"https:\/\/eur06.safelinks.protection.outlook.com\/?url=http%3A%2F%2Fwww.centeroftilburg.com%2Ftilburgrefashionmonth&amp;data=05%7C02%7Ccommunicatie%40GenMhotels.com%7Ccbd24d2cded543b6beb508dddf0cc338%7C4c2b47a270484877bcc3c5208b7d0173%7C0%7C0%7C638911968111235908%7CUnknown%7CTWFpbGZsb3d8eyJFbXB0eU1hcGkiOnRydWUsIlYiOiIwLjAuMDAwMCIsIlAiOiJXaW4zMiIsIkFOIjoiTWFpbCIsIldUIjoyfQ%3D%3D%7C0%7C%7C%7C&amp;sdata=Uq5EQWbNlA98ydhcZKrtS1Px7N%2BaAmE9WiX5jvRfCrI%3D&amp;reserved=0\" target=\"_blank\" rel=\"noopener noreferrer\" data-auth=\"NotApplicable\" data-linkindex=\"0\">www.centeroftilburg.com\/tilburgrefashionmaand<\/a>.<\/p>\n<\/div>\n<\/div>","protected":false},"excerpt":{"rendered":"<p>Tilburg transforme le mois de septembre en \"mois de la mode\" avec une mission Apr\u00e8s une premi\u00e8re \u00e9dition tr\u00e8s r\u00e9ussie l'ann\u00e9e derni\u00e8re, le centre-ville de Tilburg se transformera \u00e0 nouveau en Valhalla pour les amateurs de mode durable, de mode vintage et d'upcycling en septembre. Dans un monde inond\u00e9 par la mode rapide, Tilburg choisit la lenteur, le style et l'intelligence en septembre. Le [...]<\/p>","protected":false},"author":2,"featured_media":0,"parent":0,"menu_order":0,"comment_status":"closed","ping_status":"closed","template":"","meta":{"footnotes":""},"class_list":["post-9128","page","type-page","status-publish","hentry"],"yoast_head":"<!-- This site is optimized with the Yoast SEO Premium plugin v14.9 - https:\/\/yoast.com\/wordpress\/plugins\/seo\/ -->\n<title>Tilburg maakt van september een \u2018Refashion Maand\u2019 met een missie - Mercure Hotel Tilburg Centrum<\/title>\n<meta name=\"robots\" content=\"index, follow, max-snippet:-1, max-image-preview:large, max-video-preview:-1\" \/>\n<link rel=\"canonical\" href=\"https:\/\/mercure-tilburg.nl\/fr\/vivez-un-week-end-enchanteur-a-efteling-et-sejournez-dans-un-hotel-a-proximite-de-2\/\" \/>\n<meta property=\"og:locale\" content=\"fr_FR\" \/>\n<meta property=\"og:type\" content=\"article\" \/>\n<meta property=\"og:title\" content=\"Tilburg maakt van september een \u2018Refashion Maand\u2019 met een missie - Mercure Hotel Tilburg Centrum\" \/>\n<meta property=\"og:description\" content=\"Tilburg maakt van september een \u2018Refashion Maand\u2019 met een missie Na een zeer geslaagde primeur vorig jaar verandert de binnenstad van Tilburg in september opnieuw in een walhalla voor liefhebbers van duurzame, vintage mode en upcycling. In een wereld die overspoeld wordt met fast fashion, kiest Tilburg in september voor slow, stijlvol en slim. De [&hellip;]\" \/>\n<meta property=\"og:url\" content=\"https:\/\/mercure-tilburg.nl\/fr\/vivez-un-week-end-enchanteur-a-efteling-et-sejournez-dans-un-hotel-a-proximite-de-2\/\" \/>\n<meta property=\"og:site_name\" content=\"Mercure Hotel Tilburg Centrum\" \/>\n<meta property=\"article:modified_time\" content=\"2025-08-19T11:30:58+00:00\" \/>\n<meta property=\"og:image\" content=\"https:\/\/mercure-tilburg.nl\/wp-content\/uploads\/2025\/08\/Kopie-van-Nieuwe-website-1064x709-3.jpg\" \/>\n<meta name=\"twitter:card\" content=\"summary_large_image\" \/>\n<script type=\"application\/ld+json\" class=\"yoast-schema-graph\">{\"@context\":\"https:\/\/schema.org\",\"@graph\":[{\"@type\":\"WebSite\",\"@id\":\"https:\/\/mercure-tilburg.nl\/fr\/#website\",\"url\":\"https:\/\/mercure-tilburg.nl\/fr\/\",\"name\":\"Mercure Hotel Tilburg Centrum\",\"description\":\"Overnachten op de beste plek van Tilburg\",\"potentialAction\":[{\"@type\":\"SearchAction\",\"target\":\"https:\/\/mercure-tilburg.nl\/fr\/?s={search_term_string}\",\"query-input\":\"required name=search_term_string\"}],\"inLanguage\":\"fr-FR\"},{\"@type\":\"ImageObject\",\"@id\":\"https:\/\/mercure-tilburg.nl\/beleef-een-betoverend-weekend-in-de-efteling-en-verblijf-in-een-hotel-vlakbij-2\/#primaryimage\",\"inLanguage\":\"fr-FR\",\"url\":\"https:\/\/mercure-tilburg.nl\/wp-content\/uploads\/2025\/08\/Kopie-van-Nieuwe-website-1064x709-3.jpg\",\"width\":1064,\"height\":709,\"caption\":\"Enorme berg kleding fast fashion\"},{\"@type\":\"WebPage\",\"@id\":\"https:\/\/mercure-tilburg.nl\/beleef-een-betoverend-weekend-in-de-efteling-en-verblijf-in-een-hotel-vlakbij-2\/#webpage\",\"url\":\"https:\/\/mercure-tilburg.nl\/beleef-een-betoverend-weekend-in-de-efteling-en-verblijf-in-een-hotel-vlakbij-2\/\",\"name\":\"Tilburg maakt van september een \\u2018Refashion Maand\\u2019 met een missie - Mercure Hotel Tilburg Centrum\",\"isPartOf\":{\"@id\":\"https:\/\/mercure-tilburg.nl\/fr\/#website\"},\"primaryImageOfPage\":{\"@id\":\"https:\/\/mercure-tilburg.nl\/beleef-een-betoverend-weekend-in-de-efteling-en-verblijf-in-een-hotel-vlakbij-2\/#primaryimage\"},\"datePublished\":\"2025-08-19T11:30:08+00:00\",\"dateModified\":\"2025-08-19T11:30:58+00:00\",\"inLanguage\":\"fr-FR\",\"potentialAction\":[{\"@type\":\"ReadAction\",\"target\":[\"https:\/\/mercure-tilburg.nl\/beleef-een-betoverend-weekend-in-de-efteling-en-verblijf-in-een-hotel-vlakbij-2\/\"]}]}]}<\/script>\n<!-- \/ Yoast SEO Premium plugin. -->","_links":{"self":[{"href":"https:\/\/mercure-tilburg.nl\/fr\/wp-json\/wp\/v2\/pages\/9128","targetHints":{"allow":["GET"]}}],"collection":[{"href":"https:\/\/mercure-tilburg.nl\/fr\/wp-json\/wp\/v2\/pages"}],"about":[{"href":"https:\/\/mercure-tilburg.nl\/fr\/wp-json\/wp\/v2\/types\/page"}],"author":[{"embeddable":true,"href":"https:\/\/mercure-tilburg.nl\/fr\/wp-json\/wp\/v2\/users\/2"}],"replies":[{"embeddable":true,"href":"https:\/\/mercure-tilburg.nl\/fr\/wp-json\/wp\/v2\/comments?post=9128"}],"version-history":[{"count":4,"href":"https:\/\/mercure-tilburg.nl\/fr\/wp-json\/wp\/v2\/pages\/9128\/revisions"}],"predecessor-version":[{"id":9134,"href":"https:\/\/mercure-tilburg.nl\/fr\/wp-json\/wp\/v2\/pages\/9128\/revisions\/9134"}],"wp:attachment":[{"href":"https:\/\/mercure-tilburg.nl\/fr\/wp-json\/wp\/v2\/media?parent=9128"}],"curies":[{"name":"wp","href":"https:\/\/api.w.org\/{rel}","templated":true}]}}