{"id":8973,"date":"2025-05-13T11:06:56","date_gmt":"2025-05-13T09:06:56","guid":{"rendered":"https:\/\/mercure-tilburg.nl\/?page_id=8973"},"modified":"2025-05-13T11:06:56","modified_gmt":"2025-05-13T09:06:56","slug":"zomer-in-tilburg-2025","status":"publish","type":"page","link":"https:\/\/mercure-tilburg.nl\/fr\/lete-a-tilburg-2025\/","title":{"rendered":"\u00c9t\u00e9 2025 - S\u00e9jour \u00e0 l'h\u00f4tel Mercure Tilburg Centrum"},"content":{"rendered":"<div>\n<h1 style=\"text-align: center;\">L'\u00e9t\u00e9 \u00e0 Tilburg 2025 - S\u00e9journez \u00e0 l'h\u00f4tel Mercure Tilburg Centrum !<\/h1>\n<\/div>\n<div>\n<div>\n<p style=\"text-align: center;\">L'\u00e9t\u00e9 \u00e0 Tilburg est un m\u00e9lange parfait de convivialit\u00e9, de festivals, de culture et de d\u00e9tente. Des terrasses atmosph\u00e9riques aux grands \u00e9v\u00e9nements tels que la foire de Tilburg, la ville bourdonne de vie pendant les mois d'\u00e9t\u00e9. S\u00e9journez \u00e0 <strong data-start=\"491\" data-end=\"524\">Mercure Hotel Tilburg Centrum<\/strong>, puis vous vous asseyez <a href=\"https:\/\/www.google.com\/maps\/dir\/\/Heuvel+37,+5038+CP+Tilburg\/@51.5570353,5.0082312,12z\/data=!4m8!4m7!1m0!1m5!1m1!1s0x47c6bfcb4bd302db:0x32921e094599b97c!2m2!1d5.0906314!2d51.5570642?entry=ttu&amp;g_ep=EgoyMDI1MDUwNy4wIKXMDSoASAFQAw%3D%3D\"><strong data-start=\"537\" data-end=\"571\">au c\u0153ur de la ville<\/strong><\/a>Le parking est situ\u00e9 \u00e0 proximit\u00e9 imm\u00e9diate de la colline anim\u00e9e. De plus, vous stationnez <strong data-start=\"627\" data-end=\"687\">facilement dans la zone adjacente <a href=\"http:\/\/www.heuvelpoort.nl\">Parking de Heuvelpoort<\/a><\/strong>Votre voiture est donc en s\u00e9curit\u00e9 pendant que vous profitez de toute la beaut\u00e9 que Tilburg a \u00e0 offrir en \u00e9t\u00e9, sans aucun souci.<\/p>\n<p><img loading=\"lazy\" decoding=\"async\" class=\"wp-image-8974\" title=\"L&#039;\u00e9t\u00e9 \u00e0 Tilburg Mercure Hotel Tilburg Centrum\" src=\"https:\/\/mercure-tilburg.nl\/wp-content\/uploads\/2025\/05\/playfountain-hameln-11-08-2022-nr-59k.jpg\" alt=\"L&#039;\u00e9t\u00e9 \u00e0 Tilburg Mercure Hotel Tilburg Centrum\" width=\"717\" height=\"478\" srcset=\"https:\/\/mercure-tilburg.nl\/wp-content\/uploads\/2025\/05\/playfountain-hameln-11-08-2022-nr-59k.jpg 960w, https:\/\/mercure-tilburg.nl\/wp-content\/uploads\/2025\/05\/playfountain-hameln-11-08-2022-nr-59k-300x200.jpg 300w, https:\/\/mercure-tilburg.nl\/wp-content\/uploads\/2025\/05\/playfountain-hameln-11-08-2022-nr-59k-768x512.jpg 768w, https:\/\/mercure-tilburg.nl\/wp-content\/uploads\/2025\/05\/playfountain-hameln-11-08-2022-nr-59k-18x12.jpg 18w, https:\/\/mercure-tilburg.nl\/wp-content\/uploads\/2025\/05\/playfountain-hameln-11-08-2022-nr-59k-705x470.jpg 705w\" sizes=\"auto, (max-width: 717px) 100vw, 717px\" \/><\/p>\n<\/div>\n<p>&nbsp;<\/p>\n<\/div>\n<div>\n<h2 style=\"text-align: center;\">Que se passera-t-il \u00e0 Tilburg durant l'\u00e9t\u00e9 2025 ?<\/h2>\n<\/div>\n<div>\n<p style=\"text-align: center;\">De juin \u00e0 ao\u00fbt, Tilburg se transforme en une ville d'exp\u00e9rience estivale. Le centre-ville se transforme en une toile de fond de lumi\u00e8re, de couleur et de culture. Des installations artistiques estivales surgissent dans les rues, de la musique live r\u00e9sonne sur les places et des spectacles surprenants apportent une nouvelle \u00e9nergie au centre-ville. Pendant la journ\u00e9e, fl\u00e2nez parmi les \u0153uvres d'art et les march\u00e9s en plein air, et le soir, profitez de la musique live et des repr\u00e9sentations th\u00e9\u00e2trales en plein air. Tout se passe \u00e0 quelques pas de l'h\u00f4tel Mercure Tilburg Centrum. Le programme complet est disponible \u00e0 l'adresse suivante <a class=\"\" href=\"https:\/\/www.centeroftilburg.com\/nl\/doen\/zomer-in-tilburg\" target=\"_new\" rel=\"noopener\" data-start=\"1599\" data-end=\"1678\">centreofTilburg.com<\/a>.<\/p>\n<p>&nbsp;<\/p>\n<\/div>\n<div>\n<h2 style=\"text-align: center;\">Confort et luxe apr\u00e8s une journ\u00e9e au soleil<\/h2>\n<\/div>\n<div>\n<p style=\"text-align: center;\">Apr\u00e8s une journ\u00e9e d'\u00e9t\u00e9 en ville, retrouvez la tranquillit\u00e9 de votre chambre. Les chambres du Mercure Hotel Tilburg Centrum sont \u00e9l\u00e9gamment d\u00e9cor\u00e9es et climatis\u00e9es, ce qui est id\u00e9al lorsqu'il fait chaud. Besoin de vous d\u00e9tendre ? Faites un plongeon dans la piscine int\u00e9rieure ou d\u00e9tendez-vous dans le sauna infrarouge. Savourez de d\u00e9licieux plats dans le restaurant ou terminez la journ\u00e9e en prenant un verre au bar. Vous trouverez tout ce dont vous avez besoin sous un m\u00eame toit, sans avoir \u00e0 quitter la ville.<\/p>\n<p>&nbsp;<\/p>\n<p><img loading=\"lazy\" decoding=\"async\" class=\"wp-image-8806 alignright\" title=\"Week-end \u00e0 De Efteling et s\u00e9jour \u00e0 l&#039;h\u00f4tel pr\u00e8s du parc d&#039;attractions\" src=\"https:\/\/mercure-tilburg.nl\/wp-content\/uploads\/2024\/10\/Maak-van-je-gasten-ambassadeurs-net-als-de-sprookjesboom-van-de-Efteling-1500-header.jpg\" alt=\"Transformez vos invit\u00e9s en ambassadeurs, comme l&#039;arbre de conte de f\u00e9es 1500 d&#039;Efteling.\" width=\"446\" height=\"301\" srcset=\"https:\/\/mercure-tilburg.nl\/wp-content\/uploads\/2024\/10\/Maak-van-je-gasten-ambassadeurs-net-als-de-sprookjesboom-van-de-Efteling-1500-header.jpg 1500w, https:\/\/mercure-tilburg.nl\/wp-content\/uploads\/2024\/10\/Maak-van-je-gasten-ambassadeurs-net-als-de-sprookjesboom-van-de-Efteling-1500-header-300x202.jpg 300w, https:\/\/mercure-tilburg.nl\/wp-content\/uploads\/2024\/10\/Maak-van-je-gasten-ambassadeurs-net-als-de-sprookjesboom-van-de-Efteling-1500-header-1030x695.jpg 1030w, https:\/\/mercure-tilburg.nl\/wp-content\/uploads\/2024\/10\/Maak-van-je-gasten-ambassadeurs-net-als-de-sprookjesboom-van-de-Efteling-1500-header-768x518.jpg 768w, https:\/\/mercure-tilburg.nl\/wp-content\/uploads\/2024\/10\/Maak-van-je-gasten-ambassadeurs-net-als-de-sprookjesboom-van-de-Efteling-1500-header-705x476.jpg 705w\" sizes=\"auto, (max-width: 446px) 100vw, 446px\" \/><\/p>\n<\/div>\n<div>\n<h2 class=\"\" data-start=\"2209\" data-end=\"2252\">Une situation id\u00e9ale pour toute la famille<\/h2>\n<\/div>\n<div>\n<div>\n<p class=\"\" data-start=\"2254\" data-end=\"2710\">Tilburg est \u00e9galement une destination id\u00e9ale pour les familles en \u00e9t\u00e9. Depuis l'h\u00f4tel, vous pouvez facilement acc\u00e9der \u00e0 des excursions familiales populaires telles que Efteling ou Safaripark Beekse Bergen. Le centre lui-m\u00eame propose \u00e9galement de nombreuses activit\u00e9s adapt\u00e9es aux enfants, telles que des chasses au tr\u00e9sor, des objets d'art interactifs et des spectacles pour enfants. Tout ce qui rend les vacances d'\u00e9t\u00e9 amusantes est \u00e0 port\u00e9e de main, ce qui fait de Mercure un excellent point de d\u00e9part pour les jeunes et les moins jeunes.<\/p>\n<\/div>\n<div>\n<p>&nbsp;<\/p>\n<\/div>\n<\/div>\n<div>\n<h2 class=\"\" data-start=\"2712\" data-end=\"2775\">R\u00e9servez votre s\u00e9jour d'\u00e9t\u00e9 au Mercure Hotel Tilburg Centrum<\/h2>\n<\/div>\n<div>\n<p class=\"\" style=\"text-align: center;\" data-start=\"2777\" data-end=\"3102\">N'attendez pas trop longtemps : les mois d'\u00e9t\u00e9 sont tr\u00e8s pris\u00e9s et les chambres dans le centre-ville se remplissent souvent rapidement. Vous voulez \u00eatre s\u00fbr de passer une nuit confortable en plein c\u0153ur du centre anim\u00e9 de Tilburg pendant l'\u00e9t\u00e9 2025 ? <a href=\"https:\/\/mercure-tilburg.nl\/fr\/nos-chambres-dhotel\/\">Livre<\/a> R\u00e9servez d\u00e8s aujourd'hui votre s\u00e9jour au Mercure Hotel Tilburg Centrum et d\u00e9couvrez la ville sous son meilleur jour.<\/p>\n<\/div>","protected":false},"excerpt":{"rendered":"<p>L'\u00e9t\u00e9 2025 \u00e0 Tilburg ? S\u00e9journez au Mercure Hotel Tilburg Centrum au c\u0153ur de la ville. Proche des \u00e9v\u00e9nements, des plages de la ville et de l'atmosph\u00e8re estivale. R\u00e9servez d\u00e8s maintenant !<\/p>","protected":false},"author":2,"featured_media":0,"parent":0,"menu_order":0,"comment_status":"closed","ping_status":"closed","template":"","meta":{"footnotes":""},"class_list":["post-8973","page","type-page","status-publish","hentry"],"yoast_head":"<!-- This site is optimized with the Yoast SEO Premium plugin v14.9 - https:\/\/yoast.com\/wordpress\/plugins\/seo\/ -->\n<title>Zomer 2025 - Verblijf bij Mercure Hotel Tilburg Centrum - Mercure Hotel Tilburg Centrum<\/title>\n<meta name=\"robots\" content=\"index, follow, max-snippet:-1, max-image-preview:large, max-video-preview:-1\" \/>\n<link rel=\"canonical\" href=\"https:\/\/mercure-tilburg.nl\/fr\/lete-a-tilburg-2025\/\" \/>\n<meta property=\"og:locale\" content=\"fr_FR\" \/>\n<meta property=\"og:type\" content=\"article\" \/>\n<meta property=\"og:title\" content=\"Zomer 2025 - Verblijf bij Mercure Hotel Tilburg Centrum - Mercure Hotel Tilburg Centrum\" \/>\n<meta property=\"og:description\" content=\"Zomer in Tilburg 2025 beleven? Verblijf bij Mercure Hotel Tilburg Centrum in het hart van de stad. Dicht bij evenementen, stadsstranden en zomerse sfeer. Boek nu!\" \/>\n<meta property=\"og:url\" content=\"https:\/\/mercure-tilburg.nl\/fr\/lete-a-tilburg-2025\/\" \/>\n<meta property=\"og:site_name\" content=\"Mercure Hotel Tilburg Centrum\" \/>\n<meta property=\"og:image\" content=\"https:\/\/mercure-tilburg.nl\/wp-content\/uploads\/2025\/05\/playfountain-hameln-11-08-2022-nr-59k.jpg\" \/>\n<meta name=\"twitter:card\" content=\"summary_large_image\" \/>\n<script type=\"application\/ld+json\" class=\"yoast-schema-graph\">{\"@context\":\"https:\/\/schema.org\",\"@graph\":[{\"@type\":\"WebSite\",\"@id\":\"https:\/\/mercure-tilburg.nl\/fr\/#website\",\"url\":\"https:\/\/mercure-tilburg.nl\/fr\/\",\"name\":\"Mercure Hotel Tilburg Centrum\",\"description\":\"Overnachten op de beste plek van Tilburg\",\"potentialAction\":[{\"@type\":\"SearchAction\",\"target\":\"https:\/\/mercure-tilburg.nl\/fr\/?s={search_term_string}\",\"query-input\":\"required name=search_term_string\"}],\"inLanguage\":\"fr-FR\"},{\"@type\":\"ImageObject\",\"@id\":\"https:\/\/mercure-tilburg.nl\/zomer-in-tilburg-2025\/#primaryimage\",\"inLanguage\":\"fr-FR\",\"url\":\"https:\/\/mercure-tilburg.nl\/wp-content\/uploads\/2025\/05\/playfountain-hameln-11-08-2022-nr-59k.jpg\",\"width\":960,\"height\":640,\"caption\":\"Zomer in Tilburg Mercure Hotel Tilburg Centrum\"},{\"@type\":\"WebPage\",\"@id\":\"https:\/\/mercure-tilburg.nl\/zomer-in-tilburg-2025\/#webpage\",\"url\":\"https:\/\/mercure-tilburg.nl\/zomer-in-tilburg-2025\/\",\"name\":\"Zomer 2025 - Verblijf bij Mercure Hotel Tilburg Centrum - Mercure Hotel Tilburg Centrum\",\"isPartOf\":{\"@id\":\"https:\/\/mercure-tilburg.nl\/fr\/#website\"},\"primaryImageOfPage\":{\"@id\":\"https:\/\/mercure-tilburg.nl\/zomer-in-tilburg-2025\/#primaryimage\"},\"datePublished\":\"2025-05-13T09:06:56+00:00\",\"dateModified\":\"2025-05-13T09:06:56+00:00\",\"inLanguage\":\"fr-FR\",\"potentialAction\":[{\"@type\":\"ReadAction\",\"target\":[\"https:\/\/mercure-tilburg.nl\/zomer-in-tilburg-2025\/\"]}]}]}<\/script>\n<!-- \/ Yoast SEO Premium plugin. -->","_links":{"self":[{"href":"https:\/\/mercure-tilburg.nl\/fr\/wp-json\/wp\/v2\/pages\/8973","targetHints":{"allow":["GET"]}}],"collection":[{"href":"https:\/\/mercure-tilburg.nl\/fr\/wp-json\/wp\/v2\/pages"}],"about":[{"href":"https:\/\/mercure-tilburg.nl\/fr\/wp-json\/wp\/v2\/types\/page"}],"author":[{"embeddable":true,"href":"https:\/\/mercure-tilburg.nl\/fr\/wp-json\/wp\/v2\/users\/2"}],"replies":[{"embeddable":true,"href":"https:\/\/mercure-tilburg.nl\/fr\/wp-json\/wp\/v2\/comments?post=8973"}],"version-history":[{"count":5,"href":"https:\/\/mercure-tilburg.nl\/fr\/wp-json\/wp\/v2\/pages\/8973\/revisions"}],"predecessor-version":[{"id":8979,"href":"https:\/\/mercure-tilburg.nl\/fr\/wp-json\/wp\/v2\/pages\/8973\/revisions\/8979"}],"wp:attachment":[{"href":"https:\/\/mercure-tilburg.nl\/fr\/wp-json\/wp\/v2\/media?parent=8973"}],"curies":[{"name":"wp","href":"https:\/\/api.w.org\/{rel}","templated":true}]}}