{"id":8804,"date":"2024-10-17T16:49:05","date_gmt":"2024-10-17T14:49:05","guid":{"rendered":"https:\/\/mercure-tilburg.nl\/?page_id=8804"},"modified":"2024-10-17T16:49:05","modified_gmt":"2024-10-17T14:49:05","slug":"beleef-een-muzikaal-weekend-bij-poppodium-013-en-verblijf-in-een-hotel-vlakbij","status":"publish","type":"page","link":"https:\/\/mercure-tilburg.nl\/fr\/vivez-un-week-end-musical-a-la-scene-pop-013-et-logez-dans-un-hotel-a-proximite\/","title":{"rendered":"Vivez un week-end musical \u00e0 la sc\u00e8ne pop 013 et logez dans un h\u00f4tel \u00e0 proximit\u00e9"},"content":{"rendered":"<div>\n<h1><strong>Vivez un week-end musical \u00e0 la sc\u00e8ne pop 013 et s\u00e9journez dans un h\u00f4tel \u00e0 proximit\u00e9 : Mercure Hotel Tilburg Centrum<\/strong><\/h1>\n<\/div>\n<div>\n<p style=\"font-weight: 400;\">Imaginez un week-end de musique et d'amusement \u00e0 <a href=\"https:\/\/www.013.nl\">sc\u00e8ne pop 013<\/a>Un h\u00f4tel confortable se trouve \u00e0 3 minutes de marche. A l'heure actuelle, l'h\u00f4tel est situ\u00e9 dans un quartier r\u00e9sidentiel. <a href=\"https:\/\/mercure-tilburg.nl\/fr\/\">Mercure Hotel Tilburg Centrum<\/a> nous offrons le point de d\u00e9part id\u00e9al pour votre visite de concert. D\u00e9couvrez \u00e0 quel point la musique peut \u00eatre proche de vous et planifiez d\u00e8s maintenant votre escapade musicale !<\/p>\n<p><img loading=\"lazy\" decoding=\"async\" class=\"alignnone wp-image-8813 size-full\" title=\"week-end-013-hotel-proche.jpg\" src=\"https:\/\/mercure-tilburg.nl\/wp-content\/uploads\/2024\/10\/5db2b382d1f74-e1729176436213.jpg\" alt=\"Week-end au stade pop 013 et s\u00e9jour \u00e0 l&#039;h\u00f4tel \u00e0 proximit\u00e9\" width=\"1250\" height=\"527\" srcset=\"https:\/\/mercure-tilburg.nl\/wp-content\/uploads\/2024\/10\/5db2b382d1f74-e1729176436213.jpg 1250w, https:\/\/mercure-tilburg.nl\/wp-content\/uploads\/2024\/10\/5db2b382d1f74-e1729176436213-300x126.jpg 300w, https:\/\/mercure-tilburg.nl\/wp-content\/uploads\/2024\/10\/5db2b382d1f74-e1729176436213-1030x434.jpg 1030w, https:\/\/mercure-tilburg.nl\/wp-content\/uploads\/2024\/10\/5db2b382d1f74-e1729176436213-768x324.jpg 768w, https:\/\/mercure-tilburg.nl\/wp-content\/uploads\/2024\/10\/5db2b382d1f74-e1729176436213-705x297.jpg 705w\" sizes=\"auto, (max-width: 1250px) 100vw, 1250px\" \/><\/p>\n<\/div>\n<div>\n<h2><strong>Vivez la magie de la salle pop 013<\/strong><\/h2>\n<\/div>\n<div>\n<p style=\"font-weight: 400;\">Le Poppodium 013 \u00e0 Tilburg est un haut lieu de la musique en direct, avec un \u00e9ventail de performances de stars internationales et de talents locaux. Avec une capacit\u00e9 de plus de 3 000 visiteurs et une excellente qualit\u00e9 sonore, le 013 offre une exp\u00e9rience musicale inoubliable. Que vous aimiez le rock, la pop, la musique \u00e9lectronique ou d'autres genres, le 013 vous offre une exp\u00e9rience \u00e9nergique et immersive.<\/p>\n<\/div>\n<div>\n<h2><strong>Passez la nuit \u00e0 seulement 3 minutes de marche de la sc\u00e8ne pop 013<\/strong><\/h2>\n<\/div>\n<div>\n<p style=\"font-weight: 400;\">Le Mercure Hotel Tilburg Centrum est situ\u00e9 \u00e0 seulement <a href=\"https:\/\/www.google.com\/maps\/dir\/Mercure+Hotel+Tilburg,+Heuvel+37,+5038+CP+Tilburg\/013+Poppodium,+Veemarktstraat+44,+5038+CV+Tilburg\/data=!4m8!4m7!1m2!1m1!1s0x47c6bfcb4bd302db:0x32921e094599b97c!1m2!1m1!1s0x47c6bfcc84a80ccf:0xfdca2f7706511855!3e2?sa=X&amp;ved=1t:3747&amp;ictx=111\">une petite promenade<\/a> de la sc\u00e8ne pop 013, ce qui vous permet de retourner facilement \u00e0 votre logement apr\u00e8s le concert. Apr\u00e8s une soir\u00e9e passionnante, d\u00e9tendez-vous dans nos chambres modernes et profitez des excellents \u00e9quipements. Nos lits confortables et notre atmosph\u00e8re accueillante constituent le cadre id\u00e9al pour se pr\u00e9parer \u00e0 une nouvelle journ\u00e9e d'aventure.<\/p>\n<p><img loading=\"lazy\" decoding=\"async\" class=\"wp-image-8814\" title=\"D\u00e9couvrez la musique de la sc\u00e8ne pop 013 et s\u00e9journez confortablement dans un h\u00f4tel \u00e0 distance de marche.\" src=\"https:\/\/mercure-tilburg.nl\/wp-content\/uploads\/2024\/10\/download-7-740x416-1.jpg\" alt=\"D\u00e9couvrez la musique de la sc\u00e8ne pop 013 et s\u00e9journez confortablement dans un h\u00f4tel \u00e0 distance de marche.\" width=\"446\" height=\"251\" srcset=\"https:\/\/mercure-tilburg.nl\/wp-content\/uploads\/2024\/10\/download-7-740x416-1.jpg 740w, https:\/\/mercure-tilburg.nl\/wp-content\/uploads\/2024\/10\/download-7-740x416-1-300x169.jpg 300w, https:\/\/mercure-tilburg.nl\/wp-content\/uploads\/2024\/10\/download-7-740x416-1-705x396.jpg 705w\" sizes=\"auto, (max-width: 446px) 100vw, 446px\" \/><\/p>\n<\/div>\n<div>\n<h2><strong>Planifiez votre aventure musicale<\/strong><\/h2>\n<\/div>\n<div>\n<p style=\"font-weight: 400;\">Au Mercure Hotel Tilburg Centrum, nous ferons en sorte que votre week-end de concert \u00e0 la salle de concert 013 soit complet. Notre \u00e9quipe d'experts est \u00e0 votre disposition pour vous donner des conseils d'initi\u00e9s sur les meilleurs endroits o\u00f9 aller. <a href=\"https:\/\/www.discovertilburg.nl\">restaurants et activit\u00e9s<\/a> \u00e0 Tilburg. Que vous soyez \u00e0 la recherche d'un bar confortable pour un after ou d'un endroit agr\u00e9able pour un brunch, nous avons les connaissances locales n\u00e9cessaires pour rendre votre s\u00e9jour inoubliable.<\/p>\n<\/div>\n<div>\n<h3><\/h3>\n<h3><strong>R\u00e9servez votre s\u00e9jour d\u00e8s aujourd'hui<\/strong><\/h3>\n<\/div>\n<div>\n<p style=\"font-weight: 400;\">Commencez votre aventure musicale en s\u00e9journant au Mercure Hotel Tilburg Centrum. D\u00e9couvrez comment un week-end \u00e0 Tilburg devient encore plus agr\u00e9able avec un h\u00f4tel de luxe \u00e0 seulement 5 minutes \u00e0 pied de la sc\u00e8ne pop 013. <a href=\"https:\/\/all.accor.com\/a\/nl.html\">Livre<\/a> votre s\u00e9jour d\u00e8s maintenant et vivez une sortie musicale inoubliable !<\/p>\n<\/div>","protected":false},"excerpt":{"rendered":"<p>Vivez un week-end musical \u00e0 la sc\u00e8ne pop 013 et s\u00e9journez dans un h\u00f4tel \u00e0 proximit\u00e9 : Mercure Hotel Tilburg Centrum Imaginez un week-end plein de musique et d'amusement \u00e0 la sc\u00e8ne pop 013, avec un h\u00f4tel confortable \u00e0 seulement 3 minutes de marche. Le Mercure Hotel Tilburg Centrum est le point de d\u00e9part id\u00e9al pour votre visite des concerts. D\u00e9couvrez la proximit\u00e9 du [...]<\/p>","protected":false},"author":2,"featured_media":0,"parent":0,"menu_order":0,"comment_status":"closed","ping_status":"closed","template":"","meta":{"footnotes":""},"class_list":["post-8804","page","type-page","status-publish","hentry"],"yoast_head":"<!-- This site is optimized with the Yoast SEO Premium plugin v14.9 - https:\/\/yoast.com\/wordpress\/plugins\/seo\/ -->\n<title>Beleef een muzikaal weekend bij poppodium 013 en verblijf in een hotel vlakbij - Mercure Hotel Tilburg Centrum<\/title>\n<meta name=\"robots\" content=\"index, follow, max-snippet:-1, max-image-preview:large, max-video-preview:-1\" \/>\n<link rel=\"canonical\" href=\"https:\/\/mercure-tilburg.nl\/fr\/vivez-un-week-end-musical-a-la-scene-pop-013-et-logez-dans-un-hotel-a-proximite\/\" \/>\n<meta property=\"og:locale\" content=\"fr_FR\" \/>\n<meta property=\"og:type\" content=\"article\" \/>\n<meta property=\"og:title\" content=\"Beleef een muzikaal weekend bij poppodium 013 en verblijf in een hotel vlakbij - Mercure Hotel Tilburg Centrum\" \/>\n<meta property=\"og:description\" content=\"Beleef een muzikaal weekend bij poppodium 013 en verblijf in een hotel vlakbij: Mercure Hotel Tilburg Centrum Stel je voor: een weekend vol muziek en plezier bij poppodium 013, met een comfortabel hotel op slechts 3 minuten lopen. Bij Mercure Hotel Tilburg Centrum bieden we de ideale uitvalsbasis voor jouw concertbezoek. Ontdek hoe dichtbij de [&hellip;]\" \/>\n<meta property=\"og:url\" content=\"https:\/\/mercure-tilburg.nl\/fr\/vivez-un-week-end-musical-a-la-scene-pop-013-et-logez-dans-un-hotel-a-proximite\/\" \/>\n<meta property=\"og:site_name\" content=\"Mercure Hotel Tilburg Centrum\" \/>\n<meta property=\"og:image\" content=\"https:\/\/mercure-tilburg.nl\/wp-content\/uploads\/2024\/10\/5db2b382d1f74-e1729176436213.jpg\" \/>\n<meta name=\"twitter:card\" content=\"summary_large_image\" \/>\n<script type=\"application\/ld+json\" class=\"yoast-schema-graph\">{\"@context\":\"https:\/\/schema.org\",\"@graph\":[{\"@type\":\"WebSite\",\"@id\":\"https:\/\/mercure-tilburg.nl\/fr\/#website\",\"url\":\"https:\/\/mercure-tilburg.nl\/fr\/\",\"name\":\"Mercure Hotel Tilburg Centrum\",\"description\":\"Overnachten op de beste plek van Tilburg\",\"potentialAction\":[{\"@type\":\"SearchAction\",\"target\":\"https:\/\/mercure-tilburg.nl\/fr\/?s={search_term_string}\",\"query-input\":\"required name=search_term_string\"}],\"inLanguage\":\"fr-FR\"},{\"@type\":\"ImageObject\",\"@id\":\"https:\/\/mercure-tilburg.nl\/en\/beleef-een-muzikaal-weekend-bij-poppodium-013-en-verblijf-in-een-hotel-vlakbij\/#primaryimage\",\"inLanguage\":\"fr-FR\",\"url\":\"https:\/\/mercure-tilburg.nl\/wp-content\/uploads\/2024\/10\/5db2b382d1f74-e1729176436213.jpg\",\"width\":1250,\"height\":527,\"caption\":\"Beleef de muziek van poppodium 013 en verblijf comfortabel in een hotel op loopafstand\"},{\"@type\":\"WebPage\",\"@id\":\"https:\/\/mercure-tilburg.nl\/en\/beleef-een-muzikaal-weekend-bij-poppodium-013-en-verblijf-in-een-hotel-vlakbij\/#webpage\",\"url\":\"https:\/\/mercure-tilburg.nl\/en\/beleef-een-muzikaal-weekend-bij-poppodium-013-en-verblijf-in-een-hotel-vlakbij\/\",\"name\":\"Beleef een muzikaal weekend bij poppodium 013 en verblijf in een hotel vlakbij - Mercure Hotel Tilburg Centrum\",\"isPartOf\":{\"@id\":\"https:\/\/mercure-tilburg.nl\/fr\/#website\"},\"primaryImageOfPage\":{\"@id\":\"https:\/\/mercure-tilburg.nl\/en\/beleef-een-muzikaal-weekend-bij-poppodium-013-en-verblijf-in-een-hotel-vlakbij\/#primaryimage\"},\"datePublished\":\"2024-10-17T14:49:05+00:00\",\"dateModified\":\"2024-10-17T14:49:05+00:00\",\"inLanguage\":\"fr-FR\",\"potentialAction\":[{\"@type\":\"ReadAction\",\"target\":[\"https:\/\/mercure-tilburg.nl\/en\/beleef-een-muzikaal-weekend-bij-poppodium-013-en-verblijf-in-een-hotel-vlakbij\/\"]}]}]}<\/script>\n<!-- \/ Yoast SEO Premium plugin. -->","_links":{"self":[{"href":"https:\/\/mercure-tilburg.nl\/fr\/wp-json\/wp\/v2\/pages\/8804","targetHints":{"allow":["GET"]}}],"collection":[{"href":"https:\/\/mercure-tilburg.nl\/fr\/wp-json\/wp\/v2\/pages"}],"about":[{"href":"https:\/\/mercure-tilburg.nl\/fr\/wp-json\/wp\/v2\/types\/page"}],"author":[{"embeddable":true,"href":"https:\/\/mercure-tilburg.nl\/fr\/wp-json\/wp\/v2\/users\/2"}],"replies":[{"embeddable":true,"href":"https:\/\/mercure-tilburg.nl\/fr\/wp-json\/wp\/v2\/comments?post=8804"}],"version-history":[{"count":1,"href":"https:\/\/mercure-tilburg.nl\/fr\/wp-json\/wp\/v2\/pages\/8804\/revisions"}],"predecessor-version":[{"id":8815,"href":"https:\/\/mercure-tilburg.nl\/fr\/wp-json\/wp\/v2\/pages\/8804\/revisions\/8815"}],"wp:attachment":[{"href":"https:\/\/mercure-tilburg.nl\/fr\/wp-json\/wp\/v2\/media?parent=8804"}],"curies":[{"name":"wp","href":"https:\/\/api.w.org\/{rel}","templated":true}]}}