{"id":8801,"date":"2024-10-17T16:25:01","date_gmt":"2024-10-17T14:25:01","guid":{"rendered":"https:\/\/mercure-tilburg.nl\/?page_id=8801"},"modified":"2024-10-17T16:25:42","modified_gmt":"2024-10-17T14:25:42","slug":"beleef-een-betoverend-weekend-in-de-efteling-en-verblijf-in-een-hotel-vlakbij","status":"publish","type":"page","link":"https:\/\/mercure-tilburg.nl\/fr\/vivez-un-week-end-enchanteur-a-efteling-et-sejournez-dans-un-hotel-a-proximite\/","title":{"rendered":"Vivez un week-end enchanteur \u00e0 Efteling et s\u00e9journez dans un h\u00f4tel \u00e0 proximit\u00e9."},"content":{"rendered":"<div>\n<h1 style=\"text-align: center;\">Vivez un week-end enchanteur \u00e0 Efteling et s\u00e9journez dans un h\u00f4tel \u00e0 proximit\u00e9 !<\/h1>\n<\/div>\n<div>\n<div>\n<p style=\"text-align: center;\">Imaginez que vous vous r\u00e9veillez dans un monde enchanteur, o\u00f9 les contes de f\u00e9es prennent vie et o\u00f9 les aventures ne demandent qu'\u00e0 \u00eatre v\u00e9cues. C'est exactement ce qui vous attend lors d'un week-end \u00e0 Efteling, et nous vous invitons \u00e0 vivre cette magie depuis notre h\u00f4tel confortable <a href=\"https:\/\/www.google.com\/maps\/dir\/Mercure+Hotel+Tilburg,+Heuvel+37,+5038+CP+Tilburg\/Efteling,+Europalaan+1,+5171+KW+Kaatsheuvel\/@51.6042484,4.9845707,12z\/data=!3m1!4b1!4m14!4m13!1m5!1m1!1s0x47c6bfcb4bd302db:0x32921e094599b97c!2m2!1d5.0906314!2d51.5570642!1m5!1m1!1s0x47c696a9aff44307:0x443bdab1ed5cb89a!2m2!1d5.0469573!2d51.6503222!3e0?entry=ttu&amp;g_ep=EgoyMDI0MTAxNC4wIKXMDSoASAFQAw%3D%3D\">pr\u00e8s de<\/a> le parc \u00e0 th\u00e8me.<\/p>\n<\/div>\n<p><img loading=\"lazy\" decoding=\"async\" class=\"wp-image-8809 size-full\" title=\"brut\" src=\"https:\/\/mercure-tilburg.nl\/wp-content\/uploads\/2024\/10\/raw-e1729174673106.jpg\" alt=\"Week-end \u00e0 De Efteling et s\u00e9jour \u00e0 l&#039;h\u00f4tel pr\u00e8s du parc d&#039;attractions\" width=\"993\" height=\"486\" srcset=\"https:\/\/mercure-tilburg.nl\/wp-content\/uploads\/2024\/10\/raw-e1729174673106.jpg 993w, https:\/\/mercure-tilburg.nl\/wp-content\/uploads\/2024\/10\/raw-e1729174673106-300x147.jpg 300w, https:\/\/mercure-tilburg.nl\/wp-content\/uploads\/2024\/10\/raw-e1729174673106-768x376.jpg 768w, https:\/\/mercure-tilburg.nl\/wp-content\/uploads\/2024\/10\/raw-e1729174673106-705x345.jpg 705w\" sizes=\"auto, (max-width: 993px) 100vw, 993px\" \/><\/p>\n<\/div>\n<div>\n<h2 style=\"text-align: center;\"><strong>Bienvenue \u00e0 De Efteling : une sortie magique pour toute la famille<\/strong><\/h2>\n<\/div>\n<div>\n<div>\n<p style=\"text-align: center;\">Efteling, situ\u00e9 dans le cadre enchanteur de Kaatsheuvel, n'est pas un parc \u00e0 th\u00e8me comme les autres. C'est un monde magique en soi, o\u00f9 l'imaginaire et la r\u00e9alit\u00e9 se confondent. Avec plus de 5 millions de visiteurs par an et une superficie de 72 hectares, De Efteling offre une exp\u00e9rience incomparable aux aventuriers de tous \u00e2ges. Des montagnes russes aux contes de f\u00e9es, tous les r\u00eaves deviennent r\u00e9alit\u00e9.<\/p>\n<p>&nbsp;<\/p>\n<p><img loading=\"lazy\" decoding=\"async\" class=\"wp-image-8808 alignleft\" title=\"Efteling Baron 1898 Joris et le dragon Photo Adri van Esch\" src=\"https:\/\/mercure-tilburg.nl\/wp-content\/uploads\/2024\/10\/Efteling-Baron-1898-Joris-en-de-Draak-Foto-Adri-van_Esch.jpg\" alt=\"Efteling Baron 1898 Joris et le dragon Photo Adri van Esch\" width=\"355\" height=\"254\" srcset=\"https:\/\/mercure-tilburg.nl\/wp-content\/uploads\/2024\/10\/Efteling-Baron-1898-Joris-en-de-Draak-Foto-Adri-van_Esch.jpg 1200w, https:\/\/mercure-tilburg.nl\/wp-content\/uploads\/2024\/10\/Efteling-Baron-1898-Joris-en-de-Draak-Foto-Adri-van_Esch-300x215.jpg 300w, https:\/\/mercure-tilburg.nl\/wp-content\/uploads\/2024\/10\/Efteling-Baron-1898-Joris-en-de-Draak-Foto-Adri-van_Esch-1030x736.jpg 1030w, https:\/\/mercure-tilburg.nl\/wp-content\/uploads\/2024\/10\/Efteling-Baron-1898-Joris-en-de-Draak-Foto-Adri-van_Esch-768x549.jpg 768w, https:\/\/mercure-tilburg.nl\/wp-content\/uploads\/2024\/10\/Efteling-Baron-1898-Joris-en-de-Draak-Foto-Adri-van_Esch-260x185.jpg 260w, https:\/\/mercure-tilburg.nl\/wp-content\/uploads\/2024\/10\/Efteling-Baron-1898-Joris-en-de-Draak-Foto-Adri-van_Esch-705x504.jpg 705w\" sizes=\"auto, (max-width: 355px) 100vw, 355px\" \/><\/p>\n<\/div>\n<\/div>\n<div>\n<h2><strong>Passer la nuit \u00e0 deux pas d'Efteling<\/strong><\/h2>\n<\/div>\n<div>\n<p>Que vous veniez pour une escapade romantique avec votre bien-aim\u00e9(e), pour des vacances agr\u00e9ables en famille ou pour un week-end aventureux entre amis, notre h\u00f4tel pr\u00e8s de De Efteling est le point de d\u00e9part id\u00e9al pour votre escapade magique. Apr\u00e8s une journ\u00e9e d'aventures \u00e0 De Efteling, rien de tel que de se poser dans une oasis de confort. C'est ce que vous propose notre h\u00f4tel, \u00e0 quelques minutes en voiture du parc. Imaginez des chambres douillettes, des lits chauds et une atmosph\u00e8re chaleureuse qui vous accueille \u00e0 bras ouverts. Ici, vous vous sentirez comme chez vous, entour\u00e9 de tout le confort dont vous avez besoin.<\/p>\n<p>&nbsp;<\/p>\n<p><img loading=\"lazy\" decoding=\"async\" class=\"wp-image-8806 alignright\" title=\"Week-end \u00e0 De Efteling et s\u00e9jour \u00e0 l&#039;h\u00f4tel pr\u00e8s du parc d&#039;attractions\" src=\"https:\/\/mercure-tilburg.nl\/wp-content\/uploads\/2024\/10\/Maak-van-je-gasten-ambassadeurs-net-als-de-sprookjesboom-van-de-Efteling-1500-header.jpg\" alt=\"Transformez vos invit\u00e9s en ambassadeurs, comme l&#039;arbre de conte de f\u00e9es 1500 d&#039;Efteling.\" width=\"446\" height=\"301\" srcset=\"https:\/\/mercure-tilburg.nl\/wp-content\/uploads\/2024\/10\/Maak-van-je-gasten-ambassadeurs-net-als-de-sprookjesboom-van-de-Efteling-1500-header.jpg 1500w, https:\/\/mercure-tilburg.nl\/wp-content\/uploads\/2024\/10\/Maak-van-je-gasten-ambassadeurs-net-als-de-sprookjesboom-van-de-Efteling-1500-header-300x202.jpg 300w, https:\/\/mercure-tilburg.nl\/wp-content\/uploads\/2024\/10\/Maak-van-je-gasten-ambassadeurs-net-als-de-sprookjesboom-van-de-Efteling-1500-header-1030x695.jpg 1030w, https:\/\/mercure-tilburg.nl\/wp-content\/uploads\/2024\/10\/Maak-van-je-gasten-ambassadeurs-net-als-de-sprookjesboom-van-de-Efteling-1500-header-768x518.jpg 768w, https:\/\/mercure-tilburg.nl\/wp-content\/uploads\/2024\/10\/Maak-van-je-gasten-ambassadeurs-net-als-de-sprookjesboom-van-de-Efteling-1500-header-705x476.jpg 705w\" sizes=\"auto, (max-width: 446px) 100vw, 446px\" \/><\/p>\n<\/div>\n<div>\n<h2><strong>Cr\u00e9ez votre propre aventure enchanteresse<\/strong><\/h2>\n<\/div>\n<div>\n<div>\n<p>Dans notre h\u00f4tel confortable, au c\u0153ur du centre-ville anim\u00e9 de Tilburg, nos guides locaux (c'est-\u00e0-dire notre personnel) sont pr\u00eats \u00e0 vous donner les meilleurs conseils. Avec nous, tout est question d'exp\u00e9rience. Laissez notre \u00e9quipe exp\u00e9riment\u00e9e vous aider \u00e0 planifier votre meilleur week-end, avec des conseils d'initi\u00e9s sur les meilleurs restaurants et les joyaux cach\u00e9s du quartier.<\/p>\n<\/div>\n<div>\n<p>Entrez dans un monde plein de magie, d'aventure et de moments inoubliables. Entrez dans notre h\u00f4tel pr\u00e8s de De Efteling, o\u00f9 commence votre week-end enchanteur.<\/p>\n<p>&nbsp;<\/p>\n<\/div>\n<\/div>\n<div>\n<h3 style=\"text-align: center;\"><strong>Plus d'informations et d'attractions dans la r\u00e9gion<\/strong><\/h3>\n<\/div>\n<div>\n<p style=\"text-align: center;\">Vous voulez savoir \u00e0 l'avance quelles sont les attractions disponibles ? Jetez un coup d'\u0153il \u00e0 la page <a href=\"https:\/\/www.efteling.com\/nl\/park\" target=\"_new\" rel=\"noopener\">Page des attractions d'Efteling<\/a> pour un aper\u00e7u de tout ce que le parc a \u00e0 offrir.<\/p>\n<p style=\"text-align: center;\">En outre, vous cherchez d'autres excursions amusantes pr\u00e8s de Tilburg ? Vous pouvez <a href=\"https:\/\/mercure-tilburg.nl\/fr\/les-13-de-tilburg\/\" target=\"_new\" rel=\"noopener\">D\u00e9couvrez d'autres attractions dans la r\u00e9gion ici<\/a>.<\/p>\n<\/div>","protected":false},"excerpt":{"rendered":"<p>Vivez un week-end enchanteur \u00e0 Efteling et s\u00e9journez dans un h\u00f4tel \u00e0 proximit\u00e9 ! Imaginez que vous vous r\u00e9veillez dans un monde enchanteur, o\u00f9 les contes de f\u00e9es prennent vie et o\u00f9 les aventures ne demandent qu'\u00e0 \u00eatre v\u00e9cues. C'est exactement ce qui vous attend lors d'un week-end \u00e0 Efteling, et nous vous invitons [...]<\/p>","protected":false},"author":2,"featured_media":0,"parent":0,"menu_order":0,"comment_status":"closed","ping_status":"closed","template":"","meta":{"footnotes":""},"class_list":["post-8801","page","type-page","status-publish","hentry"],"yoast_head":"<!-- This site is optimized with the Yoast SEO Premium plugin v14.9 - https:\/\/yoast.com\/wordpress\/plugins\/seo\/ -->\n<title>Beleef een betoverend weekend in De Efteling en verblijf in een hotel vlakbij - Mercure Hotel Tilburg Centrum<\/title>\n<meta name=\"robots\" content=\"index, follow, max-snippet:-1, max-image-preview:large, max-video-preview:-1\" \/>\n<link rel=\"canonical\" href=\"https:\/\/mercure-tilburg.nl\/fr\/vivez-un-week-end-enchanteur-a-efteling-et-sejournez-dans-un-hotel-a-proximite\/\" \/>\n<meta property=\"og:locale\" content=\"fr_FR\" \/>\n<meta property=\"og:type\" content=\"article\" \/>\n<meta property=\"og:title\" content=\"Beleef een betoverend weekend in De Efteling en verblijf in een hotel vlakbij - Mercure Hotel Tilburg Centrum\" \/>\n<meta property=\"og:description\" content=\"Beleef een betoverend weekend in De Efteling en verblijf in een hotel vlakbij! Stel je voor: je wordt wakker in een wereld vol betovering, waar sprookjes tot leven komen en avonturen wachten om beleefd te worden. Dat is precies wat je te wachten staat tijdens een weekend in De Efteling, en wij nodigen je uit [&hellip;]\" \/>\n<meta property=\"og:url\" content=\"https:\/\/mercure-tilburg.nl\/fr\/vivez-un-week-end-enchanteur-a-efteling-et-sejournez-dans-un-hotel-a-proximite\/\" \/>\n<meta property=\"og:site_name\" content=\"Mercure Hotel Tilburg Centrum\" \/>\n<meta property=\"article:modified_time\" content=\"2024-10-17T14:25:42+00:00\" \/>\n<meta property=\"og:image\" content=\"https:\/\/mercure-tilburg.nl\/wp-content\/uploads\/2024\/10\/raw-e1729174673106.jpg\" \/>\n<meta name=\"twitter:card\" content=\"summary_large_image\" \/>\n<script type=\"application\/ld+json\" class=\"yoast-schema-graph\">{\"@context\":\"https:\/\/schema.org\",\"@graph\":[{\"@type\":\"WebSite\",\"@id\":\"https:\/\/mercure-tilburg.nl\/fr\/#website\",\"url\":\"https:\/\/mercure-tilburg.nl\/fr\/\",\"name\":\"Mercure Hotel Tilburg Centrum\",\"description\":\"Overnachten op de beste plek van Tilburg\",\"potentialAction\":[{\"@type\":\"SearchAction\",\"target\":\"https:\/\/mercure-tilburg.nl\/fr\/?s={search_term_string}\",\"query-input\":\"required name=search_term_string\"}],\"inLanguage\":\"fr-FR\"},{\"@type\":\"ImageObject\",\"@id\":\"https:\/\/mercure-tilburg.nl\/beleef-een-betoverend-weekend-in-de-efteling-en-verblijf-in-een-hotel-vlakbij\/#primaryimage\",\"inLanguage\":\"fr-FR\",\"url\":\"https:\/\/mercure-tilburg.nl\/wp-content\/uploads\/2024\/10\/raw-e1729174673106.jpg\",\"width\":993,\"height\":486,\"caption\":\"raw\"},{\"@type\":\"WebPage\",\"@id\":\"https:\/\/mercure-tilburg.nl\/beleef-een-betoverend-weekend-in-de-efteling-en-verblijf-in-een-hotel-vlakbij\/#webpage\",\"url\":\"https:\/\/mercure-tilburg.nl\/beleef-een-betoverend-weekend-in-de-efteling-en-verblijf-in-een-hotel-vlakbij\/\",\"name\":\"Beleef een betoverend weekend in De Efteling en verblijf in een hotel vlakbij - Mercure Hotel Tilburg Centrum\",\"isPartOf\":{\"@id\":\"https:\/\/mercure-tilburg.nl\/fr\/#website\"},\"primaryImageOfPage\":{\"@id\":\"https:\/\/mercure-tilburg.nl\/beleef-een-betoverend-weekend-in-de-efteling-en-verblijf-in-een-hotel-vlakbij\/#primaryimage\"},\"datePublished\":\"2024-10-17T14:25:01+00:00\",\"dateModified\":\"2024-10-17T14:25:42+00:00\",\"inLanguage\":\"fr-FR\",\"potentialAction\":[{\"@type\":\"ReadAction\",\"target\":[\"https:\/\/mercure-tilburg.nl\/beleef-een-betoverend-weekend-in-de-efteling-en-verblijf-in-een-hotel-vlakbij\/\"]}]}]}<\/script>\n<!-- \/ Yoast SEO Premium plugin. -->","_links":{"self":[{"href":"https:\/\/mercure-tilburg.nl\/fr\/wp-json\/wp\/v2\/pages\/8801","targetHints":{"allow":["GET"]}}],"collection":[{"href":"https:\/\/mercure-tilburg.nl\/fr\/wp-json\/wp\/v2\/pages"}],"about":[{"href":"https:\/\/mercure-tilburg.nl\/fr\/wp-json\/wp\/v2\/types\/page"}],"author":[{"embeddable":true,"href":"https:\/\/mercure-tilburg.nl\/fr\/wp-json\/wp\/v2\/users\/2"}],"replies":[{"embeddable":true,"href":"https:\/\/mercure-tilburg.nl\/fr\/wp-json\/wp\/v2\/comments?post=8801"}],"version-history":[{"count":3,"href":"https:\/\/mercure-tilburg.nl\/fr\/wp-json\/wp\/v2\/pages\/8801\/revisions"}],"predecessor-version":[{"id":8812,"href":"https:\/\/mercure-tilburg.nl\/fr\/wp-json\/wp\/v2\/pages\/8801\/revisions\/8812"}],"wp:attachment":[{"href":"https:\/\/mercure-tilburg.nl\/fr\/wp-json\/wp\/v2\/media?parent=8801"}],"curies":[{"name":"wp","href":"https:\/\/api.w.org\/{rel}","templated":true}]}}