{"id":8777,"date":"2024-08-06T11:33:26","date_gmt":"2024-08-06T09:33:26","guid":{"rendered":"https:\/\/mercure-tilburg.nl\/?page_id=8777"},"modified":"2024-08-06T11:33:26","modified_gmt":"2024-08-06T09:33:26","slug":"opening-playfountain-op-het-pieter-vreedeplein-het-tilburgs-waterfestijn","status":"publish","type":"page","link":"https:\/\/mercure-tilburg.nl\/fr\/ouverture-de-la-fontaine-de-jeux-sur-la-place-pieter-vreedeplein-le-festival-de-leau-de-tilburg\/","title":{"rendered":"Ouverture de PlayFountain sur la place Pieter Vreedeplein : le festival de l'eau de Tilburg !"},"content":{"rendered":"<div>\n<h1><strong>Vivez l'ouverture de la fontaine ludique sur la place Pieter Vreedeplein : le festival de l'eau de Tilburg !<\/strong><\/h1>\n<\/div>\n<div>\n<p>L'\u00e9t\u00e9 bat son plein \u00e0 Tilburg et la place Pieter Vreedeplein sera le th\u00e9\u00e2tre d'\u00e9claboussures et de plaisirs aquatiques rafra\u00eechissants au mois d'ao\u00fbt ! Les 9 et 10 ao\u00fbt, la toute nouvelle PlayFountain sera inaugur\u00e9e de mani\u00e8re festive avec Het Tilburgs Waterfestijn. Pr\u00e9parez-vous \u00e0 un \u00e9v\u00e9nement inoubliable qui surprendra petits et grands avec des aventures aquatiques et des activit\u00e9s amusantes !<\/p>\n<\/div>\n<div>\n<h2><strong>Jouer et se rafra\u00eechir dans la fontaine de jeux<\/strong><\/h2>\n<\/div>\n<div>\n<p>Du 3 ao\u00fbt au 2 septembre, la PlayFountain offre une exp\u00e9rience aquatique unique sur la place Pieter Vreedeplein, tous les jours de 10 heures \u00e0 22 heures. Avec une surface de 100 m\u00b2 et 1024 jets d'eau, combin\u00e9s \u00e0 des jeux d'eau interactifs, des \u00e9clairages et de la musique, cette fontaine offre un divertissement sans fin aux visiteurs de tous \u00e2ges. Outre les plaisirs de l'eau, vous pouvez profiter des parcs pop-up, o\u00f9 vous pouvez vous d\u00e9tendre, d\u00e9jeuner, travailler ou participer \u00e0 des ateliers gratuits. Pour les plus petits, il y a une aire de pique-nique et divers jeux de craie autour de la PlayFountain.<\/p>\n<\/div>\n<div>\n<h2><strong>Festival de l'eau de Tilburg les 9 et 10 ao\u00fbt<\/strong><\/h2>\n<\/div>\n<div>\n<p>Le 9 ao\u00fbt \u00e0 midi, une c\u00e9r\u00e9monie festive marquera l'ouverture officielle de la fontaine ludique, en pr\u00e9sence de la municipalit\u00e9 de Tilburg, de l'Ondernemersfonds Binnenstad Tilburg (OF, qui fait partie de BMT) et de Wereldhave. Apr\u00e8s le discours d'ouverture, les premiers jets d'eau seront activ\u00e9s et Het Tilburgs Waterfestijn commencera ! Les 9 et 10 ao\u00fbt, les visiteurs pourront participer \u00e0 deux spectaculaires batailles d'eau entre 12h00 et 17h00 : la \"bataille de blocs\" et la \"course \u00e0 la cruche\".<\/p>\n<\/div>\n<div>\n<h2><strong>Participez aux batailles d'eau et gagnez des prix !<\/strong><\/h2>\n<\/div>\n<div>\n<p>Lors de la \"bataille de blocs\", les paires s'affrontent pour construire la plus haute tour avec des blocs de mousse XL tout en essayant d'emp\u00eacher leur gilet de se remplir d'eau. Dans la \"course aux pichets\", les paires doivent transporter le plus d'eau possible de l'autre c\u00f4t\u00e9 d'un toboggan gonflable. Utilisez les pichets de couleur et affrontez la piste glissante pour gagner. Les \u00e9quipes gagnantes sont r\u00e9compens\u00e9es par des prix amusants et un animateur \u00e9nergique assure le divertissement et les encouragements n\u00e9cessaires.<\/p>\n<\/div>\n<div>\n<h3><strong>Plus d'informations et agenda<\/strong><\/h3>\n<\/div>\n<div>\n<p>Pour plus d'informations sur le festival de l'eau de Tilburg et le programme complet, consultez le calendrier \u00e0 l'adresse suivante<span class=\"apple-converted-space\">\u00a0<\/span><a href=\"https:\/\/www.centeroftilburg.com\/nl\/agenda\/174555117\/het-tilburgs-waterfestijn\" target=\"_new\" rel=\"noopener\">Centre de Tilburg<\/a>.<\/p>\n<\/div>\n<div>\n<p>Ne manquez pas la chance de participer \u00e0 cette ouverture \u00e9tincelante et de d\u00e9couvrir les plaisirs de la PlayFountain pendant Het Tilburgs Waterfestijn !<\/p>\n<\/div>","protected":false},"excerpt":{"rendered":"<p>D\u00e9couvrez l'ouverture de la fontaine de jeux sur la place Pieter Vreedeplein : le festival de l'eau de Tilburg ! L'\u00e9t\u00e9 bat son plein \u00e0 Tilburg et la place Pieter Vreedeplein est le th\u00e9\u00e2tre d'\u00e9claboussures et de plaisirs aquatiques rafra\u00eechissants en ce mois d'ao\u00fbt ! Les 9 et 10 ao\u00fbt, la toute nouvelle PlayFountain sera inaugur\u00e9e de mani\u00e8re festive avec Het Tilburgs Waterfestijn. Pr\u00e9parez-vous \u00e0 [...]<\/p>","protected":false},"author":2,"featured_media":0,"parent":0,"menu_order":0,"comment_status":"closed","ping_status":"closed","template":"","meta":{"footnotes":""},"class_list":["post-8777","page","type-page","status-publish","hentry"],"yoast_head":"<!-- This site is optimized with the Yoast SEO Premium plugin v14.9 - https:\/\/yoast.com\/wordpress\/plugins\/seo\/ -->\n<title>Opening PlayFountain op het Pieter Vreedeplein: Het Tilburgs Waterfestijn! - Mercure Hotel Tilburg Centrum<\/title>\n<meta name=\"robots\" content=\"index, follow, max-snippet:-1, max-image-preview:large, max-video-preview:-1\" \/>\n<link rel=\"canonical\" href=\"https:\/\/mercure-tilburg.nl\/fr\/ouverture-de-la-fontaine-de-jeux-sur-la-place-pieter-vreedeplein-le-festival-de-leau-de-tilburg\/\" \/>\n<meta property=\"og:locale\" content=\"fr_FR\" \/>\n<meta property=\"og:type\" content=\"article\" \/>\n<meta property=\"og:title\" content=\"Opening PlayFountain op het Pieter Vreedeplein: Het Tilburgs Waterfestijn! - Mercure Hotel Tilburg Centrum\" \/>\n<meta property=\"og:description\" content=\"Ervaar de spetterende opening van de PlayFountain op het Pieter Vreedeplein: Het Tilburgs Waterfestijn! De zomer in Tilburg is in volle gang en het Pieter Vreedeplein staat deze augustus in het teken van spetterend plezier en verfrissende waterpret! Op 9 en 10 augustus wordt de gloednieuwe PlayFountain feestelijk geopend met Het Tilburgs Waterfestijn. Bereid je [&hellip;]\" \/>\n<meta property=\"og:url\" content=\"https:\/\/mercure-tilburg.nl\/fr\/ouverture-de-la-fontaine-de-jeux-sur-la-place-pieter-vreedeplein-le-festival-de-leau-de-tilburg\/\" \/>\n<meta property=\"og:site_name\" content=\"Mercure Hotel Tilburg Centrum\" \/>\n<meta name=\"twitter:card\" content=\"summary_large_image\" \/>\n<script type=\"application\/ld+json\" class=\"yoast-schema-graph\">{\"@context\":\"https:\/\/schema.org\",\"@graph\":[{\"@type\":\"WebSite\",\"@id\":\"https:\/\/mercure-tilburg.nl\/fr\/#website\",\"url\":\"https:\/\/mercure-tilburg.nl\/fr\/\",\"name\":\"Mercure Hotel Tilburg Centrum\",\"description\":\"Overnachten op de beste plek van Tilburg\",\"potentialAction\":[{\"@type\":\"SearchAction\",\"target\":\"https:\/\/mercure-tilburg.nl\/fr\/?s={search_term_string}\",\"query-input\":\"required name=search_term_string\"}],\"inLanguage\":\"fr-FR\"},{\"@type\":\"WebPage\",\"@id\":\"https:\/\/mercure-tilburg.nl\/en\/opening-playfountain-op-het-pieter-vreedeplein-het-tilburgs-waterfestijn\/#webpage\",\"url\":\"https:\/\/mercure-tilburg.nl\/en\/opening-playfountain-op-het-pieter-vreedeplein-het-tilburgs-waterfestijn\/\",\"name\":\"Opening PlayFountain op het Pieter Vreedeplein: Het Tilburgs Waterfestijn! - Mercure Hotel Tilburg Centrum\",\"isPartOf\":{\"@id\":\"https:\/\/mercure-tilburg.nl\/fr\/#website\"},\"datePublished\":\"2024-08-06T09:33:26+00:00\",\"dateModified\":\"2024-08-06T09:33:26+00:00\",\"inLanguage\":\"fr-FR\",\"potentialAction\":[{\"@type\":\"ReadAction\",\"target\":[\"https:\/\/mercure-tilburg.nl\/en\/opening-playfountain-op-het-pieter-vreedeplein-het-tilburgs-waterfestijn\/\"]}]}]}<\/script>\n<!-- \/ Yoast SEO Premium plugin. -->","_links":{"self":[{"href":"https:\/\/mercure-tilburg.nl\/fr\/wp-json\/wp\/v2\/pages\/8777","targetHints":{"allow":["GET"]}}],"collection":[{"href":"https:\/\/mercure-tilburg.nl\/fr\/wp-json\/wp\/v2\/pages"}],"about":[{"href":"https:\/\/mercure-tilburg.nl\/fr\/wp-json\/wp\/v2\/types\/page"}],"author":[{"embeddable":true,"href":"https:\/\/mercure-tilburg.nl\/fr\/wp-json\/wp\/v2\/users\/2"}],"replies":[{"embeddable":true,"href":"https:\/\/mercure-tilburg.nl\/fr\/wp-json\/wp\/v2\/comments?post=8777"}],"version-history":[{"count":1,"href":"https:\/\/mercure-tilburg.nl\/fr\/wp-json\/wp\/v2\/pages\/8777\/revisions"}],"predecessor-version":[{"id":8778,"href":"https:\/\/mercure-tilburg.nl\/fr\/wp-json\/wp\/v2\/pages\/8777\/revisions\/8778"}],"wp:attachment":[{"href":"https:\/\/mercure-tilburg.nl\/fr\/wp-json\/wp\/v2\/media?parent=8777"}],"curies":[{"name":"wp","href":"https:\/\/api.w.org\/{rel}","templated":true}]}}