{"id":8650,"date":"2024-01-24T16:00:14","date_gmt":"2024-01-24T15:00:14","guid":{"rendered":"https:\/\/mercure-tilburg.nl\/?page_id=8650"},"modified":"2024-06-18T10:33:45","modified_gmt":"2024-06-18T08:33:45","slug":"mvo","status":"publish","type":"page","link":"https:\/\/mercure-tilburg.nl\/fr\/mvo\/","title":{"rendered":"Responsabilit\u00e9 sociale des entreprises"},"content":{"rendered":"<div id='full_slider_1'  class='avia-fullwidth-slider main_color avia-shadow   avia-builder-el-0  el_before_av_one_full  avia-builder-el-first   container_wrap sidebar_right'  ><div  class='avia-slideshow av-jsn100xd-30b7dd945323522f8752fd901e4752ca avia-slideshow-featured av_slideshow_full avia-slide-slider av-slideshow-ui av-control-default av-slideshow-manual av-loop-once av-loop-manual-endless av-default-height-applied   avia-slideshow-1' data-slideshow-options=\"{&quot;animation&quot;:&quot;slide&quot;,&quot;autoplay&quot;:false,&quot;loop_autoplay&quot;:&quot;once&quot;,&quot;interval&quot;:5,&quot;loop_manual&quot;:&quot;manual-endless&quot;,&quot;autoplay_stopper&quot;:false,&quot;noNavigation&quot;:false,&quot;bg_slider&quot;:false,&quot;keep_padding&quot;:false,&quot;hoverpause&quot;:false,&quot;show_slide_delay&quot;:0}\"  itemprop=\"image\" itemscope=\"itemscope\" itemtype=\"https:\/\/schema.org\/ImageObject\" ><ul class='avia-slideshow-inner' style='padding-bottom: 28.666666666667%;'><li  class='avia-slideshow-slide av-jsn100xd-30b7dd945323522f8752fd901e4752ca__0  av-single-slide slide-1 slide-odd'><div data-rel='slideshow-1' class='avia-slide-wrap'  title='m66' ><img decoding=\"async\" fetchpriority=\"high\" class=\"wp-image-2294 avia-img-lazy-loading-not-2294\"  src=\"https:\/\/mercure-tilburg.nl\/wp-content\/uploads\/2020\/02\/m66.jpg\" width=\"1500\" height=\"430\" title='m66' alt='m66'  itemprop=\"thumbnailUrl\"  style='min-height:250px; min-width:873px; ' srcset=\"https:\/\/mercure-tilburg.nl\/wp-content\/uploads\/2020\/02\/m66.jpg 1500w, https:\/\/mercure-tilburg.nl\/wp-content\/uploads\/2020\/02\/m66-300x86.jpg 300w, https:\/\/mercure-tilburg.nl\/wp-content\/uploads\/2020\/02\/m66-1030x295.jpg 1030w, https:\/\/mercure-tilburg.nl\/wp-content\/uploads\/2020\/02\/m66-768x220.jpg 768w, https:\/\/mercure-tilburg.nl\/wp-content\/uploads\/2020\/02\/m66-705x202.jpg 705w, https:\/\/mercure-tilburg.nl\/wp-content\/uploads\/2020\/02\/m66-450x129.jpg 450w\" sizes=\"(max-width: 1500px) 100vw, 1500px\" \/><\/div><\/li><\/ul><\/div><\/div><div id='after_full_slider_1'  class='main_color av_default_container_wrap container_wrap sidebar_right'  ><div class='container av-section-cont-open' ><div class='template-page content  av-content-small alpha units'><div class='post-entry post-entry-type-page post-entry-8650'><div class='entry-content-wrapper clearfix'>\n\n<style type=\"text\/css\" data-created_by=\"avia_inline_auto\" id=\"style-css-av-jsn1iumm-47f48705dce19edb114ca158b7ecf75e\">\n#top .flex_column.av-jsn1iumm-47f48705dce19edb114ca158b7ecf75e{\nmargin-top:-150px;\nmargin-bottom:0px;\n}\n.flex_column.av-jsn1iumm-47f48705dce19edb114ca158b7ecf75e{\nborder-radius:0px 0px 0px 0px;\npadding:50px 100px 50px 100px;\nbackground-color:#f7f7f4;\n}\n.responsive #top #wrap_all .flex_column.av-jsn1iumm-47f48705dce19edb114ca158b7ecf75e{\nmargin-top:-150px;\nmargin-bottom:0px;\n}\n<\/style>\n<div  class='flex_column av-jsn1iumm-47f48705dce19edb114ca158b7ecf75e av_one_full  avia-builder-el-1  el_after_av_slideshow_full  avia-builder-el-no-sibling  mobilejumbo first flex_column_div'     ><p>\n<style type=\"text\/css\" data-created_by=\"avia_inline_auto\" id=\"style-css-av-ac7bn-befec05c46f2b88fa3288eabe84b0f3e\">\n#top .av-special-heading.av-ac7bn-befec05c46f2b88fa3288eabe84b0f3e{\npadding-bottom:10px;\ncolor:#1a1e29;\n}\nbody .av-special-heading.av-ac7bn-befec05c46f2b88fa3288eabe84b0f3e .av-special-heading-tag .heading-char{\nfont-size:25px;\n}\n.av-special-heading.av-ac7bn-befec05c46f2b88fa3288eabe84b0f3e .special-heading-inner-border{\nborder-color:#1a1e29;\n}\n.av-special-heading.av-ac7bn-befec05c46f2b88fa3288eabe84b0f3e .av-subheading{\nfont-size:18px;\n}\n<\/style>\n<div  class='av-special-heading av-ac7bn-befec05c46f2b88fa3288eabe84b0f3e av-special-heading-h1 custom-color-heading blockquote modern-quote modern-centered  avia-builder-el-2  el_before_av_hr  avia-builder-el-first  av-linked-heading'><h1 class='av-special-heading-tag'  itemprop=\"headline\"  >Responsabilit\u00e9 sociale des entreprises<\/h1><div class='av_custom_color av-subheading av-subheading_below'><p>D\u00e9claration pour Mercure Hotel Tilburg Centrum et ibis hotel Tilburg<\/p>\n<\/div><div class=\"special-heading-border\"><div class=\"special-heading-inner-border\"><\/div><\/div><\/div><br \/>\n\n<style type=\"text\/css\" data-created_by=\"avia_inline_auto\" id=\"style-css-av-jsn2elt0-98da4bc302aeac1a0ea2ebb96eaac3b6\">\n#top .hr.av-jsn2elt0-98da4bc302aeac1a0ea2ebb96eaac3b6{\nmargin-top:10px;\nmargin-bottom:10px;\n}\n.hr.av-jsn2elt0-98da4bc302aeac1a0ea2ebb96eaac3b6 .hr-inner{\nwidth:100%;\nborder-color:#e0e0e0;\n}\n<\/style>\n<div  class='hr av-jsn2elt0-98da4bc302aeac1a0ea2ebb96eaac3b6 hr-custom  avia-builder-el-3  el_after_av_heading  el_before_av_textblock  hr-center hr-icon-no'><span class='hr-inner inner-border-av-border-thin'><span class=\"hr-inner-style\"><\/span><\/span><\/div><br \/>\n\n<style type=\"text\/css\" data-created_by=\"avia_inline_auto\" id=\"style-css-av-jsacmwl4-b75e34c2e06cc92ed9dab13dead0d2fb\">\n#top .av_textblock_section.av-jsacmwl4-b75e34c2e06cc92ed9dab13dead0d2fb .avia_textblock{\nfont-size:16px;\n}\n<\/style>\n<section  class='av_textblock_section av-jsacmwl4-b75e34c2e06cc92ed9dab13dead0d2fb'   itemscope=\"itemscope\" itemtype=\"https:\/\/schema.org\/CreativeWork\" ><div class='avia_textblock'  itemprop=\"text\" ><p style=\"font-weight: 400; text-align: center;\">Nous sommes fiers de partager la d\u00e9claration de RSE du Mercure Hotel Tilburg Centrum et de l'ibis Hotel Tilburg. Nos h\u00f4tels s'engagent depuis de nombreuses ann\u00e9es en faveur du d\u00e9veloppement durable et de la responsabilit\u00e9 sociale des entreprises. Gr\u00e2ce \u00e0 des initiatives cibl\u00e9es, nous nous effor\u00e7ons de faire de la durabilit\u00e9 une partie int\u00e9grante de nos activit\u00e9s.<\/p>\n<p style=\"font-weight: 400; text-align: center;\">Ces initiatives comprennent la conservation de l'eau, le tri des d\u00e9chets et l'utilisation de ressources respectueuses de l'environnement. En outre, nous nous effor\u00e7ons d'utiliser des produits biologiques et des produits portant des labels \u00e9cologiques reconnus chaque fois que cela est possible.<\/p>\n<p style=\"font-weight: 400; text-align: center;\">Au cours du processus de pr\u00e9servation, nous veillons \u00e0 ce que le confort et le service offerts \u00e0 nos pr\u00e9cieux h\u00f4tes restent toujours au niveau \u00e9lev\u00e9 que nous connaissons.<\/p>\n<p style=\"font-weight: 400; text-align: center;\">Au Mercure Hotel Tilburg Centrum et \u00e0 l'ibis hotel Tilburg, les personnes sont au c\u0153ur de tout ce que nous faisons. Le succ\u00e8s de nos h\u00f4tels est en partie d\u00e9termin\u00e9 par notre personnel d\u00e9vou\u00e9 qui offre le meilleur service et le meilleur accueil \u00e0 nos clients.<\/p>\n<p style=\"font-weight: 400; text-align: center;\">Nous sommes convaincus et conscients que le d\u00e9veloppement durable apporte une valeur ajout\u00e9e \u00e0 toutes nos parties prenantes, y compris nos clients, nos partenaires et nos employ\u00e9s. C'est pourquoi nous travaillons avec divers fournisseurs et organisations qui s'engagent \u00e0 respecter des pratiques et des principes durables, et nous investissons activement dans les entreprises locales. Nos initiatives environnementales constituent une part importante de notre plan d'action en mati\u00e8re de RSE, dans le cadre duquel nous nous effor\u00e7ons de nous approvisionner en mat\u00e9riaux durables, d'am\u00e9liorer le tri des d\u00e9chets, de r\u00e9duire notre empreinte carbone et de limiter notre consommation d'\u00e9nergie et d'eau.<\/p>\n<p style=\"font-weight: 400; text-align: center;\">Nous avons le plaisir de vous inviter \u00e0 nous rejoindre dans notre voyage durable vers un avenir o\u00f9 nous contribuons plus que nous ne prenons.<\/p>\n<\/div><\/section><\/p><\/div>","protected":false},"excerpt":{"rendered":"","protected":false},"author":2,"featured_media":0,"parent":0,"menu_order":0,"comment_status":"closed","ping_status":"closed","template":"","meta":{"footnotes":""},"class_list":["post-8650","page","type-page","status-publish","hentry"],"yoast_head":"<!-- This site is optimized with the Yoast SEO Premium plugin v14.9 - https:\/\/yoast.com\/wordpress\/plugins\/seo\/ -->\n<title>MVO | Mercure Hotel Tilburg Centrum<\/title>\n<meta name=\"description\" content=\"Maatschappelijk Verantwoord Ondernemen verklaring Mercure hotel Tilburg Centrum en ibis hotel Tilburg Neem een kijkje op de website.\" \/>\n<meta name=\"robots\" content=\"index, follow, max-snippet:-1, max-image-preview:large, max-video-preview:-1\" \/>\n<link rel=\"canonical\" href=\"https:\/\/mercure-tilburg.nl\/fr\/mvo\/\" \/>\n<meta property=\"og:locale\" content=\"fr_FR\" \/>\n<meta property=\"og:type\" content=\"article\" \/>\n<meta property=\"og:title\" content=\"MVO | Mercure Hotel Tilburg Centrum\" \/>\n<meta property=\"og:description\" content=\"Maatschappelijk Verantwoord Ondernemen verklaring Mercure hotel Tilburg Centrum en ibis hotel Tilburg Neem een kijkje op de website.\" \/>\n<meta property=\"og:url\" content=\"https:\/\/mercure-tilburg.nl\/fr\/mvo\/\" \/>\n<meta property=\"og:site_name\" content=\"Mercure Hotel Tilburg Centrum\" \/>\n<meta property=\"article:modified_time\" content=\"2024-06-18T08:33:45+00:00\" \/>\n<meta name=\"twitter:card\" content=\"summary_large_image\" \/>\n<script type=\"application\/ld+json\" class=\"yoast-schema-graph\">{\"@context\":\"https:\/\/schema.org\",\"@graph\":[{\"@type\":\"WebSite\",\"@id\":\"https:\/\/mercure-tilburg.nl\/fr\/#website\",\"url\":\"https:\/\/mercure-tilburg.nl\/fr\/\",\"name\":\"Mercure Hotel Tilburg Centrum\",\"description\":\"Overnachten op de beste plek van Tilburg\",\"potentialAction\":[{\"@type\":\"SearchAction\",\"target\":\"https:\/\/mercure-tilburg.nl\/fr\/?s={search_term_string}\",\"query-input\":\"required name=search_term_string\"}],\"inLanguage\":\"fr-FR\"},{\"@type\":\"WebPage\",\"@id\":\"https:\/\/mercure-tilburg.nl\/mvo\/#webpage\",\"url\":\"https:\/\/mercure-tilburg.nl\/mvo\/\",\"name\":\"MVO | Mercure Hotel Tilburg Centrum\",\"isPartOf\":{\"@id\":\"https:\/\/mercure-tilburg.nl\/fr\/#website\"},\"datePublished\":\"2024-01-24T15:00:14+00:00\",\"dateModified\":\"2024-06-18T08:33:45+00:00\",\"description\":\"Maatschappelijk Verantwoord Ondernemen verklaring Mercure hotel Tilburg Centrum en ibis hotel Tilburg Neem een kijkje op de website.\",\"inLanguage\":\"fr-FR\",\"potentialAction\":[{\"@type\":\"ReadAction\",\"target\":[\"https:\/\/mercure-tilburg.nl\/mvo\/\"]}]}]}<\/script>\n<!-- \/ Yoast SEO Premium plugin. -->","_links":{"self":[{"href":"https:\/\/mercure-tilburg.nl\/fr\/wp-json\/wp\/v2\/pages\/8650","targetHints":{"allow":["GET"]}}],"collection":[{"href":"https:\/\/mercure-tilburg.nl\/fr\/wp-json\/wp\/v2\/pages"}],"about":[{"href":"https:\/\/mercure-tilburg.nl\/fr\/wp-json\/wp\/v2\/types\/page"}],"author":[{"embeddable":true,"href":"https:\/\/mercure-tilburg.nl\/fr\/wp-json\/wp\/v2\/users\/2"}],"replies":[{"embeddable":true,"href":"https:\/\/mercure-tilburg.nl\/fr\/wp-json\/wp\/v2\/comments?post=8650"}],"version-history":[{"count":3,"href":"https:\/\/mercure-tilburg.nl\/fr\/wp-json\/wp\/v2\/pages\/8650\/revisions"}],"predecessor-version":[{"id":8752,"href":"https:\/\/mercure-tilburg.nl\/fr\/wp-json\/wp\/v2\/pages\/8650\/revisions\/8752"}],"wp:attachment":[{"href":"https:\/\/mercure-tilburg.nl\/fr\/wp-json\/wp\/v2\/media?parent=8650"}],"curies":[{"name":"wp","href":"https:\/\/api.w.org\/{rel}","templated":true}]}}