{"id":769,"date":"2019-06-18T14:42:09","date_gmt":"2019-06-18T12:42:09","guid":{"rendered":"https:\/\/mercure-tilburg.nl\/?page_id=769"},"modified":"2024-08-20T12:00:39","modified_gmt":"2024-08-20T10:00:39","slug":"disclaimer","status":"publish","type":"page","link":"https:\/\/mercure-tilburg.nl\/fr\/clause-de-non-responsabilite\/","title":{"rendered":"Conditions"},"content":{"rendered":"<div id='full_slider_1'  class='avia-fullwidth-slider main_color avia-shadow   avia-builder-el-0  el_before_av_one_full  avia-builder-el-first   container_wrap sidebar_right'  ><div  class='avia-slideshow av-jsn100xd-a0545745f53202645beceb6c4bce78b3 avia-slideshow-featured av_slideshow_full avia-slide-slider av-slideshow-ui av-control-default av-slideshow-manual av-loop-once av-loop-manual-endless av-default-height-applied   avia-slideshow-1' data-slideshow-options=\"{&quot;animation&quot;:&quot;slide&quot;,&quot;autoplay&quot;:false,&quot;loop_autoplay&quot;:&quot;once&quot;,&quot;interval&quot;:5,&quot;loop_manual&quot;:&quot;manual-endless&quot;,&quot;autoplay_stopper&quot;:false,&quot;noNavigation&quot;:false,&quot;bg_slider&quot;:false,&quot;keep_padding&quot;:false,&quot;hoverpause&quot;:false,&quot;show_slide_delay&quot;:0}\"  itemprop=\"image\" itemscope=\"itemscope\" itemtype=\"https:\/\/schema.org\/ImageObject\" ><ul class='avia-slideshow-inner' style='padding-bottom: 28.666666666667%;'><\/ul><\/div><\/div><div id='after_full_slider_1'  class='main_color av_default_container_wrap container_wrap sidebar_right'  ><div class='container av-section-cont-open' ><div class='template-page content  av-content-small alpha units'><div class='post-entry post-entry-type-page post-entry-769'><div class='entry-content-wrapper clearfix'>\n\n<style type=\"text\/css\" data-created_by=\"avia_inline_auto\" id=\"style-css-av-jsn1iumm-1fa695b3eb363d2a3bf8eca7f2230a9d\">\n#top .flex_column.av-jsn1iumm-1fa695b3eb363d2a3bf8eca7f2230a9d{\nmargin-top:-150px;\nmargin-bottom:0px;\n}\n.flex_column.av-jsn1iumm-1fa695b3eb363d2a3bf8eca7f2230a9d{\nborder-radius:0px 0px 0px 0px;\npadding:50px 100px 50px 100px;\nbackground-color:#f7f7f4;\n}\n.responsive #top #wrap_all .flex_column.av-jsn1iumm-1fa695b3eb363d2a3bf8eca7f2230a9d{\nmargin-top:-150px;\nmargin-bottom:0px;\n}\n<\/style>\n<div  class='flex_column av-jsn1iumm-1fa695b3eb363d2a3bf8eca7f2230a9d av_one_full  avia-builder-el-1  el_after_av_slideshow_full  el_before_av_section  avia-builder-el-no-sibling  first flex_column_div'     ><style type=\"text\/css\" data-created_by=\"avia_inline_auto\" id=\"style-css-av-jx1srlzf-c3e03291a201ba0fc0ff1b837d725243\">\n#top .av-special-heading.av-jx1srlzf-c3e03291a201ba0fc0ff1b837d725243{\npadding-bottom:10px;\ncolor:#1a1e29;\n}\nbody .av-special-heading.av-jx1srlzf-c3e03291a201ba0fc0ff1b837d725243 .av-special-heading-tag .heading-char{\nfont-size:25px;\n}\n.av-special-heading.av-jx1srlzf-c3e03291a201ba0fc0ff1b837d725243 .special-heading-inner-border{\nborder-color:#1a1e29;\n}\n.av-special-heading.av-jx1srlzf-c3e03291a201ba0fc0ff1b837d725243 .av-subheading{\nfont-size:18px;\n}\n<\/style>\n<div  class='av-special-heading av-jx1srlzf-c3e03291a201ba0fc0ff1b837d725243 av-special-heading-h2 custom-color-heading blockquote modern-quote modern-centered  avia-builder-el-2  avia-builder-el-no-sibling  av-linked-heading'><h2 class='av-special-heading-tag'  itemprop=\"headline\"  >Conditions<\/h2><div class=\"special-heading-border\"><div class=\"special-heading-inner-border\"><\/div><\/div><\/div><\/div>\n<\/div><\/div><\/div><!-- close content main div --><\/div><\/div><div id='av_section_1'  class='avia-section av-jsaa221w-10dce5859191b59e11610b1baac6c57b main_color avia-section-default avia-no-border-styling  avia-builder-el-3  el_after_av_one_full  avia-builder-el-last  avia-bg-style-scroll container_wrap sidebar_right'  ><div class='container av-section-cont-open' ><div class='template-page content  av-content-small alpha units'><div class='post-entry post-entry-type-page post-entry-769'><div class='entry-content-wrapper clearfix'>\n\n<style type=\"text\/css\" data-created_by=\"avia_inline_auto\" id=\"style-css-av-1f9x2-6074611a14951d1fc5bfe86307f7fde1\">\n.flex_column.av-1f9x2-6074611a14951d1fc5bfe86307f7fde1{\nborder-radius:0px 0px 0px 0px;\npadding:0px 0px 0px 0px;\n}\n<\/style>\n<div  class='flex_column av-1f9x2-6074611a14951d1fc5bfe86307f7fde1 av_one_fifth  avia-builder-el-4  el_before_av_three_fifth  avia-builder-el-first  first flex_column_div av-zero-column-padding'     ><\/div>\n<style type=\"text\/css\" data-created_by=\"avia_inline_auto\" id=\"style-css-av-1f9x2-3-aef6b6680b1cd572c550135d428a726e\">\n.flex_column.av-1f9x2-3-aef6b6680b1cd572c550135d428a726e{\nborder-radius:0px 0px 0px 0px;\npadding:0px 0px 0px 0px;\n}\n<\/style>\n<div  class='flex_column av-1f9x2-3-aef6b6680b1cd572c550135d428a726e av_three_fifth  avia-builder-el-5  el_after_av_one_fifth  el_before_av_one_fifth  flex_column_div av-zero-column-padding'     ><style type=\"text\/css\" data-created_by=\"avia_inline_auto\" id=\"style-css-av-jsacmwl4-b75e34c2e06cc92ed9dab13dead0d2fb\">\n#top .av_textblock_section.av-jsacmwl4-b75e34c2e06cc92ed9dab13dead0d2fb .avia_textblock{\nfont-size:16px;\n}\n<\/style>\n<section  class='av_textblock_section av-jsacmwl4-b75e34c2e06cc92ed9dab13dead0d2fb'   itemscope=\"itemscope\" itemtype=\"https:\/\/schema.org\/CreativeWork\" ><div class='avia_textblock'  itemprop=\"text\" ><p style=\"text-align: center;\">Les Conditions uniformes pour le secteur de l'h\u00f4tellerie et de la restauration (UVH) sont les conditions auxquelles les \u00e9tablissements de restauration \u00e9tablis aux Pays-Bas, tels que les h\u00f4tels, les restaurants, les caf\u00e9s et les entreprises apparent\u00e9es (y compris les entreprises de restauration, les entreprises de services de f\u00eates, etc.), fournissent des services de restauration et concluent des accords de restauration. Les UVH ont \u00e9t\u00e9 d\u00e9pos\u00e9es aupr\u00e8s du tribunal de district et de la chambre de commerce et d'industrie de La Haye.<\/p>\n<p style=\"text-align: center;\"><a href=\"https:\/\/mercure-tilburg.nl\/wp-content\/uploads\/2024\/08\/UVH_Nederlands_versie_5.pdf\">Cliquez ici pour les conditions g\u00e9n\u00e9rales de l'UVH.\u00a0<\/a><\/p>\n<\/div><\/section><\/div>\n<style type=\"text\/css\" data-created_by=\"avia_inline_auto\" id=\"style-css-av-1f9x2-2-0c7bee35128279e4602b3e85daf65ac2\">\n.flex_column.av-1f9x2-2-0c7bee35128279e4602b3e85daf65ac2{\nborder-radius:0px 0px 0px 0px;\npadding:0px 0px 0px 0px;\n}\n<\/style>\n<div  class='flex_column av-1f9x2-2-0c7bee35128279e4602b3e85daf65ac2 av_one_fifth  avia-builder-el-7  el_after_av_three_fifth  avia-builder-el-last  flex_column_div av-zero-column-padding'     ><\/div><\/div><\/div><\/div><!-- close content main div --><\/div><\/div><div id='after_section_1'  class='main_color av_default_container_wrap container_wrap sidebar_right'  ><div class='container av-section-cont-open' ><div class='template-page content  av-content-small alpha units'><div class='post-entry post-entry-type-page post-entry-769'><div class='entry-content-wrapper clearfix'>","protected":false},"excerpt":{"rendered":"","protected":false},"author":1,"featured_media":0,"parent":0,"menu_order":0,"comment_status":"closed","ping_status":"closed","template":"","meta":{"footnotes":""},"class_list":["post-769","page","type-page","status-publish","hentry"],"yoast_head":"<!-- This site is optimized with the Yoast SEO Premium plugin v14.9 - https:\/\/yoast.com\/wordpress\/plugins\/seo\/ -->\n<title>Disclamer | Mercure Hotel Tilburg Centrum<\/title>\n<meta name=\"description\" content=\"De Uniforme Voorwaarden Horeca (UVH) zijn de voorwaarden waarop in Nederland gevestigde horecabedrijven horecadiensten verlenen en horecaovereenkomsten sluiten.\" \/>\n<meta name=\"robots\" content=\"index, follow, max-snippet:-1, max-image-preview:large, max-video-preview:-1\" \/>\n<link rel=\"canonical\" href=\"https:\/\/mercure-tilburg.nl\/fr\/clause-de-non-responsabilite\/\" \/>\n<meta property=\"og:locale\" content=\"fr_FR\" \/>\n<meta property=\"og:type\" content=\"article\" \/>\n<meta property=\"og:title\" content=\"Disclamer | Mercure Hotel Tilburg Centrum\" \/>\n<meta property=\"og:description\" content=\"De Uniforme Voorwaarden Horeca (UVH) zijn de voorwaarden waarop in Nederland gevestigde horecabedrijven horecadiensten verlenen en horecaovereenkomsten sluiten.\" \/>\n<meta property=\"og:url\" content=\"https:\/\/mercure-tilburg.nl\/fr\/clause-de-non-responsabilite\/\" \/>\n<meta property=\"og:site_name\" content=\"Mercure Hotel Tilburg Centrum\" \/>\n<meta property=\"article:modified_time\" content=\"2024-08-20T10:00:39+00:00\" \/>\n<meta name=\"twitter:card\" content=\"summary_large_image\" \/>\n<script type=\"application\/ld+json\" class=\"yoast-schema-graph\">{\"@context\":\"https:\/\/schema.org\",\"@graph\":[{\"@type\":\"WebSite\",\"@id\":\"https:\/\/mercure-tilburg.nl\/fr\/#website\",\"url\":\"https:\/\/mercure-tilburg.nl\/fr\/\",\"name\":\"Mercure Hotel Tilburg Centrum\",\"description\":\"Overnachten op de beste plek van Tilburg\",\"potentialAction\":[{\"@type\":\"SearchAction\",\"target\":\"https:\/\/mercure-tilburg.nl\/fr\/?s={search_term_string}\",\"query-input\":\"required name=search_term_string\"}],\"inLanguage\":\"fr-FR\"},{\"@type\":\"WebPage\",\"@id\":\"https:\/\/mercure-tilburg.nl\/disclaimer\/#webpage\",\"url\":\"https:\/\/mercure-tilburg.nl\/disclaimer\/\",\"name\":\"Disclamer | Mercure Hotel Tilburg Centrum\",\"isPartOf\":{\"@id\":\"https:\/\/mercure-tilburg.nl\/fr\/#website\"},\"datePublished\":\"2019-06-18T12:42:09+00:00\",\"dateModified\":\"2024-08-20T10:00:39+00:00\",\"description\":\"De Uniforme Voorwaarden Horeca (UVH) zijn de voorwaarden waarop in Nederland gevestigde horecabedrijven horecadiensten verlenen en horecaovereenkomsten sluiten.\",\"inLanguage\":\"fr-FR\",\"potentialAction\":[{\"@type\":\"ReadAction\",\"target\":[\"https:\/\/mercure-tilburg.nl\/disclaimer\/\"]}]}]}<\/script>\n<!-- \/ Yoast SEO Premium plugin. -->","_links":{"self":[{"href":"https:\/\/mercure-tilburg.nl\/fr\/wp-json\/wp\/v2\/pages\/769","targetHints":{"allow":["GET"]}}],"collection":[{"href":"https:\/\/mercure-tilburg.nl\/fr\/wp-json\/wp\/v2\/pages"}],"about":[{"href":"https:\/\/mercure-tilburg.nl\/fr\/wp-json\/wp\/v2\/types\/page"}],"author":[{"embeddable":true,"href":"https:\/\/mercure-tilburg.nl\/fr\/wp-json\/wp\/v2\/users\/1"}],"replies":[{"embeddable":true,"href":"https:\/\/mercure-tilburg.nl\/fr\/wp-json\/wp\/v2\/comments?post=769"}],"version-history":[{"count":4,"href":"https:\/\/mercure-tilburg.nl\/fr\/wp-json\/wp\/v2\/pages\/769\/revisions"}],"predecessor-version":[{"id":8789,"href":"https:\/\/mercure-tilburg.nl\/fr\/wp-json\/wp\/v2\/pages\/769\/revisions\/8789"}],"wp:attachment":[{"href":"https:\/\/mercure-tilburg.nl\/fr\/wp-json\/wp\/v2\/media?parent=769"}],"curies":[{"name":"wp","href":"https:\/\/api.w.org\/{rel}","templated":true}]}}