{"id":767,"date":"2019-06-18T14:41:35","date_gmt":"2019-06-18T12:41:35","guid":{"rendered":"https:\/\/mercure-tilburg.nl\/?page_id=767"},"modified":"2022-01-04T10:26:35","modified_gmt":"2022-01-04T09:26:35","slug":"privacyverklaring","status":"publish","type":"page","link":"https:\/\/mercure-tilburg.nl\/fr\/declaration-de-confidentialite\/","title":{"rendered":"D\u00e9claration de confidentialit\u00e9"},"content":{"rendered":"<div id='full_slider_1'  class='avia-fullwidth-slider main_color avia-shadow   avia-builder-el-0  el_before_av_one_full  avia-builder-el-first   container_wrap sidebar_right'  ><div  class='avia-slideshow av-jsn100xd-e42ebc5c9296dd3541460e3f22156723 avia-slideshow-featured av_slideshow_full avia-slide-slider av-slideshow-ui av-control-default av-slideshow-manual av-loop-once av-loop-manual-endless av-default-height-applied   avia-slideshow-1' data-slideshow-options=\"{&quot;animation&quot;:&quot;slide&quot;,&quot;autoplay&quot;:false,&quot;loop_autoplay&quot;:&quot;once&quot;,&quot;interval&quot;:5,&quot;loop_manual&quot;:&quot;manual-endless&quot;,&quot;autoplay_stopper&quot;:false,&quot;noNavigation&quot;:false,&quot;bg_slider&quot;:false,&quot;keep_padding&quot;:false,&quot;hoverpause&quot;:false,&quot;show_slide_delay&quot;:0}\"  itemprop=\"image\" itemscope=\"itemscope\" itemtype=\"https:\/\/schema.org\/ImageObject\" ><ul class='avia-slideshow-inner' style='padding-bottom: 28.666666666667%;'><li  class='avia-slideshow-slide av-jsn100xd-e42ebc5c9296dd3541460e3f22156723__0  av-single-slide slide-1 slide-odd'><div data-rel='slideshow-1' class='avia-slide-wrap'   ><img decoding=\"async\" fetchpriority=\"high\" class=\"wp-image-5150 avia-img-lazy-loading-not-5150\"  src=\"https:\/\/mercure-tilburg.nl\/wp-content\/uploads\/2020\/11\/mercure-hotel-tilburg-centrum-1500x430.jpg\" width=\"1500\" height=\"430\" title='mercure hotel tilburg centre' alt='mercure hotel tilburg centre'  itemprop=\"thumbnailUrl\"   \/><\/div><\/li><\/ul><\/div><\/div><div id='after_full_slider_1'  class='main_color av_default_container_wrap container_wrap sidebar_right'  ><div class='container av-section-cont-open' ><div class='template-page content  av-content-small alpha units'><div class='post-entry post-entry-type-page post-entry-767'><div class='entry-content-wrapper clearfix'>\n\n<style type=\"text\/css\" data-created_by=\"avia_inline_auto\" id=\"style-css-av-jsn1iumm-1fa695b3eb363d2a3bf8eca7f2230a9d\">\n#top .flex_column.av-jsn1iumm-1fa695b3eb363d2a3bf8eca7f2230a9d{\nmargin-top:-150px;\nmargin-bottom:0px;\n}\n.flex_column.av-jsn1iumm-1fa695b3eb363d2a3bf8eca7f2230a9d{\nborder-radius:0px 0px 0px 0px;\npadding:50px 100px 50px 100px;\nbackground-color:#f7f7f4;\n}\n.responsive #top #wrap_all .flex_column.av-jsn1iumm-1fa695b3eb363d2a3bf8eca7f2230a9d{\nmargin-top:-150px;\nmargin-bottom:0px;\n}\n<\/style>\n<div  class='flex_column av-jsn1iumm-1fa695b3eb363d2a3bf8eca7f2230a9d av_one_full  avia-builder-el-1  el_after_av_slideshow_full  el_before_av_section  avia-builder-el-no-sibling  first flex_column_div'     ><style type=\"text\/css\" data-created_by=\"avia_inline_auto\" id=\"style-css-av-jx1sqrkj-43dd8e3cfad9cdb7ca1b5aacb4392e50\">\n#top .av-special-heading.av-jx1sqrkj-43dd8e3cfad9cdb7ca1b5aacb4392e50{\npadding-bottom:10px;\ncolor:#1a1e29;\n}\nbody .av-special-heading.av-jx1sqrkj-43dd8e3cfad9cdb7ca1b5aacb4392e50 .av-special-heading-tag .heading-char{\nfont-size:25px;\n}\n.av-special-heading.av-jx1sqrkj-43dd8e3cfad9cdb7ca1b5aacb4392e50 .special-heading-inner-border{\nborder-color:#1a1e29;\n}\n.av-special-heading.av-jx1sqrkj-43dd8e3cfad9cdb7ca1b5aacb4392e50 .av-subheading{\nfont-size:18px;\n}\n<\/style>\n<div  class='av-special-heading av-jx1sqrkj-43dd8e3cfad9cdb7ca1b5aacb4392e50 av-special-heading-h2 custom-color-heading blockquote modern-quote modern-centered  avia-builder-el-2  avia-builder-el-no-sibling'><h2 class='av-special-heading-tag'  itemprop=\"headline\"  >D\u00e9claration de confidentialit\u00e9<\/h2><div class=\"special-heading-border\"><div class=\"special-heading-inner-border\"><\/div><\/div><\/div><\/div>\n<\/div><\/div><\/div><!-- close content main div --><\/div><\/div><div id='av_section_1'  class='avia-section av-jsaa221w-10dce5859191b59e11610b1baac6c57b main_color avia-section-default avia-no-border-styling  avia-builder-el-3  el_after_av_one_full  avia-builder-el-last  avia-bg-style-scroll container_wrap sidebar_right'  ><div class='container av-section-cont-open' ><div class='template-page content  av-content-small alpha units'><div class='post-entry post-entry-type-page post-entry-767'><div class='entry-content-wrapper clearfix'>\n\n<style type=\"text\/css\" data-created_by=\"avia_inline_auto\" id=\"style-css-av-1f9x2-6074611a14951d1fc5bfe86307f7fde1\">\n.flex_column.av-1f9x2-6074611a14951d1fc5bfe86307f7fde1{\nborder-radius:0px 0px 0px 0px;\npadding:0px 0px 0px 0px;\n}\n<\/style>\n<div  class='flex_column av-1f9x2-6074611a14951d1fc5bfe86307f7fde1 av_one_fifth  avia-builder-el-4  el_before_av_three_fifth  avia-builder-el-first  first flex_column_div av-zero-column-padding'     ><\/div>\n<style type=\"text\/css\" data-created_by=\"avia_inline_auto\" id=\"style-css-av-1f9x2-36ae84719296c7a7c2f8a270e44a06da\">\n.flex_column.av-1f9x2-36ae84719296c7a7c2f8a270e44a06da{\nborder-radius:0px 0px 0px 0px;\npadding:0px 0px 0px 0px;\n}\n<\/style>\n<div  class='flex_column av-1f9x2-36ae84719296c7a7c2f8a270e44a06da av_three_fifth  avia-builder-el-5  el_after_av_one_fifth  el_before_av_one_fifth  flex_column_div av-zero-column-padding'     ><section  class='av_textblock_section av-k2dgqxs7-539421ab65b9ec8b15f8413dfb8edd21'   itemscope=\"itemscope\" itemtype=\"https:\/\/schema.org\/CreativeWork\" ><div class='avia_textblock'  itemprop=\"text\" ><h2 style=\"text-align: center;\">D\u00e9claration de confidentialit\u00e9 Heuvelpoort Hotel B.V.<\/h2>\n<p><span style=\"font-weight: 400;\">Heuvelpoort Hotel B.V. (ci-apr\u00e8s : Heuvelpoort), situ\u00e9 \u00e0 Heuvel 37, (5038 CP) Tilburg avec le num\u00e9ro KvK : 18072526, est responsable du traitement des donn\u00e9es personnelles tel qu'il est refl\u00e9t\u00e9 dans la pr\u00e9sente d\u00e9claration de confidentialit\u00e9. Nous traitons quotidiennement des informations sur les personnes afin de proposer nos services. Cette d\u00e9claration de confidentialit\u00e9 s'applique donc \u00e0 l'h\u00f4tel (Mercure Hotel Tilburg), aux restaurants (Taste et Grand Caf\u00e9 Puur), \u00e0 son centre de bien-\u00eatre City Sauna et aux \u00e9v\u00e9nements (y compris la location de salles). Nous traitons vos donn\u00e9es avec soin et sommes heureux d'\u00eatre transparents sur le traitement. Dans cette d\u00e9claration de confidentialit\u00e9, vous pouvez en savoir plus sur la mani\u00e8re dont nous traitons vos donn\u00e9es. <\/span><\/p>\n<h4 style=\"text-align: center;\">1 Quelles donn\u00e9es personnelles traitons-nous et dans quel but ?<\/h4>\n<p><span style=\"font-weight: 400;\">Heuvelpoort traite diff\u00e9rentes donn\u00e9es \u00e0 caract\u00e8re personnel pour diff\u00e9rentes raisons. Heuvelpoort traite vos donn\u00e9es personnelles parce que vous utilisez nos services et\/ou parce que vous nous les fournissez vous-m\u00eame.\u00a0<\/span><\/p>\n<h4>Invit\u00e9s :<\/h4>\n<p><span style=\"font-weight: 400;\">Lorsque vous r\u00e9servez une nuit\u00e9e, nous sommes l\u00e9galement tenus de vous demander vos nom et pr\u00e9nom, le jour d'arriv\u00e9e, le type de pi\u00e8ce d'identit\u00e9\/document de voyage, le jour de d\u00e9part et le pays d'origine. En outre, Heuvelpoort est l\u00e9galement tenu de v\u00e9rifier votre identit\u00e9. Dans ce contexte, nous pouvons \u00e9galement conserver une copie de votre document d'identit\u00e9, \u00e0 l'exception du num\u00e9ro BSN.<\/span><\/p>\n<p><span style=\"font-weight: 400;\">De m\u00eame, si vous r\u00e9servez une nuit\u00e9e, une table au restaurant, une salle de r\u00e9union ou un \u00e9v\u00e9nement, vous concluez un accord avec Heuvelpoort. Pour ex\u00e9cuter le contrat, nous traitons votre sexe, votre date de naissance, votre num\u00e9ro de t\u00e9l\u00e9phone, votre adresse \u00e9lectronique, votre nationalit\u00e9, vos donn\u00e9es de paiement et votre \u00e9ventuelle adh\u00e9sion \u00e0 Accor Live Limitless, en plus des donn\u00e9es personnelles requises par la loi lors de la r\u00e9servation d'une nuit\u00e9e.\u00a0<\/span><\/p>\n<p><span style=\"font-weight: 400;\">Pour effectuer une r\u00e9servation dans notre restaurant, notre sauna ou louer une salle de r\u00e9union, nous pouvons traiter vos nom et pr\u00e9nom, votre num\u00e9ro de t\u00e9l\u00e9phone et\/ou votre adresse \u00e9lectronique.\u00a0<\/span><\/p>\n<p><span style=\"font-weight: 400;\">Nous pouvons \u00e9galement vous demander des donn\u00e9es suppl\u00e9mentaires pour l'ex\u00e9cution de nos services, telles que des exigences di\u00e9t\u00e9tiques ou d'autres pr\u00e9f\u00e9rences. Ces donn\u00e9es ne sont trait\u00e9es que si vous avez donn\u00e9 votre accord.\u00a0<\/span><\/p>\n<h4>Cookies<\/h4>\n<p><span style=\"font-weight: 400;\">Notre site web utilise des cookies. Les cookies sont de petits \u00e9l\u00e9ments d'information stock\u00e9s sur votre ordinateur par votre navigateur. Nous pla\u00e7ons des cookies fonctionnels pour rendre le site web plus convivial pour les visiteurs. Nous utilisons \u00e9galement des cookies analytiques, par exemple pour analyser les statistiques de fr\u00e9quentation.\u00a0<\/span><\/p>\n<p><span style=\"font-weight: 400;\">La loi nous autorise \u00e0 stocker des cookies sur votre appareil s'ils sont strictement n\u00e9cessaires au fonctionnement du site (cookies fonctionnels). Pour tous les autres types de cookies, nous avons besoin de votre consentement. Lorsque vous visitez le site web, une notification d'acceptation des cookies s'affiche et de plus amples explications sont donn\u00e9es sur les cookies en question.\u00a0<\/span><\/p>\n<p><span style=\"font-weight: 400;\">Si vous n'acceptez pas les cookies ou si vous r\u00e9glez votre navigateur de mani\u00e8re \u00e0 ce qu'il n'accepte pas les cookies, il se peut que vous ne puissiez pas utiliser notre site web de mani\u00e8re optimale.\u00a0<\/span><\/p>\n<h4>Surveillance par cam\u00e9ra<\/h4>\n<p><span style=\"font-weight: 400;\">Heuvelpoort a un int\u00e9r\u00eat l\u00e9gitime \u00e0 utiliser la surveillance par cam\u00e9ra dans les lieux publics, si n\u00e9cessaire, pour s\u00e9curiser sa propri\u00e9t\u00e9 et prot\u00e9ger ses clients et ses employ\u00e9s. Gr\u00e2ce aux images des cam\u00e9ras et aux enregistrements audio, Heuvelpoort peut se faire une id\u00e9e des activit\u00e9s des personnes.\u00a0<\/span><\/p>\n<p><span style=\"font-weight: 400;\">Heuvelpoort ne prend pas de d\u00e9cisions sur des questions susceptibles d'affecter (de mani\u00e8re significative) des personnes sur la base d'un traitement automatis\u00e9. Les images des cam\u00e9ras sont automatiquement effac\u00e9es au bout de trois semaines, \u00e0 moins qu'elles n'aient film\u00e9 un incident qui fait encore l'objet d'une enqu\u00eate.<\/span><\/p>\n<h4 style=\"text-align: center;\">2 Partenaires<\/h4>\n<p><span style=\"font-weight: 400;\">Hill Gate ne partage pas vos donn\u00e9es avec des tiers, sauf dans les circonstances suivantes :<\/span><\/p>\n<ol>\n<li><span style=\"font-weight: 400;\"> lorsque cela est n\u00e9cessaire \u00e0 l'ex\u00e9cution du contrat. Par exemple, nous faisons appel \u00e0 un tiers pour le traitement des paiements (en ligne), \u00e0 des sous-traitants, \u00e0 notre franchiseur et \u00e0 nos fournisseurs.<\/span><\/li>\n<li><span style=\"font-weight: 400;\"> lorsque des parties prennent en charge le traitement des donn\u00e9es \u00e0 caract\u00e8re personnel sur notre instruction et conform\u00e9ment \u00e0 notre politique. Il peut s'agir de nos fournisseurs de technologies de l'information et des gestionnaires de syst\u00e8mes informatiques. Heuvelpoort a conclu un accord de traitement avec ces parties afin de garantir le m\u00eame niveau de s\u00e9curit\u00e9 et de confidentialit\u00e9 de vos donn\u00e9es. Heuvelpoort reste responsable de ce traitement.<\/span><\/li>\n<li><span style=\"font-weight: 400;\"> Lorsque, sur la base d'une obligation l\u00e9gale, il est n\u00e9cessaire pour Heuvelpoort de partager les donn\u00e9es. Il peut s'agir, par exemple, d'enqu\u00eates sur les fraudes, d'enqu\u00eates statistiques nationales, d'inspecteurs des imp\u00f4ts, de la municipalit\u00e9 dans le cadre de la taxe de s\u00e9jour.\u00a0<\/span><\/li>\n<li><span style=\"font-weight: 400;\"> lorsque cela est indiqu\u00e9 au moment o\u00f9 vous nous confiez vos donn\u00e9es personnelles.<\/span><\/li>\n<\/ol>\n<p><span style=\"font-weight: 400;\">Certains de ces partenaires traitent des donn\u00e9es personnelles en dehors de l'Espace \u00e9conomique europ\u00e9en. Un transfert vers un pays situ\u00e9 en dehors de l'Espace \u00e9conomique europ\u00e9en n'aura lieu que si les exigences l\u00e9gales sont respect\u00e9es.<\/span><\/p>\n<h4 style=\"text-align: center;\">3 Combien de temps conservons-nous vos donn\u00e9es ?<\/h4>\n<p><span style=\"font-weight: 400;\">Hill Gate ne conservera pas vos donn\u00e9es personnelles plus longtemps que ce qui est strictement n\u00e9cessaire pour atteindre les objectifs pour lesquels vos donn\u00e9es ont \u00e9t\u00e9 collect\u00e9es. La plupart des donn\u00e9es sont conserv\u00e9es conform\u00e9ment \u00e0 une p\u00e9riode de conservation l\u00e9gale. Par exemple, vous pouvez penser aux donn\u00e9es \u00e0 caract\u00e8re personnel qui se trouvent dans nos dossiers financiers, pour lesquels la dur\u00e9e l\u00e9gale de 7 ans est appliqu\u00e9e.\u00a0<\/span><\/p>\n<p><span style=\"font-weight: 400;\">Lorsque vous r\u00e9servez un restaurant par le biais de notre syst\u00e8me de r\u00e9servation num\u00e9rique, votre r\u00e9servation est automatiquement supprim\u00e9e au bout de deux ans. Toutefois, une copie de la preuve d'identit\u00e9 est d\u00e9truite imm\u00e9diatement apr\u00e8s le d\u00e9part du client.\u00a0<\/span><\/p>\n<p><span style=\"font-weight: 400;\">Si vous avez des questions sur les p\u00e9riodes de conservation, n'h\u00e9sitez pas \u00e0 nous contacter.\u00a0<\/span><\/p>\n<h4 style=\"text-align: center;\">4 Exercice des droits<\/h4>\n<p><span style=\"font-weight: 400;\">Vous avez le droit d'acc\u00e9der \u00e0 vos donn\u00e9es personnelles, de les corriger ou de les supprimer. Vous avez \u00e9galement le droit de retirer votre \u00e9ventuel consentement au traitement des donn\u00e9es ou de vous opposer au traitement de vos donn\u00e9es personnelles par Heuvelpoort, et vous avez le droit \u00e0 la portabilit\u00e9 des donn\u00e9es. Cela signifie que vous pouvez nous demander d'envoyer les donn\u00e9es personnelles que nous d\u00e9tenons sur vous dans un fichier informatique \u00e0 vous-m\u00eame ou \u00e0 une autre organisation que vous aurez d\u00e9sign\u00e9e. Vous pouvez envoyer une demande d'inspection, de correction, de suppression ou de transfert de vos donn\u00e9es personnelles ou une demande de retrait de votre consentement ou d'opposition au traitement de vos donn\u00e9es personnelles \u00e0 privacy@mercure-tilburg.nl.<\/span><\/p>\n<p><span style=\"font-weight: 400;\">Nous r\u00e9pondrons \u00e0 votre demande dans les plus brefs d\u00e9lais. Heuvelpoort souhaite \u00e9galement vous informer que vous avez la possibilit\u00e9 de d\u00e9poser une plainte aupr\u00e8s du r\u00e9gulateur national, l'Autorit\u00e9 des donn\u00e9es personnelles. Vous pouvez le faire via le lien suivant : <\/span><span style=\"font-weight: 400;\"><a href=\"https:\/\/autoriteitpersoonsgegevens.nl\/nl\/contact-met-de-autoriteit-persoonsgegevens\/tip-ons\">https:\/\/autoriteitpersoonsgegevens.nl\/nl\/contact-met-de-autoriteit-persoonsgegevens\/tip-on<\/a><\/span><\/p>\n<h4 style=\"text-align: center;\">5 S\u00e9curit\u00e9<\/h4>\n<p><span style=\"font-weight: 400;\">Heuvelpoort prend au s\u00e9rieux la protection de vos donn\u00e9es et prend des mesures appropri\u00e9es pour lutter contre les abus, les pertes, les acc\u00e8s non autoris\u00e9s, les divulgations non d\u00e9sir\u00e9es et les modifications non autoris\u00e9es. Par exemple, nos syst\u00e8mes de r\u00e9servation, notre syst\u00e8me de paiement et nos terminaux sont conformes \u00e0 la norme PCI et nos employ\u00e9s suivent des cours de formation PCI. Si vous avez l'impression que vos donn\u00e9es ne sont pas correctement s\u00e9curis\u00e9es ou s'il existe des indices d'abus, veuillez nous contacter \u00e0 l'adresse privacy@heuvelpoort.n.<\/span><\/p>\n<h4 style=\"text-align: center;\">6 Autres<\/h4>\n<p><span style=\"font-weight: 400;\">Le pr\u00e9sent avis de confidentialit\u00e9 est conforme au r\u00e8glement g\u00e9n\u00e9ral sur la protection des donn\u00e9es. Nous nous r\u00e9servons le droit de mettre \u00e0 jour p\u00e9riodiquement cette d\u00e9claration de confidentialit\u00e9. La derni\u00e8re version sera publi\u00e9e sur notre site web. Nous vous recommandons donc de consulter r\u00e9guli\u00e8rement la d\u00e9claration de confidentialit\u00e9. <\/span><\/p>\n<h4 style=\"text-align: center;\">7 Contact<\/h4>\n<p><span style=\"font-weight: 400;\">Si vous avez des questions sur le contenu de cette d\u00e9claration de confidentialit\u00e9, veuillez nous contacter \u00e0 l'adresse suivante : privacy@heuvelpoort.nl<\/span><\/p>\n<h2 style=\"text-align: center;\"><\/h2>\n<\/div><\/section><\/div>\n<style type=\"text\/css\" data-created_by=\"avia_inline_auto\" id=\"style-css-av-1f9x2-36ae84719296c7a7c2f8a270e44a06da\">\n.flex_column.av-1f9x2-36ae84719296c7a7c2f8a270e44a06da{\nborder-radius:0px 0px 0px 0px;\npadding:0px 0px 0px 0px;\n}\n<\/style>\n<div  class='flex_column av-1f9x2-36ae84719296c7a7c2f8a270e44a06da av_one_fifth  avia-builder-el-7  el_after_av_three_fifth  avia-builder-el-last  flex_column_div av-zero-column-padding'     ><\/div>\n<\/div><\/div><\/div><!-- close content main div --><\/div><\/div><div id='after_section_1'  class='main_color av_default_container_wrap container_wrap sidebar_right'  ><div class='container av-section-cont-open' ><div class='template-page content  av-content-small alpha units'><div class='post-entry post-entry-type-page post-entry-767'><div class='entry-content-wrapper clearfix'>","protected":false},"excerpt":{"rendered":"","protected":false},"author":1,"featured_media":0,"parent":0,"menu_order":0,"comment_status":"closed","ping_status":"closed","template":"","meta":{"footnotes":""},"class_list":["post-767","page","type-page","status-publish","hentry"],"yoast_head":"<!-- This site is optimized with the Yoast SEO Premium plugin v14.9 - https:\/\/yoast.com\/wordpress\/plugins\/seo\/ -->\n<title>Privacyverklaring - Mercure Hotel Tilburg Centrum<\/title>\n<meta name=\"description\" content=\"In onze privacyverklaring leest u hoe wij omgaan met uw gegevens. Ook leest u hoe we uw gegevens verwerken. Lees hier voor meer informatie.\" \/>\n<meta name=\"robots\" content=\"index, follow, max-snippet:-1, max-image-preview:large, max-video-preview:-1\" \/>\n<link rel=\"canonical\" href=\"https:\/\/mercure-tilburg.nl\/fr\/declaration-de-confidentialite\/\" \/>\n<meta property=\"og:locale\" content=\"fr_FR\" \/>\n<meta property=\"og:type\" content=\"article\" \/>\n<meta property=\"og:title\" content=\"Privacyverklaring - Mercure Hotel Tilburg Centrum\" \/>\n<meta property=\"og:description\" content=\"In onze privacyverklaring leest u hoe wij omgaan met uw gegevens. Ook leest u hoe we uw gegevens verwerken. Lees hier voor meer informatie.\" \/>\n<meta property=\"og:url\" content=\"https:\/\/mercure-tilburg.nl\/fr\/declaration-de-confidentialite\/\" \/>\n<meta property=\"og:site_name\" content=\"Mercure Hotel Tilburg Centrum\" \/>\n<meta property=\"article:modified_time\" content=\"2022-01-04T09:26:35+00:00\" \/>\n<meta name=\"twitter:card\" content=\"summary_large_image\" \/>\n<script type=\"application\/ld+json\" class=\"yoast-schema-graph\">{\"@context\":\"https:\/\/schema.org\",\"@graph\":[{\"@type\":\"WebSite\",\"@id\":\"https:\/\/mercure-tilburg.nl\/fr\/#website\",\"url\":\"https:\/\/mercure-tilburg.nl\/fr\/\",\"name\":\"Mercure Hotel Tilburg Centrum\",\"description\":\"Overnachten op de beste plek van Tilburg\",\"potentialAction\":[{\"@type\":\"SearchAction\",\"target\":\"https:\/\/mercure-tilburg.nl\/fr\/?s={search_term_string}\",\"query-input\":\"required name=search_term_string\"}],\"inLanguage\":\"fr-FR\"},{\"@type\":\"WebPage\",\"@id\":\"https:\/\/mercure-tilburg.nl\/privacyverklaring\/#webpage\",\"url\":\"https:\/\/mercure-tilburg.nl\/privacyverklaring\/\",\"name\":\"Privacyverklaring - Mercure Hotel Tilburg Centrum\",\"isPartOf\":{\"@id\":\"https:\/\/mercure-tilburg.nl\/fr\/#website\"},\"datePublished\":\"2019-06-18T12:41:35+00:00\",\"dateModified\":\"2022-01-04T09:26:35+00:00\",\"description\":\"In onze privacyverklaring leest u hoe wij omgaan met uw gegevens. Ook leest u hoe we uw gegevens verwerken. Lees hier voor meer informatie.\",\"inLanguage\":\"fr-FR\",\"potentialAction\":[{\"@type\":\"ReadAction\",\"target\":[\"https:\/\/mercure-tilburg.nl\/privacyverklaring\/\"]}]}]}<\/script>\n<!-- \/ Yoast SEO Premium plugin. -->","_links":{"self":[{"href":"https:\/\/mercure-tilburg.nl\/fr\/wp-json\/wp\/v2\/pages\/767","targetHints":{"allow":["GET"]}}],"collection":[{"href":"https:\/\/mercure-tilburg.nl\/fr\/wp-json\/wp\/v2\/pages"}],"about":[{"href":"https:\/\/mercure-tilburg.nl\/fr\/wp-json\/wp\/v2\/types\/page"}],"author":[{"embeddable":true,"href":"https:\/\/mercure-tilburg.nl\/fr\/wp-json\/wp\/v2\/users\/1"}],"replies":[{"embeddable":true,"href":"https:\/\/mercure-tilburg.nl\/fr\/wp-json\/wp\/v2\/comments?post=767"}],"version-history":[{"count":3,"href":"https:\/\/mercure-tilburg.nl\/fr\/wp-json\/wp\/v2\/pages\/767\/revisions"}],"predecessor-version":[{"id":7324,"href":"https:\/\/mercure-tilburg.nl\/fr\/wp-json\/wp\/v2\/pages\/767\/revisions\/7324"}],"wp:attachment":[{"href":"https:\/\/mercure-tilburg.nl\/fr\/wp-json\/wp\/v2\/media?parent=767"}],"curies":[{"name":"wp","href":"https:\/\/api.w.org\/{rel}","templated":true}]}}