{"id":1089,"date":"2019-09-06T15:08:06","date_gmt":"2019-09-06T13:08:06","guid":{"rendered":"https:\/\/mercure-tilburg.nl\/?page_id=1089"},"modified":"2022-12-15T09:19:40","modified_gmt":"2022-12-15T08:19:40","slug":"footer-2","status":"publish","type":"page","link":"https:\/\/mercure-tilburg.nl\/fr\/pied-de-page-2\/","title":{"rendered":"pied de page"},"content":{"rendered":"<style type=\"text\/css\" data-created_by=\"avia_inline_auto\" id=\"style-css-av-k084ya36-45b9b48c45367bfa13cbeb179239da9c\">\n.avia-section.av-k084ya36-45b9b48c45367bfa13cbeb179239da9c{\nbackground-color:#501c50;\nbackground-image:unset;\n}\n<\/style>\n<div id='av_section_1'  class='avia-section av-k084ya36-45b9b48c45367bfa13cbeb179239da9c main_color avia-section-default avia-no-border-styling  avia-builder-el-0  el_before_av_section  avia-builder-el-first  avia-bg-style-scroll container_wrap sidebar_right'  ><div class='container av-section-cont-open' ><main  role=\"main\" itemprop=\"mainContentOfPage\"  class='template-page content  av-content-small alpha units'><div class='post-entry post-entry-type-page post-entry-1089'><div class='entry-content-wrapper clearfix'>\n<style type=\"text\/css\" data-created_by=\"avia_inline_auto\" id=\"style-css-av-dvi9y9-699430d87718d74a5c6add7c5510dd35\">\n.flex_column.av-dvi9y9-699430d87718d74a5c6add7c5510dd35{\nborder-radius:0px 0px 0px 0px;\npadding:0px 0px 0px 0px;\n}\n<\/style>\n<div  class='flex_column av-dvi9y9-699430d87718d74a5c6add7c5510dd35 av_one_fifth  avia-builder-el-1  el_before_av_one_third  avia-builder-el-first  first flex_column_div av-zero-column-padding'     ><\/div>\n<style type=\"text\/css\" data-created_by=\"avia_inline_auto\" id=\"style-css-av-c1udn5-a576da28ae89eeb7290d8a85632862d8\">\n.flex_column.av-c1udn5-a576da28ae89eeb7290d8a85632862d8{\nborder-radius:0px 0px 0px 0px;\npadding:0px 0px 0px 0px;\n}\n<\/style>\n<div  class='flex_column av-c1udn5-a576da28ae89eeb7290d8a85632862d8 av_one_third  avia-builder-el-2  el_after_av_one_fifth  el_before_av_one_fourth  flex_column_div av-zero-column-padding'     ><form action=\"\/fr\/pied-de-page-2\/\" method=\"post\"  data-av-custom-send='mailchimp_send'data-fields-with-error=\"Erreurs trouv\u00e9es dans les champs suivants :\" class=\"avia_ajax_form av-form-labels-hidden   avia-builder-el-3  avia-builder-el-no-sibling   avia-mailchimp-form\" data-avia-form-id=\"1\" data-avia-redirect='' data-trp-original-action=\"https:\/\/mercure-tilburg.nl\/fr\/pied-de-page-2\/\" ><fieldset><p class='first_form  form_element form_element_three_fourth' id='element_avia_0_1'><label for=\"avia_0_1\">Votre adresse \u00e9lectronique  <abbr class=\"required\" title=\"requis(e)\">*<\/abbr><\/label> <input name=\"avia_0_1\" class=\"text_input is_email\" type=\"text\" id=\"avia_0_1\" value=\"\"  placeholder='Votre adresse \u00e9lectronique *'\/><\/p><p class=\"form_element  form_element form_element_fourth av-last-visible-form-element modified_width\"><input type=\"hidden\" value=\"1\" name=\"avia_generated_form1\" \/><input type=\"submit\" value=\"S&#039;abonner\" class=\"button\"  data-sending-label=\"Envoi\"\/><\/p><p class=\"hidden\"><input type=\"text\" name=\"avia_avia_username_1\" class=\"hidden\" id=\"avia_avia_username_1\" value=\"\" \/><\/p><\/fieldset><input type=\"hidden\" name=\"trp-form-language\" value=\"fr\"\/><\/form><div id=\"ajaxresponse_1\" class=\"ajaxresponse ajaxresponse_1 hidden\"><\/div><\/div>\n<style type=\"text\/css\" data-created_by=\"avia_inline_auto\" id=\"style-css-av-9bx029-54fb4b4cd56861e2ede190e911ef7708\">\n.flex_column.av-9bx029-54fb4b4cd56861e2ede190e911ef7708{\nborder-radius:0px 0px 0px 0px;\npadding:0px 0px 0px 0px;\n}\n<\/style>\n<div  class='flex_column av-9bx029-54fb4b4cd56861e2ede190e911ef7708 av_one_fourth  avia-builder-el-4  el_after_av_one_third  el_before_av_one_fifth  flex_column_div av-zero-column-padding'     ><div  class='avia-builder-widget-area clearfix  avia-builder-el-5  avia-builder-el-no-sibling'><div id=\"zoom-social-icons-widget-2\" class=\"widget clearfix zoom-social-icons-widget\">\n\t\t\n<ul class=\"zoom-social-icons-list zoom-social-icons-list--with-canvas zoom-social-icons-list--round zoom-social-icons-list--align-center zoom-social-icons-list--no-labels\">\n\n\t\t\n\t\t\t\t<li class=\"zoom-social_icons-list__item\">\n\t\t<a class=\"zoom-social_icons-list__link\" href=\"https:\/\/www.facebook.com\/mercuretilburg\" target=\"_blank\" title=\"Facebook\" rel=\"noopener\">\n\t\t\t\t\t\t\t\t\t\n\t\t\t\t\t\t<span class=\"screen-reader-text\">facebook<\/span>\n\t\t\t\n\t\t\t\t\t\t<span class=\"zoom-social_icons-list-span social-icon socicon socicon-facebook\" data-hover-rule=\"background-color\" data-hover-color=\"#3b5998\" style=\"background-color : #3b5998; font-size: 20px; padding:14px\" ><\/span>\n\t\t\t\n\t\t\t\t\t<\/a>\n\t<\/li>\n\n\t\n\t\t\t\t<li class=\"zoom-social_icons-list__item\">\n\t\t<a class=\"zoom-social_icons-list__link\" href=\"https:\/\/twitter.com\/MercureTilburg\" target=\"_blank\" title=\"Twitter\" rel=\"noopener\">\n\t\t\t\t\t\t\t\t\t\n\t\t\t\t\t\t<span class=\"screen-reader-text\">twitter<\/span>\n\t\t\t\n\t\t\t\t\t\t<span class=\"zoom-social_icons-list-span social-icon socicon socicon-twitter\" data-hover-rule=\"background-color\" data-hover-color=\"#55acee\" style=\"background-color : #55acee; font-size: 20px; padding:14px\" ><\/span>\n\t\t\t\n\t\t\t\t\t<\/a>\n\t<\/li>\n\n\t\n\t\t\t\t<li class=\"zoom-social_icons-list__item\">\n\t\t<a class=\"zoom-social_icons-list__link\" href=\"https:\/\/www.instagram.com\/mercuretilburgcentrum\/\" target=\"_blank\" title=\"Instagram\" rel=\"noopener\">\n\t\t\t\t\t\t\t\t\t\n\t\t\t\t\t\t<span class=\"screen-reader-text\">instagram<\/span>\n\t\t\t\n\t\t\t\t\t\t<span class=\"zoom-social_icons-list-span social-icon socicon socicon-instagram\" data-hover-rule=\"background-color\" data-hover-color=\"#e4405f\" style=\"background-color : #e4405f; font-size: 20px; padding:14px\" ><\/span>\n\t\t\t\n\t\t\t\t\t<\/a>\n\t<\/li>\n\n\t\n<\/ul>\n\n\t\t<\/div><\/div><\/div>\n<style type=\"text\/css\" data-created_by=\"avia_inline_auto\" id=\"style-css-av-9bx029-54fb4b4cd56861e2ede190e911ef7708\">\n.flex_column.av-9bx029-54fb4b4cd56861e2ede190e911ef7708{\nborder-radius:0px 0px 0px 0px;\npadding:0px 0px 0px 0px;\n}\n<\/style>\n<div  class='flex_column av-9bx029-54fb4b4cd56861e2ede190e911ef7708 av_one_fifth  avia-builder-el-6  el_after_av_one_fourth  avia-builder-el-last  flex_column_div av-zero-column-padding'     ><\/div>\n<\/div><\/div><\/main><!-- close content main element --><\/div><\/div>\n<style type=\"text\/css\" data-created_by=\"avia_inline_auto\" id=\"style-css-av-k084ya36-f08d6d95501acee677114eaa55ee1b24\">\n.avia-section.av-k084ya36-f08d6d95501acee677114eaa55ee1b24{\nbackground-color:#481948;\nbackground-image:unset;\n}\n<\/style>\n<div id='av_section_2'  class='avia-section av-k084ya36-f08d6d95501acee677114eaa55ee1b24 main_color avia-section-default avia-no-border-styling  avia-builder-el-7  el_after_av_section  avia-builder-el-last  avia-bg-style-scroll container_wrap sidebar_right'  ><div class='container av-section-cont-open' ><div class='template-page content  av-content-small alpha units'><div class='post-entry post-entry-type-page post-entry-1089'><div class='entry-content-wrapper clearfix'>\n\n<style type=\"text\/css\" data-created_by=\"avia_inline_auto\" id=\"style-css-av-785t1t-782d261c1217311c3f644b09f6efc925\">\n.flex_column.av-785t1t-782d261c1217311c3f644b09f6efc925{\nborder-radius:0px 0px 0px 0px;\npadding:0px 0px 0px 0px;\n}\n<\/style>\n<div  class='flex_column av-785t1t-782d261c1217311c3f644b09f6efc925 av_one_fifth  avia-builder-el-8  el_before_av_one_fifth  avia-builder-el-first  footercolum first flex_column_div av-zero-column-padding'     ><p>\n<style type=\"text\/css\" data-created_by=\"avia_inline_auto\" id=\"style-css-av-6vf4pd-d8f06347087424f27d9567265a7b2d39\">\n#top .av-special-heading.av-6vf4pd-d8f06347087424f27d9567265a7b2d39{\npadding-bottom:10px;\ncolor:#ffffff;\nfont-size:15px;\n}\nbody .av-special-heading.av-6vf4pd-d8f06347087424f27d9567265a7b2d39 .av-special-heading-tag .heading-char{\nfont-size:25px;\n}\n#top #wrap_all .av-special-heading.av-6vf4pd-d8f06347087424f27d9567265a7b2d39 .av-special-heading-tag{\nfont-size:15px;\n}\n.av-special-heading.av-6vf4pd-d8f06347087424f27d9567265a7b2d39 .special-heading-inner-border{\nborder-color:#ffffff;\n}\n.av-special-heading.av-6vf4pd-d8f06347087424f27d9567265a7b2d39 .av-subheading{\nfont-size:15px;\n}\n\n@media only screen and (min-width: 480px) and (max-width: 767px){ \n#top #wrap_all .av-special-heading.av-6vf4pd-d8f06347087424f27d9567265a7b2d39 .av-special-heading-tag{\nfont-size:0.8em;\n}\n}\n\n@media only screen and (max-width: 479px){ \n#top #wrap_all .av-special-heading.av-6vf4pd-d8f06347087424f27d9567265a7b2d39 .av-special-heading-tag{\nfont-size:0.8em;\n}\n}\n<\/style>\n<div  class='av-special-heading av-6vf4pd-d8f06347087424f27d9567265a7b2d39 av-special-heading-h3 custom-color-heading blockquote modern-quote  avia-builder-el-9  el_before_av_textblock  avia-builder-el-first  av-inherit-size'><h3 class='av-special-heading-tag'  itemprop=\"headline\"  >MERCURE<\/h3><div class=\"special-heading-border\"><div class=\"special-heading-inner-border\"><\/div><\/div><\/div><br \/>\n\n<style type=\"text\/css\" data-created_by=\"avia_inline_auto\" id=\"style-css-av-k085wb5h-5a00f5c166eff662e3bceaa9a5748183\">\n#top .av_textblock_section.av-k085wb5h-5a00f5c166eff662e3bceaa9a5748183 .avia_textblock{\nfont-size:13px;\ncolor:#ffffff;\n}\n<\/style>\n<section  class='av_textblock_section av-k085wb5h-5a00f5c166eff662e3bceaa9a5748183'   itemscope=\"itemscope\" itemtype=\"https:\/\/schema.org\/CreativeWork\" ><div class='avia_textblock av_inherit_color'  itemprop=\"text\" ><p>Colline 37<br \/>5038 CP Tilburg<br \/>Pays-Bas<\/p>\n<p>Tel : +31 (0)13 535 46 75<br \/>E-mail :\u00a0<a href=\"mailto:info@mercure-tilburg.nl\">info@mercure-tilburg.nl<\/a><\/p>\n<\/div><\/section><\/p><\/div>\n<style type=\"text\/css\" data-created_by=\"avia_inline_auto\" id=\"style-css-av-5nwcdt-fa64f3a84143d499cfe044dabfec55ed\">\n.flex_column.av-5nwcdt-fa64f3a84143d499cfe044dabfec55ed{\nborder-radius:0px 0px 0px 0px;\npadding:0px 0px 0px 0px;\n}\n<\/style>\n<div  class='flex_column av-5nwcdt-fa64f3a84143d499cfe044dabfec55ed av_one_fifth  avia-builder-el-11  el_after_av_one_fifth  el_before_av_one_fourth  footercolum flex_column_div av-zero-column-padding'     ><p>\n<style type=\"text\/css\" data-created_by=\"avia_inline_auto\" id=\"style-css-av-6iuo4h-cb4642758c8188f2eb26e3cc9b7f48e5\">\n#top .av-special-heading.av-6iuo4h-cb4642758c8188f2eb26e3cc9b7f48e5{\npadding-bottom:10px;\ncolor:#ffffff;\nfont-size:15px;\n}\nbody .av-special-heading.av-6iuo4h-cb4642758c8188f2eb26e3cc9b7f48e5 .av-special-heading-tag .heading-char{\nfont-size:25px;\n}\n#top #wrap_all .av-special-heading.av-6iuo4h-cb4642758c8188f2eb26e3cc9b7f48e5 .av-special-heading-tag{\nfont-size:15px;\n}\n.av-special-heading.av-6iuo4h-cb4642758c8188f2eb26e3cc9b7f48e5 .special-heading-inner-border{\nborder-color:#ffffff;\n}\n.av-special-heading.av-6iuo4h-cb4642758c8188f2eb26e3cc9b7f48e5 .av-subheading{\nfont-size:15px;\n}\n\n@media only screen and (min-width: 480px) and (max-width: 767px){ \n#top #wrap_all .av-special-heading.av-6iuo4h-cb4642758c8188f2eb26e3cc9b7f48e5 .av-special-heading-tag{\nfont-size:0.8em;\n}\n}\n\n@media only screen and (max-width: 479px){ \n#top #wrap_all .av-special-heading.av-6iuo4h-cb4642758c8188f2eb26e3cc9b7f48e5 .av-special-heading-tag{\nfont-size:0.8em;\n}\n}\n<\/style>\n<div  class='av-special-heading av-6iuo4h-cb4642758c8188f2eb26e3cc9b7f48e5 av-special-heading-h3 custom-color-heading blockquote modern-quote  avia-builder-el-12  el_before_av_textblock  avia-builder-el-first  av-inherit-size'><h3 class='av-special-heading-tag'  itemprop=\"headline\"  >GROUPE ACCOR<\/h3><div class=\"special-heading-border\"><div class=\"special-heading-inner-border\"><\/div><\/div><\/div><br \/>\n\n<style type=\"text\/css\" data-created_by=\"avia_inline_auto\" id=\"style-css-av-k085wb5h-5a00f5c166eff662e3bceaa9a5748183\">\n#top .av_textblock_section.av-k085wb5h-5a00f5c166eff662e3bceaa9a5748183 .avia_textblock{\nfont-size:13px;\ncolor:#ffffff;\n}\n<\/style>\n<section  class='av_textblock_section av-k085wb5h-5a00f5c166eff662e3bceaa9a5748183'   itemscope=\"itemscope\" itemtype=\"https:\/\/schema.org\/CreativeWork\" ><div class='avia_textblock av_inherit_color'  itemprop=\"text\" ><p style=\"text-align: left;\"><a href=\"https:\/\/group.accor.com\/en\" target=\"_blank\" rel=\"noopener\">Groupe Accor Hotels<\/a><br \/><a href=\"https:\/\/group.accor.com\/en\/hotel-development\" target=\"_blank\" rel=\"noopener\">Gestion et franchise<\/a><br \/><a href=\"https:\/\/www.accorhotels.com\/nl\/sustainable-development\/index.shtml\" target=\"_blank\" rel=\"noopener\">D\u00e9veloppement durable<\/a><br \/><a href=\"http:\/\/accorhotels.com\/security-certificate\/index.nl.shtml\" target=\"_blank\" rel=\"noopener\">Donn\u00e9es personnelles<\/a><br \/><a href=\"https:\/\/www.accorhotels.com\/legal-conditions\/index.nl.shtml\" target=\"_blank\" rel=\"noopener\">Avis juridiques<\/a><br \/><a href=\"https:\/\/cdn.khn.nl\/media\/Tools\/UVH\/uniforme-voorwaarden-horeca-nederlands.pdf\">Conditions uniformes<\/a><\/p>\n<\/div><\/section><\/p><\/div>\n<style type=\"text\/css\" data-created_by=\"avia_inline_auto\" id=\"style-css-av-422q41-e74b24e3d565a4bc0641841296d57902\">\n.flex_column.av-422q41-e74b24e3d565a4bc0641841296d57902{\nborder-radius:0px 0px 0px 0px;\npadding:0px 0px 0px 0px;\n}\n<\/style>\n<div  class='flex_column av-422q41-e74b24e3d565a4bc0641841296d57902 av_one_fourth  avia-builder-el-14  el_after_av_one_fifth  el_before_av_one_third  footercolum flex_column_div av-zero-column-padding'     ><p>\n<style type=\"text\/css\" data-created_by=\"avia_inline_auto\" id=\"style-css-av-gt38x-3328861c16e46f571db9489271171882\">\n#top .av-special-heading.av-gt38x-3328861c16e46f571db9489271171882{\npadding-bottom:10px;\ncolor:#ffffff;\nfont-size:15px;\n}\nbody .av-special-heading.av-gt38x-3328861c16e46f571db9489271171882 .av-special-heading-tag .heading-char{\nfont-size:25px;\n}\n#top #wrap_all .av-special-heading.av-gt38x-3328861c16e46f571db9489271171882 .av-special-heading-tag{\nfont-size:15px;\n}\n.av-special-heading.av-gt38x-3328861c16e46f571db9489271171882 .special-heading-inner-border{\nborder-color:#ffffff;\n}\n.av-special-heading.av-gt38x-3328861c16e46f571db9489271171882 .av-subheading{\nfont-size:15px;\n}\n\n@media only screen and (min-width: 480px) and (max-width: 767px){ \n#top #wrap_all .av-special-heading.av-gt38x-3328861c16e46f571db9489271171882 .av-special-heading-tag{\nfont-size:0.8em;\n}\n}\n\n@media only screen and (max-width: 479px){ \n#top #wrap_all .av-special-heading.av-gt38x-3328861c16e46f571db9489271171882 .av-special-heading-tag{\nfont-size:0.8em;\n}\n}\n<\/style>\n<div  class='av-special-heading av-gt38x-3328861c16e46f571db9489271171882 av-special-heading-h3 custom-color-heading blockquote modern-quote  avia-builder-el-15  el_before_av_textblock  avia-builder-el-first  av-inherit-size'><h3 class='av-special-heading-tag'  itemprop=\"headline\"  >AIDE ET CONTACT<\/h3><div class=\"special-heading-border\"><div class=\"special-heading-inner-border\"><\/div><\/div><\/div><br \/>\n\n<style type=\"text\/css\" data-created_by=\"avia_inline_auto\" id=\"style-css-av-k085wb5h-4ef7ff538b9de9fcc69f6c91d4fd6480\">\n#top .av_textblock_section.av-k085wb5h-4ef7ff538b9de9fcc69f6c91d4fd6480 .avia_textblock{\nfont-size:13px;\ncolor:#ffffff;\n}\n<\/style>\n<section  class='av_textblock_section av-k085wb5h-4ef7ff538b9de9fcc69f6c91d4fd6480'   itemscope=\"itemscope\" itemtype=\"https:\/\/schema.org\/CreativeWork\" ><div class='avia_textblock av_inherit_color'  itemprop=\"text\" ><p><a href=\"https:\/\/mercure-tilburg.nl\/fr\/nos-chambres-dhotel\/\">Chambres<\/a><\/p>\n<\/div><\/section><\/p><\/div>\n<style type=\"text\/css\" data-created_by=\"avia_inline_auto\" id=\"style-css-av-2m8ar5-6a558804883e5828b434f90b35f14e3b\">\n.flex_column.av-2m8ar5-6a558804883e5828b434f90b35f14e3b{\nborder-radius:0px 0px 0px 0px;\npadding:0px 0px 0px 0px;\n}\n<\/style>\n<div  class='flex_column av-2m8ar5-6a558804883e5828b434f90b35f14e3b av_one_third  avia-builder-el-17  el_after_av_one_fourth  el_before_av_one_fifth  flex_column_div av-zero-column-padding'     ><p><div  class='avia-button-wrap av-k0869swn-264dc33879ac9b88e956da2cb08f6572-wrap avia-button-left  avia-builder-el-18  el_before_av_heading  avia-builder-el-first'>\n<style type=\"text\/css\" data-created_by=\"avia_inline_auto\" id=\"style-css-av-k0869swn-264dc33879ac9b88e956da2cb08f6572\">\n#top #wrap_all .avia-button.av-k0869swn-264dc33879ac9b88e956da2cb08f6572{\nbackground-color:#512551;\nborder-color:#512551;\ncolor:#ffffff;\ntransition:all 0.4s ease-in-out;\n}\n<\/style>\n<a href=''  class='avia-button av-k0869swn-264dc33879ac9b88e956da2cb08f6572 avia-icon_select-no avia-size-large avia-position-left'  ><span class='avia_iconbox_title' >ASSISTANCE T\u00c9L\u00c9PHONIQUE<\/span><\/a><\/div><br \/>\n\n<style type=\"text\/css\" data-created_by=\"avia_inline_auto\" id=\"style-css-av-2c8n81-1c10a85441eba79d792f1a0f877be2cb\">\n#top .av-special-heading.av-2c8n81-1c10a85441eba79d792f1a0f877be2cb{\npadding-bottom:10px;\ncolor:#ffffff;\nfont-size:15px;\n}\nbody .av-special-heading.av-2c8n81-1c10a85441eba79d792f1a0f877be2cb .av-special-heading-tag .heading-char{\nfont-size:25px;\n}\n#top #wrap_all .av-special-heading.av-2c8n81-1c10a85441eba79d792f1a0f877be2cb .av-special-heading-tag{\nfont-size:15px;\n}\n.av-special-heading.av-2c8n81-1c10a85441eba79d792f1a0f877be2cb .special-heading-inner-border{\nborder-color:#ffffff;\n}\n.av-special-heading.av-2c8n81-1c10a85441eba79d792f1a0f877be2cb .av-subheading{\nfont-size:15px;\n}\n\n@media only screen and (min-width: 480px) and (max-width: 767px){ \n#top #wrap_all .av-special-heading.av-2c8n81-1c10a85441eba79d792f1a0f877be2cb .av-special-heading-tag{\nfont-size:0.8em;\n}\n}\n\n@media only screen and (max-width: 479px){ \n#top #wrap_all .av-special-heading.av-2c8n81-1c10a85441eba79d792f1a0f877be2cb .av-special-heading-tag{\nfont-size:0.8em;\n}\n}\n<\/style>\n<div  class='av-special-heading av-2c8n81-1c10a85441eba79d792f1a0f877be2cb av-special-heading-h3 custom-color-heading blockquote modern-quote  avia-builder-el-19  el_after_av_button  el_before_av_codeblock  av-inherit-size'><h3 class='av-special-heading-tag'  itemprop=\"headline\"  >NOS INVIT\u00c9S \u00c0 PROPOS DE NOUS<\/h3><div class=\"special-heading-border\"><div class=\"special-heading-inner-border\"><\/div><\/div><\/div><br \/>\n<\/p><\/div>\n<style type=\"text\/css\" data-created_by=\"avia_inline_auto\" id=\"style-css-av-2m8ar5-647af1abe6db9a871d6fa7ca7e9cbb30\">\n.flex_column.av-2m8ar5-647af1abe6db9a871d6fa7ca7e9cbb30{\nborder-radius:0px 0px 0px 0px;\npadding:0px 0px 0px 0px;\n}\n<\/style>\n<div  class='flex_column av-2m8ar5-647af1abe6db9a871d6fa7ca7e9cbb30 av_one_fifth  avia-builder-el-21  el_after_av_one_third  el_before_av_three_fifth  first flex_column_div av-zero-column-padding  column-top-margin'     ><\/div>\n<style type=\"text\/css\" data-created_by=\"avia_inline_auto\" id=\"style-css-av-2m8ar5-6a558804883e5828b434f90b35f14e3b\">\n.flex_column.av-2m8ar5-6a558804883e5828b434f90b35f14e3b{\nborder-radius:0px 0px 0px 0px;\npadding:0px 0px 0px 0px;\n}\n<\/style>\n<div  class='flex_column av-2m8ar5-6a558804883e5828b434f90b35f14e3b av_three_fifth  avia-builder-el-22  el_after_av_one_fifth  el_before_av_one_fifth  flex_column_div av-zero-column-padding  column-top-margin'     ><p>\n<style type=\"text\/css\" data-created_by=\"avia_inline_auto\" id=\"style-css-av-kdzjqmyy-5c1f82b996e29df924242cccb8471a12\">\n.avia-image-container.av-kdzjqmyy-5c1f82b996e29df924242cccb8471a12 img.avia_image{\nbox-shadow:none;\n}\n.avia-image-container.av-kdzjqmyy-5c1f82b996e29df924242cccb8471a12 .av-image-caption-overlay-center{\ncolor:#ffffff;\n}\n<\/style>\n<div  class='avia-image-container av-kdzjqmyy-5c1f82b996e29df924242cccb8471a12 av-styling- avia-align-center  avia-builder-el-23  el_before_av_textblock  avia-builder-el-first'   itemprop=\"image\" itemscope=\"itemscope\" itemtype=\"https:\/\/schema.org\/ImageObject\" ><div class=\"avia-image-container-inner\"><div class=\"avia-image-overlay-wrap\"><a href=\"https:\/\/all.accor.com\/event\/allsafe.nl.shtml\" class='avia_image'  aria-label='tous s\u00fbrs sans texte'><img decoding=\"async\" fetchpriority=\"high\" class='wp-image-4699 avia-img-lazy-loading-not-4699 avia_image' src=\"https:\/\/mercure-tilburg.nl\/wp-content\/uploads\/2020\/08\/all_safe_no_text-300x250.png\" alt='tous s\u00fbrs sans texte' title='tous s\u00fbrs sans texte'  height=\"250\" width=\"300\"  itemprop=\"thumbnailUrl\" srcset=\"https:\/\/mercure-tilburg.nl\/wp-content\/uploads\/2020\/08\/all_safe_no_text-300x250.png 300w, https:\/\/mercure-tilburg.nl\/wp-content\/uploads\/2020\/08\/all_safe_no_text-1030x858.png 1030w, https:\/\/mercure-tilburg.nl\/wp-content\/uploads\/2020\/08\/all_safe_no_text-768x640.png 768w, https:\/\/mercure-tilburg.nl\/wp-content\/uploads\/2020\/08\/all_safe_no_text-705x588.png 705w, https:\/\/mercure-tilburg.nl\/wp-content\/uploads\/2020\/08\/all_safe_no_text-450x375.png 450w, https:\/\/mercure-tilburg.nl\/wp-content\/uploads\/2020\/08\/all_safe_no_text.png 1200w\" sizes=\"(max-width: 300px) 100vw, 300px\" \/><\/a><\/div><\/div><\/div><br \/>\n\n<style type=\"text\/css\" data-created_by=\"avia_inline_auto\" id=\"style-css-av-k085wb5h-5a00f5c166eff662e3bceaa9a5748183\">\n#top .av_textblock_section.av-k085wb5h-5a00f5c166eff662e3bceaa9a5748183 .avia_textblock{\nfont-size:13px;\ncolor:#ffffff;\n}\n<\/style>\n<section  class='av_textblock_section av-k085wb5h-5a00f5c166eff662e3bceaa9a5748183'   itemscope=\"itemscope\" itemtype=\"https:\/\/schema.org\/CreativeWork\" ><div class='avia_textblock av_inherit_color'  itemprop=\"text\" ><p>UN H\u00d4TEL MERCURE POUR TOUTES VOS DESTINATIONS<\/p>\n<p>H\u00f4tel Tilburg - H\u00f4tel Amsterdam - H\u00f4tel Bali - H\u00f4tel Berlin - H\u00f4tel Budapest - H\u00f4tel Canach - H\u00f4tel Courbevoie - H\u00f4tel La Haye - H\u00f4tel D\u00fcsseldorf - H\u00f4tel Francfort - H\u00f4tel Groningen - H\u00f4tel Hamburg - H\u00f4tel Cologne - H\u00f4tel Leuven - H\u00f4tel London - H\u00f4tel Lyon - H\u00f4tel Madrid - H\u00f4tel M\u00fcnchen - H\u00f4tel Nice - H\u00f4tel Amersfoort - H\u00f4tel Nijmegen - H\u00f4tel N\u00fcrnberg - H\u00f4tel Paris - H\u00f4tel Reims - H\u00f4tel Rome - H\u00f4tel Rosmalen - H\u00f4tel Sao Paulo - H\u00f4tel Strasbourg - H\u00f4tel Stuttgart - H\u00f4tel Vienna<\/p>\n<\/div><\/section><\/p><\/div>\n<style type=\"text\/css\" data-created_by=\"avia_inline_auto\" id=\"style-css-av-2m8ar5-6a558804883e5828b434f90b35f14e3b\">\n.flex_column.av-2m8ar5-6a558804883e5828b434f90b35f14e3b{\nborder-radius:0px 0px 0px 0px;\npadding:0px 0px 0px 0px;\n}\n<\/style>\n<div  class='flex_column av-2m8ar5-6a558804883e5828b434f90b35f14e3b av_one_fifth  avia-builder-el-25  el_after_av_three_fifth  avia-builder-el-last  flex_column_div av-zero-column-padding  column-top-margin'     ><\/div><\/div><\/div><\/div><!-- close content main div --><\/div><\/div><div id='after_section_2'  class='main_color av_default_container_wrap container_wrap sidebar_right'  ><div class='container av-section-cont-open' ><div class='template-page content  av-content-small alpha units'><div class='post-entry post-entry-type-page post-entry-1089'><div class='entry-content-wrapper clearfix'>","protected":false},"excerpt":{"rendered":"","protected":false},"author":1,"featured_media":0,"parent":0,"menu_order":0,"comment_status":"closed","ping_status":"closed","template":"","meta":{"footnotes":""},"class_list":["post-1089","page","type-page","status-publish","hentry"],"yoast_head":"<!-- This site is optimized with the Yoast SEO Premium plugin v14.9 - https:\/\/yoast.com\/wordpress\/plugins\/seo\/ -->\n<title>footer - Mercure Hotel Tilburg Centrum<\/title>\n<meta name=\"robots\" content=\"index, follow, max-snippet:-1, max-image-preview:large, max-video-preview:-1\" \/>\n<link rel=\"canonical\" href=\"https:\/\/mercure-tilburg.nl\/fr\/pied-de-page-2\/\" \/>\n<meta property=\"og:locale\" content=\"fr_FR\" \/>\n<meta property=\"og:type\" content=\"article\" \/>\n<meta property=\"og:title\" content=\"footer - Mercure Hotel Tilburg Centrum\" \/>\n<meta property=\"og:url\" content=\"https:\/\/mercure-tilburg.nl\/fr\/pied-de-page-2\/\" \/>\n<meta property=\"og:site_name\" content=\"Mercure Hotel Tilburg Centrum\" \/>\n<meta property=\"article:modified_time\" content=\"2022-12-15T08:19:40+00:00\" \/>\n<meta name=\"twitter:card\" content=\"summary_large_image\" \/>\n<script type=\"application\/ld+json\" class=\"yoast-schema-graph\">{\"@context\":\"https:\/\/schema.org\",\"@graph\":[{\"@type\":\"WebSite\",\"@id\":\"https:\/\/mercure-tilburg.nl\/fr\/#website\",\"url\":\"https:\/\/mercure-tilburg.nl\/fr\/\",\"name\":\"Mercure Hotel Tilburg Centrum\",\"description\":\"Overnachten op de beste plek van Tilburg\",\"potentialAction\":[{\"@type\":\"SearchAction\",\"target\":\"https:\/\/mercure-tilburg.nl\/fr\/?s={search_term_string}\",\"query-input\":\"required name=search_term_string\"}],\"inLanguage\":\"fr-FR\"},{\"@type\":\"WebPage\",\"@id\":\"https:\/\/mercure-tilburg.nl\/footer-2\/#webpage\",\"url\":\"https:\/\/mercure-tilburg.nl\/footer-2\/\",\"name\":\"footer - Mercure Hotel Tilburg Centrum\",\"isPartOf\":{\"@id\":\"https:\/\/mercure-tilburg.nl\/fr\/#website\"},\"datePublished\":\"2019-09-06T13:08:06+00:00\",\"dateModified\":\"2022-12-15T08:19:40+00:00\",\"inLanguage\":\"fr-FR\",\"potentialAction\":[{\"@type\":\"ReadAction\",\"target\":[\"https:\/\/mercure-tilburg.nl\/footer-2\/\"]}]}]}<\/script>\n<!-- \/ Yoast SEO Premium plugin. -->","_links":{"self":[{"href":"https:\/\/mercure-tilburg.nl\/fr\/wp-json\/wp\/v2\/pages\/1089","targetHints":{"allow":["GET"]}}],"collection":[{"href":"https:\/\/mercure-tilburg.nl\/fr\/wp-json\/wp\/v2\/pages"}],"about":[{"href":"https:\/\/mercure-tilburg.nl\/fr\/wp-json\/wp\/v2\/types\/page"}],"author":[{"embeddable":true,"href":"https:\/\/mercure-tilburg.nl\/fr\/wp-json\/wp\/v2\/users\/1"}],"replies":[{"embeddable":true,"href":"https:\/\/mercure-tilburg.nl\/fr\/wp-json\/wp\/v2\/comments?post=1089"}],"version-history":[{"count":4,"href":"https:\/\/mercure-tilburg.nl\/fr\/wp-json\/wp\/v2\/pages\/1089\/revisions"}],"predecessor-version":[{"id":8423,"href":"https:\/\/mercure-tilburg.nl\/fr\/wp-json\/wp\/v2\/pages\/1089\/revisions\/8423"}],"wp:attachment":[{"href":"https:\/\/mercure-tilburg.nl\/fr\/wp-json\/wp\/v2\/media?parent=1089"}],"curies":[{"name":"wp","href":"https:\/\/api.w.org\/{rel}","templated":true}]}}