{"id":9128,"date":"2025-08-19T13:30:08","date_gmt":"2025-08-19T11:30:08","guid":{"rendered":"https:\/\/mercure-tilburg.nl\/?page_id=9128"},"modified":"2025-08-19T13:30:58","modified_gmt":"2025-08-19T11:30:58","slug":"beleef-een-betoverend-weekend-in-de-efteling-en-verblijf-in-een-hotel-vlakbij-2","status":"publish","type":"page","link":"https:\/\/mercure-tilburg.nl\/de\/erleben-sie-ein-zauberhaftes-wochenende-in-efteling-und-wohnen-sie-in-einem-hotel-in-der-nahe-von-2\/","title":{"rendered":"Tilburg macht den September zum 'Refashion-Monat' mit einer Mission"},"content":{"rendered":"<div>\n<h1 style=\"text-align: center;\"><b><span data-olk-copy-source=\"MessageBody\">Tilburg macht den September zum 'Refashion-Monat' mit einer Mission<\/span><\/b><\/h1>\n<\/div>\n<div>\n<div>\n<p style=\"text-align: center;\">Nach der sehr erfolgreichen Premiere im letzten Jahr verwandelt sich die Innenstadt von Tilburg im September erneut in ein Walhalla f\u00fcr Liebhaber von nachhaltiger, Vintage-Mode und Upcycling. In einer Welt, die von Fast Fashion \u00fcberschwemmt wird, entscheidet sich Tilburg im September f\u00fcr Slow, Style und Smart. Der Refashion Month ist kein Bekleidungsmonat, sondern ein Statement. Hier bekommt die Mode ein anderes Leben und eine andere Bedeutung. Es geht um bewussten, lokalen Einkauf, Wiederverwendung und Upcycling von Kleidung und Accessoires.<\/p>\n<\/div>\n<p>&nbsp;<\/p>\n<\/div>\n<div>\n<div id=\"attachment_9129\" style=\"width: 714px\" class=\"wp-caption aligncenter\"><img loading=\"lazy\" decoding=\"async\" aria-describedby=\"caption-attachment-9129\" class=\"wp-image-9129\" title=\"Riesiger Stapel von Kleidung Fast Fashion\" src=\"https:\/\/mercure-tilburg.nl\/wp-content\/uploads\/2025\/08\/Kopie-van-Nieuwe-website-1064x709-3.jpg\" alt=\"Riesiger Stapel von Kleidung Fast Fashion\" width=\"704\" height=\"469\" srcset=\"https:\/\/mercure-tilburg.nl\/wp-content\/uploads\/2025\/08\/Kopie-van-Nieuwe-website-1064x709-3.jpg 1064w, https:\/\/mercure-tilburg.nl\/wp-content\/uploads\/2025\/08\/Kopie-van-Nieuwe-website-1064x709-3-300x200.jpg 300w, https:\/\/mercure-tilburg.nl\/wp-content\/uploads\/2025\/08\/Kopie-van-Nieuwe-website-1064x709-3-1030x686.jpg 1030w, https:\/\/mercure-tilburg.nl\/wp-content\/uploads\/2025\/08\/Kopie-van-Nieuwe-website-1064x709-3-768x512.jpg 768w, https:\/\/mercure-tilburg.nl\/wp-content\/uploads\/2025\/08\/Kopie-van-Nieuwe-website-1064x709-3-18x12.jpg 18w, https:\/\/mercure-tilburg.nl\/wp-content\/uploads\/2025\/08\/Kopie-van-Nieuwe-website-1064x709-3-705x470.jpg 705w\" sizes=\"auto, (max-width: 704px) 100vw, 704px\" \/><p id=\"caption-attachment-9129\" class=\"wp-caption-text\">Riesiger Stapel von Kleidung Fast Fashion<\/p><\/div>\n<h2 style=\"text-align: center;\"><b><span data-olk-copy-source=\"MessageBody\">Bewegung f\u00fcr nachhaltige Mode w\u00e4chst in Tilburg<\/span><\/b><\/h2>\n<\/div>\n<div>\n<p style=\"text-align: center;\"><span data-olk-copy-source=\"MessageBody\">Vintage und Upcycling boomen - auch in Tilburg, der Stadt der Macher. Im Stadtzentrum gibt es immer mehr Gesch\u00e4fte mit einem Secondhand-Angebot, und auch etablierte Unternehmer statten einen Teil ihres Gesch\u00e4fts mit Vintage-Schmuckst\u00fccken aus. Dar\u00fcber hinaus w\u00e4chst das Bewusstsein der Verbraucher. Eine perfekte Grundlage f\u00fcr den zweiten 'Refashion Month! Denn obwohl der September als Modemonat bekannt ist und eine neue Saison in Sicht ist, setzt Tilburg auf einen nachhaltigen Ansatz mit Schwerpunkt auf lokalem und bewusstem Einkauf und darauf, Kleidung, Gegenst\u00e4nden und Materialien ein zweites Leben zu geben. <\/span><\/p>\n<p>&nbsp;<\/p>\n<p><img loading=\"lazy\" decoding=\"async\" class=\"wp-image-9131  alignleft\" title=\"Efteling Baron 1898 Joris und der Drache Foto Adri van Esch\" src=\"https:\/\/mercure-tilburg.nl\/wp-content\/uploads\/2025\/08\/20240907_CoT-freefashion_Fotografie-Jules-van-Iperen_043.png\" alt=\"20240907 CoT freefashion Fotografie Jules van Iperen 043\" width=\"379\" height=\"268\" srcset=\"https:\/\/mercure-tilburg.nl\/wp-content\/uploads\/2025\/08\/20240907_CoT-freefashion_Fotografie-Jules-van-Iperen_043.png 600w, https:\/\/mercure-tilburg.nl\/wp-content\/uploads\/2025\/08\/20240907_CoT-freefashion_Fotografie-Jules-van-Iperen_043-300x213.png 300w, https:\/\/mercure-tilburg.nl\/wp-content\/uploads\/2025\/08\/20240907_CoT-freefashion_Fotografie-Jules-van-Iperen_043-18x12.png 18w, https:\/\/mercure-tilburg.nl\/wp-content\/uploads\/2025\/08\/20240907_CoT-freefashion_Fotografie-Jules-van-Iperen_043-260x185.png 260w\" sizes=\"auto, (max-width: 379px) 100vw, 379px\" \/><\/p>\n<\/div>\n<div>\n<h2><b><span data-olk-copy-source=\"MessageBody\">Kostenlose Mode, abfallfreie Workshops, Glamourday Refashioned Edition und mehr<\/span><\/b><\/h2>\n<\/div>\n<div>\n<p><span data-olk-copy-source=\"MessageBody\">Das Programm des Tilburg Refashion Month bietet f\u00fcr jeden etwas. FREE Fashion beginnt mit der Er\u00f6ffnung des FREE Fashion Kids Store in der Emmapassage am 6. September, wo Sie kostenlos einkaufen und eine exklusive Performance von Swarmers genie\u00dfen k\u00f6nnen. An jedem Wochenende im September finden im Center of Tilburg Pop-up Park am Pieter Vreedeplein kostenlose kreative Workshops zum Thema Upcycling statt. Hier befinden sich auch die mobilen Free Fashion-Kleiderst\u00e4nder, an denen kostenlos Kleidung getauscht und gespendet werden kann. Der Monat endet mit der Glamourday Refashioned Edition am 27. September, bei der nachhaltige Mode und Sch\u00f6nheit auf dem Pieter Vreedeplein und in der Emmapassage entdeckt werden k\u00f6nnen. Von Workshops und Aktivit\u00e4ten f\u00fcr Jung und Alt bis hin zu Styling- und Farbberatung. Und schlie\u00dflich wird es eine 'Re-where'-Route durch die Innenstadt geben, auf der Sie beim Einkaufen auf einen Blick sehen k\u00f6nnen, wo Sie Secondhand kaufen k\u00f6nnen, wo Sie sich zum Reparieren oder Upcycling hinwenden k\u00f6nnen oder wo Sie selbst Kleidung spenden k\u00f6nnen. Eine gute Nachricht! Denn auch nach dem Refashion Month wird diese Route in der Innenstadt sichtbar bleiben. <\/span><\/p>\n<p>&nbsp;<\/p>\n<p><img loading=\"lazy\" decoding=\"async\" class=\"wp-image-9130  alignright\" title=\"Wochenende in De Efteling und Aufenthalt in einem Hotel in der N\u00e4he des Vergn\u00fcgungsparks\" src=\"https:\/\/mercure-tilburg.nl\/wp-content\/uploads\/2025\/08\/frans-hommersom.jpg\" alt=\"franz\u00f6sisch hommersom\" width=\"323\" height=\"323\" srcset=\"https:\/\/mercure-tilburg.nl\/wp-content\/uploads\/2025\/08\/frans-hommersom.jpg 640w, https:\/\/mercure-tilburg.nl\/wp-content\/uploads\/2025\/08\/frans-hommersom-300x300.jpg 300w, https:\/\/mercure-tilburg.nl\/wp-content\/uploads\/2025\/08\/frans-hommersom-80x80.jpg 80w, https:\/\/mercure-tilburg.nl\/wp-content\/uploads\/2025\/08\/frans-hommersom-12x12.jpg 12w, https:\/\/mercure-tilburg.nl\/wp-content\/uploads\/2025\/08\/frans-hommersom-36x36.jpg 36w, https:\/\/mercure-tilburg.nl\/wp-content\/uploads\/2025\/08\/frans-hommersom-180x180.jpg 180w\" sizes=\"auto, (max-width: 323px) 100vw, 323px\" \/><\/p>\n<\/div>\n<div>\n<h2><b><span data-olk-copy-source=\"MessageBody\">Lokale Kooperationen f\u00fcr den Tilburger Refashion-Monat<\/span><\/b><\/h2>\n<\/div>\n<div>\n<div>\n<p><span data-olk-copy-source=\"MessageBody\">Dieser einzigartige Monat bringt verschiedene Initiativen zusammen, um das Bewusstsein f\u00fcr nachhaltigen und lokalen Einkauf und die Auswirkungen von Fast Fashion auf die Textilindustrie zu sch\u00e4rfen.<b> <\/b>Egal, ob Sie bereits ein Fan von Vintage sind oder nur eine erste Einf\u00fchrung in nachhaltige Mode suchen, im September ist f\u00fcr jeden etwas dabei. Mit diesem umfangreichen Programm unterstreicht Tilburg seine Position als Vorreiter in Sachen nachhaltiger Mode. Jeder ist eingeladen, sich umzuschauen, mitzumachen und sich f\u00fcr stilvolle Nachhaltigkeit zu begeistern. Weitere Informationen \u00fcber den Tilburg Refashion Month und das Veranstaltungsprogramm finden Sie unter <\/span><a title=\"Urspr\u00fcngliche URL: http:\/\/www.centeroftilburg.com\/tilburgrefashionmonth. Klicken oder tippen Sie, wenn Sie diesem Link vertrauen.\" href=\"https:\/\/eur06.safelinks.protection.outlook.com\/?url=http%3A%2F%2Fwww.centeroftilburg.com%2Ftilburgrefashionmonth&amp;data=05%7C02%7Ccommunicatie%40GenMhotels.com%7Ccbd24d2cded543b6beb508dddf0cc338%7C4c2b47a270484877bcc3c5208b7d0173%7C0%7C0%7C638911968111235908%7CUnknown%7CTWFpbGZsb3d8eyJFbXB0eU1hcGkiOnRydWUsIlYiOiIwLjAuMDAwMCIsIlAiOiJXaW4zMiIsIkFOIjoiTWFpbCIsIldUIjoyfQ%3D%3D%7C0%7C%7C%7C&amp;sdata=Uq5EQWbNlA98ydhcZKrtS1Px7N%2BaAmE9WiX5jvRfCrI%3D&amp;reserved=0\" target=\"_blank\" rel=\"noopener noreferrer\" data-auth=\"NotApplicable\" data-linkindex=\"0\">www.centeroftilburg.com\/tilburgrefashionmaand<\/a>.<\/p>\n<\/div>\n<\/div>","protected":false},"excerpt":{"rendered":"<p>Tilburg macht den September zum \"Refashion Month\" mit einer Mission Nach einer sehr erfolgreichen Premiere im letzten Jahr verwandelt sich das Stadtzentrum von Tilburg im September erneut in eine Walhalla f\u00fcr Liebhaber von nachhaltiger, Vintage-Mode und Upcycling. In einer Welt, die von Fast Fashion \u00fcberschwemmt wird, setzt Tilburg im September auf Slow, Style und Smart. Die [...]<\/p>","protected":false},"author":2,"featured_media":0,"parent":0,"menu_order":0,"comment_status":"closed","ping_status":"closed","template":"","meta":{"footnotes":""},"class_list":["post-9128","page","type-page","status-publish","hentry"],"yoast_head":"<!-- This site is optimized with the Yoast SEO Premium plugin v14.9 - https:\/\/yoast.com\/wordpress\/plugins\/seo\/ -->\n<title>Tilburg maakt van september een \u2018Refashion Maand\u2019 met een missie - Mercure Hotel Tilburg Centrum<\/title>\n<meta name=\"robots\" content=\"index, follow, max-snippet:-1, max-image-preview:large, max-video-preview:-1\" \/>\n<link rel=\"canonical\" href=\"https:\/\/mercure-tilburg.nl\/de\/erleben-sie-ein-zauberhaftes-wochenende-in-efteling-und-wohnen-sie-in-einem-hotel-in-der-nahe-von-2\/\" \/>\n<meta property=\"og:locale\" content=\"de_DE\" \/>\n<meta property=\"og:type\" content=\"article\" \/>\n<meta property=\"og:title\" content=\"Tilburg maakt van september een \u2018Refashion Maand\u2019 met een missie - Mercure Hotel Tilburg Centrum\" \/>\n<meta property=\"og:description\" content=\"Tilburg maakt van september een \u2018Refashion Maand\u2019 met een missie Na een zeer geslaagde primeur vorig jaar verandert de binnenstad van Tilburg in september opnieuw in een walhalla voor liefhebbers van duurzame, vintage mode en upcycling. In een wereld die overspoeld wordt met fast fashion, kiest Tilburg in september voor slow, stijlvol en slim. De [&hellip;]\" \/>\n<meta property=\"og:url\" content=\"https:\/\/mercure-tilburg.nl\/de\/erleben-sie-ein-zauberhaftes-wochenende-in-efteling-und-wohnen-sie-in-einem-hotel-in-der-nahe-von-2\/\" \/>\n<meta property=\"og:site_name\" content=\"Mercure Hotel Tilburg Centrum\" \/>\n<meta property=\"article:modified_time\" content=\"2025-08-19T11:30:58+00:00\" \/>\n<meta property=\"og:image\" content=\"https:\/\/mercure-tilburg.nl\/wp-content\/uploads\/2025\/08\/Kopie-van-Nieuwe-website-1064x709-3.jpg\" \/>\n<meta name=\"twitter:card\" content=\"summary_large_image\" \/>\n<script type=\"application\/ld+json\" class=\"yoast-schema-graph\">{\"@context\":\"https:\/\/schema.org\",\"@graph\":[{\"@type\":\"WebSite\",\"@id\":\"https:\/\/mercure-tilburg.nl\/de\/#website\",\"url\":\"https:\/\/mercure-tilburg.nl\/de\/\",\"name\":\"Mercure Hotel Tilburg Centrum\",\"description\":\"Overnachten op de beste plek van Tilburg\",\"potentialAction\":[{\"@type\":\"SearchAction\",\"target\":\"https:\/\/mercure-tilburg.nl\/de\/?s={search_term_string}\",\"query-input\":\"required name=search_term_string\"}],\"inLanguage\":\"de\"},{\"@type\":\"ImageObject\",\"@id\":\"https:\/\/mercure-tilburg.nl\/beleef-een-betoverend-weekend-in-de-efteling-en-verblijf-in-een-hotel-vlakbij-2\/#primaryimage\",\"inLanguage\":\"de\",\"url\":\"https:\/\/mercure-tilburg.nl\/wp-content\/uploads\/2025\/08\/Kopie-van-Nieuwe-website-1064x709-3.jpg\",\"width\":1064,\"height\":709,\"caption\":\"Enorme berg kleding fast fashion\"},{\"@type\":\"WebPage\",\"@id\":\"https:\/\/mercure-tilburg.nl\/beleef-een-betoverend-weekend-in-de-efteling-en-verblijf-in-een-hotel-vlakbij-2\/#webpage\",\"url\":\"https:\/\/mercure-tilburg.nl\/beleef-een-betoverend-weekend-in-de-efteling-en-verblijf-in-een-hotel-vlakbij-2\/\",\"name\":\"Tilburg maakt van september een \\u2018Refashion Maand\\u2019 met een missie - Mercure Hotel Tilburg Centrum\",\"isPartOf\":{\"@id\":\"https:\/\/mercure-tilburg.nl\/de\/#website\"},\"primaryImageOfPage\":{\"@id\":\"https:\/\/mercure-tilburg.nl\/beleef-een-betoverend-weekend-in-de-efteling-en-verblijf-in-een-hotel-vlakbij-2\/#primaryimage\"},\"datePublished\":\"2025-08-19T11:30:08+00:00\",\"dateModified\":\"2025-08-19T11:30:58+00:00\",\"inLanguage\":\"de\",\"potentialAction\":[{\"@type\":\"ReadAction\",\"target\":[\"https:\/\/mercure-tilburg.nl\/beleef-een-betoverend-weekend-in-de-efteling-en-verblijf-in-een-hotel-vlakbij-2\/\"]}]}]}<\/script>\n<!-- \/ Yoast SEO Premium plugin. -->","_links":{"self":[{"href":"https:\/\/mercure-tilburg.nl\/de\/wp-json\/wp\/v2\/pages\/9128","targetHints":{"allow":["GET"]}}],"collection":[{"href":"https:\/\/mercure-tilburg.nl\/de\/wp-json\/wp\/v2\/pages"}],"about":[{"href":"https:\/\/mercure-tilburg.nl\/de\/wp-json\/wp\/v2\/types\/page"}],"author":[{"embeddable":true,"href":"https:\/\/mercure-tilburg.nl\/de\/wp-json\/wp\/v2\/users\/2"}],"replies":[{"embeddable":true,"href":"https:\/\/mercure-tilburg.nl\/de\/wp-json\/wp\/v2\/comments?post=9128"}],"version-history":[{"count":4,"href":"https:\/\/mercure-tilburg.nl\/de\/wp-json\/wp\/v2\/pages\/9128\/revisions"}],"predecessor-version":[{"id":9134,"href":"https:\/\/mercure-tilburg.nl\/de\/wp-json\/wp\/v2\/pages\/9128\/revisions\/9134"}],"wp:attachment":[{"href":"https:\/\/mercure-tilburg.nl\/de\/wp-json\/wp\/v2\/media?parent=9128"}],"curies":[{"name":"wp","href":"https:\/\/api.w.org\/{rel}","templated":true}]}}