{"id":8973,"date":"2025-05-13T11:06:56","date_gmt":"2025-05-13T09:06:56","guid":{"rendered":"https:\/\/mercure-tilburg.nl\/?page_id=8973"},"modified":"2025-05-13T11:06:56","modified_gmt":"2025-05-13T09:06:56","slug":"zomer-in-tilburg-2025","status":"publish","type":"page","link":"https:\/\/mercure-tilburg.nl\/de\/sommer-in-tilburg-2025\/","title":{"rendered":"Sommer 2025 - Aufenthalt im Mercure Hotel Tilburg Centrum"},"content":{"rendered":"<div>\n<h1 style=\"text-align: center;\">Sommer in Tilburg 2025 - Aufenthalt im Mercure Hotel Tilburg Centrum!<\/h1>\n<\/div>\n<div>\n<div>\n<p style=\"text-align: center;\">Der Sommer in Tilburg ist die perfekte Mischung aus Geselligkeit, Festen, Kultur und Entspannung. Von stimmungsvollen Terrassen bis hin zu Gro\u00dfveranstaltungen wie der Tilburger Messe - in den Sommermonaten pulsiert das Leben in der Stadt. Aufenthalt in <strong data-start=\"491\" data-end=\"524\">Mercure Hotel Tilburg Centrum<\/strong>, dann sitzen Sie <a href=\"https:\/\/www.google.com\/maps\/dir\/\/Heuvel+37,+5038+CP+Tilburg\/@51.5570353,5.0082312,12z\/data=!4m8!4m7!1m0!1m5!1m1!1s0x47c6bfcb4bd302db:0x32921e094599b97c!2m2!1d5.0906314!2d51.5570642?entry=ttu&amp;g_ep=EgoyMDI1MDUwNy4wIKXMDSoASAFQAw%3D%3D\"><strong data-start=\"537\" data-end=\"571\">mitten im Herzen der Stadt<\/strong><\/a>direkt auf dem belebten H\u00fcgel. Au\u00dferdem parken Sie <strong data-start=\"627\" data-end=\"687\">leicht im angrenzenden <a href=\"http:\/\/www.heuvelpoort.nl\">Parkhaus Heuvelpoort<\/a><\/strong>So ist Ihr Auto sicher, w\u00e4hrend Sie die Sch\u00f6nheiten, die Tilburg im Sommer zu bieten hat, unbeschwert genie\u00dfen k\u00f6nnen.<\/p>\n<p><img loading=\"lazy\" decoding=\"async\" class=\"wp-image-8974\" title=\"Sommer in Tilburg Mercure Hotel Tilburg Centrum\" src=\"https:\/\/mercure-tilburg.nl\/wp-content\/uploads\/2025\/05\/playfountain-hameln-11-08-2022-nr-59k.jpg\" alt=\"Sommer in Tilburg Mercure Hotel Tilburg Centrum\" width=\"717\" height=\"478\" srcset=\"https:\/\/mercure-tilburg.nl\/wp-content\/uploads\/2025\/05\/playfountain-hameln-11-08-2022-nr-59k.jpg 960w, https:\/\/mercure-tilburg.nl\/wp-content\/uploads\/2025\/05\/playfountain-hameln-11-08-2022-nr-59k-300x200.jpg 300w, https:\/\/mercure-tilburg.nl\/wp-content\/uploads\/2025\/05\/playfountain-hameln-11-08-2022-nr-59k-768x512.jpg 768w, https:\/\/mercure-tilburg.nl\/wp-content\/uploads\/2025\/05\/playfountain-hameln-11-08-2022-nr-59k-18x12.jpg 18w, https:\/\/mercure-tilburg.nl\/wp-content\/uploads\/2025\/05\/playfountain-hameln-11-08-2022-nr-59k-705x470.jpg 705w\" sizes=\"auto, (max-width: 717px) 100vw, 717px\" \/><\/p>\n<\/div>\n<p>&nbsp;<\/p>\n<\/div>\n<div>\n<h2 style=\"text-align: center;\">Was gibt es im Sommer 2025 in Tilburg zu sehen?<\/h2>\n<\/div>\n<div>\n<p style=\"text-align: center;\">Von Juni bis August verwandelt sich Tilburg in eine sommerliche Erlebnisstadt. Das Stadtzentrum verwandelt sich in eine Kulisse aus Licht, Farbe und Kultur. Sommerliche Kunstinstallationen tauchen in den Stra\u00dfen auf, Live-Musik erklingt auf den Pl\u00e4tzen und \u00fcberraschende Auff\u00fchrungen bringen neue Energie in die Innenstadt. Schlendern Sie tags\u00fcber an Kunstwerken und M\u00e4rkten vorbei, und genie\u00dfen Sie abends Live-Musik und Open-Air-Theaterauff\u00fchrungen. Alles findet nur wenige Gehminuten vom Mercure Hotel Tilburg Centrum entfernt statt. Das vollst\u00e4ndige Programm finden Sie unter <a class=\"\" href=\"https:\/\/www.centeroftilburg.com\/nl\/doen\/zomer-in-tilburg\" target=\"_new\" rel=\"noopener\" data-start=\"1599\" data-end=\"1678\">ZentrumvonTilburg.de<\/a>.<\/p>\n<p>&nbsp;<\/p>\n<\/div>\n<div>\n<h2 style=\"text-align: center;\">Komfort und Luxus nach einem Tag in der Sonne<\/h2>\n<\/div>\n<div>\n<p style=\"text-align: center;\">Kehren Sie nach einem Sommertag in der Stadt in die Ruhe Ihres Zimmers zur\u00fcck. Die Zimmer im Mercure Hotel Tilburg Centrum sind stilvoll eingerichtet und klimatisiert - ideal an hei\u00dfen Tagen. M\u00f6chten Sie sich entspannen? Nehmen Sie ein Bad im Innenpool oder entspannen Sie sich in unserer Infrarotsauna. Genie\u00dfen Sie k\u00f6stliche Gerichte im Restaurant oder lassen Sie den Tag bei einem Drink in der Bar ausklingen. Alles, was Sie brauchen, finden Sie unter einem Dach, ohne die Stadt verlassen zu m\u00fcssen.<\/p>\n<p>&nbsp;<\/p>\n<p><img loading=\"lazy\" decoding=\"async\" class=\"wp-image-8806 alignright\" title=\"Wochenende in De Efteling und Aufenthalt in einem Hotel in der N\u00e4he des Vergn\u00fcgungsparks\" src=\"https:\/\/mercure-tilburg.nl\/wp-content\/uploads\/2024\/10\/Maak-van-je-gasten-ambassadeurs-net-als-de-sprookjesboom-van-de-Efteling-1500-header.jpg\" alt=\"Machen Sie Ihre G\u00e4ste zu Botschaftern, so wie der Kopf des Efteling-M\u00e4rchenbaums 1500\" width=\"446\" height=\"301\" srcset=\"https:\/\/mercure-tilburg.nl\/wp-content\/uploads\/2024\/10\/Maak-van-je-gasten-ambassadeurs-net-als-de-sprookjesboom-van-de-Efteling-1500-header.jpg 1500w, https:\/\/mercure-tilburg.nl\/wp-content\/uploads\/2024\/10\/Maak-van-je-gasten-ambassadeurs-net-als-de-sprookjesboom-van-de-Efteling-1500-header-300x202.jpg 300w, https:\/\/mercure-tilburg.nl\/wp-content\/uploads\/2024\/10\/Maak-van-je-gasten-ambassadeurs-net-als-de-sprookjesboom-van-de-Efteling-1500-header-1030x695.jpg 1030w, https:\/\/mercure-tilburg.nl\/wp-content\/uploads\/2024\/10\/Maak-van-je-gasten-ambassadeurs-net-als-de-sprookjesboom-van-de-Efteling-1500-header-768x518.jpg 768w, https:\/\/mercure-tilburg.nl\/wp-content\/uploads\/2024\/10\/Maak-van-je-gasten-ambassadeurs-net-als-de-sprookjesboom-van-de-Efteling-1500-header-705x476.jpg 705w\" sizes=\"auto, (max-width: 446px) 100vw, 446px\" \/><\/p>\n<\/div>\n<div>\n<h2 class=\"\" data-start=\"2209\" data-end=\"2252\">Ein perfekter Ort f\u00fcr die ganze Familie<\/h2>\n<\/div>\n<div>\n<div>\n<p class=\"\" data-start=\"2254\" data-end=\"2710\">Tilburg ist auch im Sommer ein ideales Ziel f\u00fcr Familien. Vom Hotel aus sind beliebte Familienausfl\u00fcge wie Efteling oder der Safaripark Beekse Bergen leicht zu erreichen. Aber auch im Zentrum selbst gibt es viele kinderfreundliche Aktivit\u00e4ten wie Schatzsuchen, interaktive Kunstobjekte und Kindershows. Alles, was einen Sommerurlaub ausmacht, ist hier in Reichweite - und das macht das Mercure zu einem ausgezeichneten Ausgangspunkt f\u00fcr Jung und Alt.<\/p>\n<\/div>\n<div>\n<p>&nbsp;<\/p>\n<\/div>\n<\/div>\n<div>\n<h2 class=\"\" data-start=\"2712\" data-end=\"2775\">Buchen Sie Ihren Sommeraufenthalt im Mercure Hotel Tilburg Centrum<\/h2>\n<\/div>\n<div>\n<p class=\"\" style=\"text-align: center;\" data-start=\"2777\" data-end=\"3102\">Warten Sie nicht zu lange: Die Sommermonate sind sehr beliebt und die Zimmer im Stadtzentrum sind oft schnell ausgebucht. M\u00f6chten Sie im Sommer 2025 eine komfortable \u00dcbernachtung mitten im pulsierenden Herzen von Tilburg? <a href=\"https:\/\/mercure-tilburg.nl\/de\/unsere-hotelzimmer\/\">Buchen Sie<\/a> dann buchen Sie noch heute Ihren Aufenthalt im Mercure Hotel Tilburg Centrum und erleben Sie die Stadt von ihrer besten Seite.<\/p>\n<\/div>","protected":false},"excerpt":{"rendered":"<p>Erleben Sie den Sommer in Tilburg 2025? \u00dcbernachten Sie im Mercure Hotel Tilburg Centrum im Herzen der Stadt. In der N\u00e4he von Veranstaltungen, Stadtstr\u00e4nden und Sommeratmosph\u00e4re. Buchen Sie jetzt!<\/p>","protected":false},"author":2,"featured_media":0,"parent":0,"menu_order":0,"comment_status":"closed","ping_status":"closed","template":"","meta":{"footnotes":""},"class_list":["post-8973","page","type-page","status-publish","hentry"],"yoast_head":"<!-- This site is optimized with the Yoast SEO Premium plugin v14.9 - https:\/\/yoast.com\/wordpress\/plugins\/seo\/ -->\n<title>Zomer 2025 - Verblijf bij Mercure Hotel Tilburg Centrum - Mercure Hotel Tilburg Centrum<\/title>\n<meta name=\"robots\" content=\"index, follow, max-snippet:-1, max-image-preview:large, max-video-preview:-1\" \/>\n<link rel=\"canonical\" href=\"https:\/\/mercure-tilburg.nl\/de\/sommer-in-tilburg-2025\/\" \/>\n<meta property=\"og:locale\" content=\"de_DE\" \/>\n<meta property=\"og:type\" content=\"article\" \/>\n<meta property=\"og:title\" content=\"Zomer 2025 - Verblijf bij Mercure Hotel Tilburg Centrum - Mercure Hotel Tilburg Centrum\" \/>\n<meta property=\"og:description\" content=\"Zomer in Tilburg 2025 beleven? Verblijf bij Mercure Hotel Tilburg Centrum in het hart van de stad. Dicht bij evenementen, stadsstranden en zomerse sfeer. Boek nu!\" \/>\n<meta property=\"og:url\" content=\"https:\/\/mercure-tilburg.nl\/de\/sommer-in-tilburg-2025\/\" \/>\n<meta property=\"og:site_name\" content=\"Mercure Hotel Tilburg Centrum\" \/>\n<meta property=\"og:image\" content=\"https:\/\/mercure-tilburg.nl\/wp-content\/uploads\/2025\/05\/playfountain-hameln-11-08-2022-nr-59k.jpg\" \/>\n<meta name=\"twitter:card\" content=\"summary_large_image\" \/>\n<script type=\"application\/ld+json\" class=\"yoast-schema-graph\">{\"@context\":\"https:\/\/schema.org\",\"@graph\":[{\"@type\":\"WebSite\",\"@id\":\"https:\/\/mercure-tilburg.nl\/de\/#website\",\"url\":\"https:\/\/mercure-tilburg.nl\/de\/\",\"name\":\"Mercure Hotel Tilburg Centrum\",\"description\":\"Overnachten op de beste plek van Tilburg\",\"potentialAction\":[{\"@type\":\"SearchAction\",\"target\":\"https:\/\/mercure-tilburg.nl\/de\/?s={search_term_string}\",\"query-input\":\"required name=search_term_string\"}],\"inLanguage\":\"de\"},{\"@type\":\"ImageObject\",\"@id\":\"https:\/\/mercure-tilburg.nl\/zomer-in-tilburg-2025\/#primaryimage\",\"inLanguage\":\"de\",\"url\":\"https:\/\/mercure-tilburg.nl\/wp-content\/uploads\/2025\/05\/playfountain-hameln-11-08-2022-nr-59k.jpg\",\"width\":960,\"height\":640,\"caption\":\"Zomer in Tilburg Mercure Hotel Tilburg Centrum\"},{\"@type\":\"WebPage\",\"@id\":\"https:\/\/mercure-tilburg.nl\/zomer-in-tilburg-2025\/#webpage\",\"url\":\"https:\/\/mercure-tilburg.nl\/zomer-in-tilburg-2025\/\",\"name\":\"Zomer 2025 - Verblijf bij Mercure Hotel Tilburg Centrum - Mercure Hotel Tilburg Centrum\",\"isPartOf\":{\"@id\":\"https:\/\/mercure-tilburg.nl\/de\/#website\"},\"primaryImageOfPage\":{\"@id\":\"https:\/\/mercure-tilburg.nl\/zomer-in-tilburg-2025\/#primaryimage\"},\"datePublished\":\"2025-05-13T09:06:56+00:00\",\"dateModified\":\"2025-05-13T09:06:56+00:00\",\"inLanguage\":\"de\",\"potentialAction\":[{\"@type\":\"ReadAction\",\"target\":[\"https:\/\/mercure-tilburg.nl\/zomer-in-tilburg-2025\/\"]}]}]}<\/script>\n<!-- \/ Yoast SEO Premium plugin. -->","_links":{"self":[{"href":"https:\/\/mercure-tilburg.nl\/de\/wp-json\/wp\/v2\/pages\/8973","targetHints":{"allow":["GET"]}}],"collection":[{"href":"https:\/\/mercure-tilburg.nl\/de\/wp-json\/wp\/v2\/pages"}],"about":[{"href":"https:\/\/mercure-tilburg.nl\/de\/wp-json\/wp\/v2\/types\/page"}],"author":[{"embeddable":true,"href":"https:\/\/mercure-tilburg.nl\/de\/wp-json\/wp\/v2\/users\/2"}],"replies":[{"embeddable":true,"href":"https:\/\/mercure-tilburg.nl\/de\/wp-json\/wp\/v2\/comments?post=8973"}],"version-history":[{"count":5,"href":"https:\/\/mercure-tilburg.nl\/de\/wp-json\/wp\/v2\/pages\/8973\/revisions"}],"predecessor-version":[{"id":8979,"href":"https:\/\/mercure-tilburg.nl\/de\/wp-json\/wp\/v2\/pages\/8973\/revisions\/8979"}],"wp:attachment":[{"href":"https:\/\/mercure-tilburg.nl\/de\/wp-json\/wp\/v2\/media?parent=8973"}],"curies":[{"name":"wp","href":"https:\/\/api.w.org\/{rel}","templated":true}]}}