{"id":8804,"date":"2024-10-17T16:49:05","date_gmt":"2024-10-17T14:49:05","guid":{"rendered":"https:\/\/mercure-tilburg.nl\/?page_id=8804"},"modified":"2024-10-17T16:49:05","modified_gmt":"2024-10-17T14:49:05","slug":"beleef-een-muzikaal-weekend-bij-poppodium-013-en-verblijf-in-een-hotel-vlakbij","status":"publish","type":"page","link":"https:\/\/mercure-tilburg.nl\/de\/erleben-sie-ein-musikalisches-wochenende-auf-der-popbuhne-013-und-ubernachten-sie-in-einem-hotel-in-der-nahe\/","title":{"rendered":"Erleben Sie ein musikalisches Wochenende auf der Popb\u00fchne 013 und \u00fcbernachten Sie in einem Hotel in der N\u00e4he"},"content":{"rendered":"<div>\n<h1><strong>Erleben Sie ein musikalisches Wochenende auf der Popb\u00fchne 013 und \u00fcbernachten Sie in einem Hotel in der N\u00e4he: Mercure Hotel Tilburg Centrum<\/strong><\/h1>\n<\/div>\n<div>\n<p style=\"font-weight: 400;\">Stellen Sie sich ein Wochenende voller Musik und Spa\u00df im <a href=\"https:\/\/www.013.nl\">Pop-B\u00fchne 013<\/a>mit einem komfortablen Hotel, das nur 3 Gehminuten entfernt ist. Unter <a href=\"https:\/\/mercure-tilburg.nl\/de\/\">Mercure Hotel Tilburg Centrum<\/a> bieten wir die ideale Basis f\u00fcr Ihren Konzertbesuch. Entdecken Sie, wie nah Musik sein kann und planen Sie jetzt Ihren musikalischen Ausflug!<\/p>\n<p><img loading=\"lazy\" decoding=\"async\" class=\"alignnone wp-image-8813 size-full\" title=\"wochenende-013-hotel-nahe.jpg\" src=\"https:\/\/mercure-tilburg.nl\/wp-content\/uploads\/2024\/10\/5db2b382d1f74-e1729176436213.jpg\" alt=\"Wochenende auf der Popb\u00fchne 013 und Aufenthalt in einem Hotel in der N\u00e4he\" width=\"1250\" height=\"527\" srcset=\"https:\/\/mercure-tilburg.nl\/wp-content\/uploads\/2024\/10\/5db2b382d1f74-e1729176436213.jpg 1250w, https:\/\/mercure-tilburg.nl\/wp-content\/uploads\/2024\/10\/5db2b382d1f74-e1729176436213-300x126.jpg 300w, https:\/\/mercure-tilburg.nl\/wp-content\/uploads\/2024\/10\/5db2b382d1f74-e1729176436213-1030x434.jpg 1030w, https:\/\/mercure-tilburg.nl\/wp-content\/uploads\/2024\/10\/5db2b382d1f74-e1729176436213-768x324.jpg 768w, https:\/\/mercure-tilburg.nl\/wp-content\/uploads\/2024\/10\/5db2b382d1f74-e1729176436213-705x297.jpg 705w\" sizes=\"auto, (max-width: 1250px) 100vw, 1250px\" \/><\/p>\n<\/div>\n<div>\n<h2><strong>Erleben Sie den Zauber des Pop-Treffpunkts 013<\/strong><\/h2>\n<\/div>\n<div>\n<p style=\"font-weight: 400;\">Das Poppodium 013 in Tilburg ist der Hotspot f\u00fcr Live-Musik, mit einer Reihe von Auftritten internationaler Stars und lokaler Talente. Mit einem Fassungsverm\u00f6gen von \u00fcber 3.000 Besuchern und einer hervorragenden Klangqualit\u00e4t bietet das 013 ein unvergessliches Musikerlebnis. Egal ob Sie Rock, Pop, elektronische Musik oder andere Genres m\u00f6gen, das 013 bietet ein energiegeladenes und mitrei\u00dfendes Erlebnis.<\/p>\n<\/div>\n<div>\n<h2><strong>\u00dcbernachten Sie nur 3 Gehminuten von der Popb\u00fchne 013 entfernt.<\/strong><\/h2>\n<\/div>\n<div>\n<p style=\"font-weight: 400;\">Das Mercure Hotel Tilburg Centrum befindet sich nur <a href=\"https:\/\/www.google.com\/maps\/dir\/Mercure+Hotel+Tilburg,+Heuvel+37,+5038+CP+Tilburg\/013+Poppodium,+Veemarktstraat+44,+5038+CV+Tilburg\/data=!4m8!4m7!1m2!1m1!1s0x47c6bfcb4bd302db:0x32921e094599b97c!1m2!1m1!1s0x47c6bfcc84a80ccf:0xfdca2f7706511855!3e2?sa=X&amp;ved=1t:3747&amp;ictx=111\">ein kurzer Spaziergang<\/a> der Popb\u00fchne 013, so dass Sie nach dem Konzert leicht zu Ihrer Unterkunft zur\u00fcckkehren k\u00f6nnen. Nach einem aufregenden Abend k\u00f6nnen Sie sich in unseren modernen Zimmern entspannen und die hervorragende Ausstattung genie\u00dfen. Unsere bequemen Betten und die einladende Atmosph\u00e4re bieten den perfekten Rahmen, um sich auf einen weiteren Tag voller Abenteuer vorzubereiten.<\/p>\n<p><img loading=\"lazy\" decoding=\"async\" class=\"wp-image-8814\" title=\"Erleben Sie die Musik der Popb\u00fchne 013 und wohnen Sie bequem in einem Hotel in Gehweite\" src=\"https:\/\/mercure-tilburg.nl\/wp-content\/uploads\/2024\/10\/download-7-740x416-1.jpg\" alt=\"Erleben Sie die Musik der Popb\u00fchne 013 und wohnen Sie bequem in einem Hotel in Gehweite\" width=\"446\" height=\"251\" srcset=\"https:\/\/mercure-tilburg.nl\/wp-content\/uploads\/2024\/10\/download-7-740x416-1.jpg 740w, https:\/\/mercure-tilburg.nl\/wp-content\/uploads\/2024\/10\/download-7-740x416-1-300x169.jpg 300w, https:\/\/mercure-tilburg.nl\/wp-content\/uploads\/2024\/10\/download-7-740x416-1-705x396.jpg 705w\" sizes=\"auto, (max-width: 446px) 100vw, 446px\" \/><\/p>\n<\/div>\n<div>\n<h2><strong>Planen Sie Ihr musikalisches Abenteuer<\/strong><\/h2>\n<\/div>\n<div>\n<p style=\"font-weight: 400;\">Im Mercure Hotel Tilburg Centrum sorgen wir daf\u00fcr, dass Ihr Konzertwochenende in der Pop-Venue 013 komplett ist. Unser Expertenteam steht Ihnen mit Insidertipps zu den besten <a href=\"https:\/\/www.discovertilburg.nl\">Lokale und Aktivit\u00e4ten<\/a> in Tilburg. Egal, ob Sie eine gem\u00fctliche Bar f\u00fcr eine After-Party oder ein nettes Brunchlokal suchen, wir haben die Ortskenntnisse, um Ihren Aufenthalt unvergesslich zu machen.<\/p>\n<\/div>\n<div>\n<h3><\/h3>\n<h3><strong>Buchen Sie Ihren Aufenthalt noch heute<\/strong><\/h3>\n<\/div>\n<div>\n<p style=\"font-weight: 400;\">Beginnen Sie Ihr musikalisches Abenteuer mit einem Aufenthalt im Mercure Hotel Tilburg Centrum. Entdecken Sie, wie ein Wochenende in Tilburg mit einem Luxushotel, das nur 5 Gehminuten von der Popb\u00fchne 013 entfernt ist, noch angenehmer wird. <a href=\"https:\/\/all.accor.com\/a\/nl.html\">Buchen Sie<\/a> Jetzt buchen und einen unvergesslichen musikalischen Ausflug erleben!<\/p>\n<\/div>","protected":false},"excerpt":{"rendered":"<p>Erleben Sie ein musikalisches Wochenende bei pop stage 013 und \u00fcbernachten Sie in einem Hotel in der N\u00e4he: Mercure Hotel Tilburg Centrum Stellen Sie sich ein Wochenende voller Musik und Spa\u00df bei pop stage 013 vor, mit einem komfortablen Hotel nur 3 Gehminuten entfernt. Das Mercure Hotel Tilburg Centrum bietet die ideale Basis f\u00fcr Ihren Konzertbesuch. Entdecken Sie, wie nah die [...]<\/p>","protected":false},"author":2,"featured_media":0,"parent":0,"menu_order":0,"comment_status":"closed","ping_status":"closed","template":"","meta":{"footnotes":""},"class_list":["post-8804","page","type-page","status-publish","hentry"],"yoast_head":"<!-- This site is optimized with the Yoast SEO Premium plugin v14.9 - https:\/\/yoast.com\/wordpress\/plugins\/seo\/ -->\n<title>Beleef een muzikaal weekend bij poppodium 013 en verblijf in een hotel vlakbij - Mercure Hotel Tilburg Centrum<\/title>\n<meta name=\"robots\" content=\"index, follow, max-snippet:-1, max-image-preview:large, max-video-preview:-1\" \/>\n<link rel=\"canonical\" href=\"https:\/\/mercure-tilburg.nl\/de\/erleben-sie-ein-musikalisches-wochenende-auf-der-popbuhne-013-und-ubernachten-sie-in-einem-hotel-in-der-nahe\/\" \/>\n<meta property=\"og:locale\" content=\"de_DE\" \/>\n<meta property=\"og:type\" content=\"article\" \/>\n<meta property=\"og:title\" content=\"Beleef een muzikaal weekend bij poppodium 013 en verblijf in een hotel vlakbij - Mercure Hotel Tilburg Centrum\" \/>\n<meta property=\"og:description\" content=\"Beleef een muzikaal weekend bij poppodium 013 en verblijf in een hotel vlakbij: Mercure Hotel Tilburg Centrum Stel je voor: een weekend vol muziek en plezier bij poppodium 013, met een comfortabel hotel op slechts 3 minuten lopen. Bij Mercure Hotel Tilburg Centrum bieden we de ideale uitvalsbasis voor jouw concertbezoek. Ontdek hoe dichtbij de [&hellip;]\" \/>\n<meta property=\"og:url\" content=\"https:\/\/mercure-tilburg.nl\/de\/erleben-sie-ein-musikalisches-wochenende-auf-der-popbuhne-013-und-ubernachten-sie-in-einem-hotel-in-der-nahe\/\" \/>\n<meta property=\"og:site_name\" content=\"Mercure Hotel Tilburg Centrum\" \/>\n<meta property=\"og:image\" content=\"https:\/\/mercure-tilburg.nl\/wp-content\/uploads\/2024\/10\/5db2b382d1f74-e1729176436213.jpg\" \/>\n<meta name=\"twitter:card\" content=\"summary_large_image\" \/>\n<script type=\"application\/ld+json\" class=\"yoast-schema-graph\">{\"@context\":\"https:\/\/schema.org\",\"@graph\":[{\"@type\":\"WebSite\",\"@id\":\"https:\/\/mercure-tilburg.nl\/de\/#website\",\"url\":\"https:\/\/mercure-tilburg.nl\/de\/\",\"name\":\"Mercure Hotel Tilburg Centrum\",\"description\":\"Overnachten op de beste plek van Tilburg\",\"potentialAction\":[{\"@type\":\"SearchAction\",\"target\":\"https:\/\/mercure-tilburg.nl\/de\/?s={search_term_string}\",\"query-input\":\"required name=search_term_string\"}],\"inLanguage\":\"de\"},{\"@type\":\"ImageObject\",\"@id\":\"https:\/\/mercure-tilburg.nl\/en\/beleef-een-muzikaal-weekend-bij-poppodium-013-en-verblijf-in-een-hotel-vlakbij\/#primaryimage\",\"inLanguage\":\"de\",\"url\":\"https:\/\/mercure-tilburg.nl\/wp-content\/uploads\/2024\/10\/5db2b382d1f74-e1729176436213.jpg\",\"width\":1250,\"height\":527,\"caption\":\"Beleef de muziek van poppodium 013 en verblijf comfortabel in een hotel op loopafstand\"},{\"@type\":\"WebPage\",\"@id\":\"https:\/\/mercure-tilburg.nl\/en\/beleef-een-muzikaal-weekend-bij-poppodium-013-en-verblijf-in-een-hotel-vlakbij\/#webpage\",\"url\":\"https:\/\/mercure-tilburg.nl\/en\/beleef-een-muzikaal-weekend-bij-poppodium-013-en-verblijf-in-een-hotel-vlakbij\/\",\"name\":\"Beleef een muzikaal weekend bij poppodium 013 en verblijf in een hotel vlakbij - Mercure Hotel Tilburg Centrum\",\"isPartOf\":{\"@id\":\"https:\/\/mercure-tilburg.nl\/de\/#website\"},\"primaryImageOfPage\":{\"@id\":\"https:\/\/mercure-tilburg.nl\/en\/beleef-een-muzikaal-weekend-bij-poppodium-013-en-verblijf-in-een-hotel-vlakbij\/#primaryimage\"},\"datePublished\":\"2024-10-17T14:49:05+00:00\",\"dateModified\":\"2024-10-17T14:49:05+00:00\",\"inLanguage\":\"de\",\"potentialAction\":[{\"@type\":\"ReadAction\",\"target\":[\"https:\/\/mercure-tilburg.nl\/en\/beleef-een-muzikaal-weekend-bij-poppodium-013-en-verblijf-in-een-hotel-vlakbij\/\"]}]}]}<\/script>\n<!-- \/ Yoast SEO Premium plugin. -->","_links":{"self":[{"href":"https:\/\/mercure-tilburg.nl\/de\/wp-json\/wp\/v2\/pages\/8804","targetHints":{"allow":["GET"]}}],"collection":[{"href":"https:\/\/mercure-tilburg.nl\/de\/wp-json\/wp\/v2\/pages"}],"about":[{"href":"https:\/\/mercure-tilburg.nl\/de\/wp-json\/wp\/v2\/types\/page"}],"author":[{"embeddable":true,"href":"https:\/\/mercure-tilburg.nl\/de\/wp-json\/wp\/v2\/users\/2"}],"replies":[{"embeddable":true,"href":"https:\/\/mercure-tilburg.nl\/de\/wp-json\/wp\/v2\/comments?post=8804"}],"version-history":[{"count":1,"href":"https:\/\/mercure-tilburg.nl\/de\/wp-json\/wp\/v2\/pages\/8804\/revisions"}],"predecessor-version":[{"id":8815,"href":"https:\/\/mercure-tilburg.nl\/de\/wp-json\/wp\/v2\/pages\/8804\/revisions\/8815"}],"wp:attachment":[{"href":"https:\/\/mercure-tilburg.nl\/de\/wp-json\/wp\/v2\/media?parent=8804"}],"curies":[{"name":"wp","href":"https:\/\/api.w.org\/{rel}","templated":true}]}}