{"id":8801,"date":"2024-10-17T16:25:01","date_gmt":"2024-10-17T14:25:01","guid":{"rendered":"https:\/\/mercure-tilburg.nl\/?page_id=8801"},"modified":"2024-10-17T16:25:42","modified_gmt":"2024-10-17T14:25:42","slug":"beleef-een-betoverend-weekend-in-de-efteling-en-verblijf-in-een-hotel-vlakbij","status":"publish","type":"page","link":"https:\/\/mercure-tilburg.nl\/de\/erleben-sie-ein-zauberhaftes-wochenende-in-efteling-und-ubernachten-sie-in-einem-hotel-in-der-nahe\/","title":{"rendered":"Erleben Sie ein zauberhaftes Wochenende in De Efteling und \u00fcbernachten Sie in einem Hotel in der N\u00e4he"},"content":{"rendered":"<div>\n<h1 style=\"text-align: center;\">Erleben Sie ein zauberhaftes Wochenende in De Efteling und \u00fcbernachten Sie in einem Hotel in der N\u00e4he!<\/h1>\n<\/div>\n<div>\n<div>\n<p style=\"text-align: center;\">Stellen Sie sich vor, Sie wachen in einer zauberhaften Welt auf, in der M\u00e4rchen zum Leben erwachen und Abenteuer darauf warten, erlebt zu werden. Genau das erwartet Sie bei einem Wochenende in De Efteling, und wir laden Sie ein, diesen Zauber von unserem komfortablen Hotel aus zu erleben <a href=\"https:\/\/www.google.com\/maps\/dir\/Mercure+Hotel+Tilburg,+Heuvel+37,+5038+CP+Tilburg\/Efteling,+Europalaan+1,+5171+KW+Kaatsheuvel\/@51.6042484,4.9845707,12z\/data=!3m1!4b1!4m14!4m13!1m5!1m1!1s0x47c6bfcb4bd302db:0x32921e094599b97c!2m2!1d5.0906314!2d51.5570642!1m5!1m1!1s0x47c696a9aff44307:0x443bdab1ed5cb89a!2m2!1d5.0469573!2d51.6503222!3e0?entry=ttu&amp;g_ep=EgoyMDI0MTAxNC4wIKXMDSoASAFQAw%3D%3D\">in der N\u00e4he von<\/a> den Themenpark.<\/p>\n<\/div>\n<p><img loading=\"lazy\" decoding=\"async\" class=\"wp-image-8809 size-full\" title=\"roh\" src=\"https:\/\/mercure-tilburg.nl\/wp-content\/uploads\/2024\/10\/raw-e1729174673106.jpg\" alt=\"Wochenende in De Efteling und Aufenthalt in einem Hotel in der N\u00e4he des Vergn\u00fcgungsparks\" width=\"993\" height=\"486\" srcset=\"https:\/\/mercure-tilburg.nl\/wp-content\/uploads\/2024\/10\/raw-e1729174673106.jpg 993w, https:\/\/mercure-tilburg.nl\/wp-content\/uploads\/2024\/10\/raw-e1729174673106-300x147.jpg 300w, https:\/\/mercure-tilburg.nl\/wp-content\/uploads\/2024\/10\/raw-e1729174673106-768x376.jpg 768w, https:\/\/mercure-tilburg.nl\/wp-content\/uploads\/2024\/10\/raw-e1729174673106-705x345.jpg 705w\" sizes=\"auto, (max-width: 993px) 100vw, 993px\" \/><\/p>\n<\/div>\n<div>\n<h2 style=\"text-align: center;\"><strong>Willkommen in De Efteling: ein zauberhafter Ausflug f\u00fcr die ganze Familie<\/strong><\/h2>\n<\/div>\n<div>\n<div>\n<p style=\"text-align: center;\">Efteling im bezaubernden Kaatsheuvel ist nicht einfach nur ein weiterer Freizeitpark. Es ist eine magische Welt f\u00fcr sich, in der Fantasie und Realit\u00e4t nahtlos ineinander \u00fcbergehen. Mit mehr als 5 Millionen Besuchern pro Jahr und einer Fl\u00e4che von nicht weniger als 72 Hektar bietet De Efteling ein unvergleichliches Erlebnis f\u00fcr Abenteurer jeden Alters. Von aufregenden Achterbahnen bis hin zu zauberhaften M\u00e4rchen - hier wird jeder Traum wahr.<\/p>\n<p>&nbsp;<\/p>\n<p><img loading=\"lazy\" decoding=\"async\" class=\"wp-image-8808 alignleft\" title=\"Efteling Baron 1898 Joris und der Drache Foto Adri van Esch\" src=\"https:\/\/mercure-tilburg.nl\/wp-content\/uploads\/2024\/10\/Efteling-Baron-1898-Joris-en-de-Draak-Foto-Adri-van_Esch.jpg\" alt=\"Efteling Baron 1898 Joris und der Drache Foto Adri van Esch\" width=\"355\" height=\"254\" srcset=\"https:\/\/mercure-tilburg.nl\/wp-content\/uploads\/2024\/10\/Efteling-Baron-1898-Joris-en-de-Draak-Foto-Adri-van_Esch.jpg 1200w, https:\/\/mercure-tilburg.nl\/wp-content\/uploads\/2024\/10\/Efteling-Baron-1898-Joris-en-de-Draak-Foto-Adri-van_Esch-300x215.jpg 300w, https:\/\/mercure-tilburg.nl\/wp-content\/uploads\/2024\/10\/Efteling-Baron-1898-Joris-en-de-Draak-Foto-Adri-van_Esch-1030x736.jpg 1030w, https:\/\/mercure-tilburg.nl\/wp-content\/uploads\/2024\/10\/Efteling-Baron-1898-Joris-en-de-Draak-Foto-Adri-van_Esch-768x549.jpg 768w, https:\/\/mercure-tilburg.nl\/wp-content\/uploads\/2024\/10\/Efteling-Baron-1898-Joris-en-de-Draak-Foto-Adri-van_Esch-260x185.jpg 260w, https:\/\/mercure-tilburg.nl\/wp-content\/uploads\/2024\/10\/Efteling-Baron-1898-Joris-en-de-Draak-Foto-Adri-van_Esch-705x504.jpg 705w\" sizes=\"auto, (max-width: 355px) 100vw, 355px\" \/><\/p>\n<\/div>\n<\/div>\n<div>\n<h2><strong>\u00dcbernachten nur einen Steinwurf von De Efteling entfernt<\/strong><\/h2>\n<\/div>\n<div>\n<p>Ob Sie nun einen romantischen Ausflug mit Ihrem Liebsten, einen gem\u00fctlichen Familienurlaub oder ein abenteuerliches Wochenende mit Freunden verbringen m\u00f6chten, unser Hotel in der N\u00e4he von De Efteling ist der ideale Ausgangspunkt f\u00fcr Ihre zauberhafte Reise. Nach einem erlebnisreichen Tag in De Efteling gibt es nichts Sch\u00f6neres, als sich in einer Oase des Komforts niederzulassen. Unser Hotel, nur wenige Autominuten vom Park entfernt, bietet genau das. Stellen Sie sich gem\u00fctliche Zimmer, warme Betten und eine einladende Atmosph\u00e4re vor, die Sie mit offenen Armen empf\u00e4ngt. Hier werden Sie sich wie zu Hause f\u00fchlen, umgeben von allem Komfort, den Sie sich w\u00fcnschen.<\/p>\n<p>&nbsp;<\/p>\n<p><img loading=\"lazy\" decoding=\"async\" class=\"wp-image-8806 alignright\" title=\"Wochenende in De Efteling und Aufenthalt in einem Hotel in der N\u00e4he des Vergn\u00fcgungsparks\" src=\"https:\/\/mercure-tilburg.nl\/wp-content\/uploads\/2024\/10\/Maak-van-je-gasten-ambassadeurs-net-als-de-sprookjesboom-van-de-Efteling-1500-header.jpg\" alt=\"Machen Sie Ihre G\u00e4ste zu Botschaftern, so wie der Kopf des Efteling-M\u00e4rchenbaums 1500\" width=\"446\" height=\"301\" srcset=\"https:\/\/mercure-tilburg.nl\/wp-content\/uploads\/2024\/10\/Maak-van-je-gasten-ambassadeurs-net-als-de-sprookjesboom-van-de-Efteling-1500-header.jpg 1500w, https:\/\/mercure-tilburg.nl\/wp-content\/uploads\/2024\/10\/Maak-van-je-gasten-ambassadeurs-net-als-de-sprookjesboom-van-de-Efteling-1500-header-300x202.jpg 300w, https:\/\/mercure-tilburg.nl\/wp-content\/uploads\/2024\/10\/Maak-van-je-gasten-ambassadeurs-net-als-de-sprookjesboom-van-de-Efteling-1500-header-1030x695.jpg 1030w, https:\/\/mercure-tilburg.nl\/wp-content\/uploads\/2024\/10\/Maak-van-je-gasten-ambassadeurs-net-als-de-sprookjesboom-van-de-Efteling-1500-header-768x518.jpg 768w, https:\/\/mercure-tilburg.nl\/wp-content\/uploads\/2024\/10\/Maak-van-je-gasten-ambassadeurs-net-als-de-sprookjesboom-van-de-Efteling-1500-header-705x476.jpg 705w\" sizes=\"auto, (max-width: 446px) 100vw, 446px\" \/><\/p>\n<\/div>\n<div>\n<h2><strong>Erschaffe dein eigenes bezauberndes Abenteuer<\/strong><\/h2>\n<\/div>\n<div>\n<div>\n<p>In unserem gem\u00fctlichen Hotel mitten im pulsierenden Stadtzentrum von Tilburg stehen Ihnen unsere \u00f6rtlichen Fremdenf\u00fchrer (alias unsere Mitarbeiter) mit den besten Tipps zur Seite. Bei uns dreht sich alles um Ihr Erlebnis. Unser erfahrenes Team hilft Ihnen bei der Planung Ihres ultimativen Wochenendes mit Insider-Tipps zu den besten Restaurants und versteckten Juwelen in der Umgebung.<\/p>\n<\/div>\n<div>\n<p>Tauchen Sie ein in eine Welt voller Magie, Abenteuer und unvergesslicher Momente. Betreten Sie unser Hotel in der N\u00e4he von De Efteling, wo Ihr zauberhaftes Wochenende beginnt.<\/p>\n<p>&nbsp;<\/p>\n<\/div>\n<\/div>\n<div>\n<h3 style=\"text-align: center;\"><strong>Weitere Informationen und Attraktionen in der Region<\/strong><\/h3>\n<\/div>\n<div>\n<p style=\"text-align: center;\">M\u00f6chten Sie im Voraus sehen, welche Attraktionen verf\u00fcgbar sind? Dann werfen Sie einen Blick auf die <a href=\"https:\/\/www.efteling.com\/nl\/park\" target=\"_new\" rel=\"noopener\">Efteling Attraktion Seite<\/a> f\u00fcr einen \u00dcberblick \u00fcber alles, was der Park zu bieten hat.<\/p>\n<p style=\"text-align: center;\">Sind Sie au\u00dferdem auf der Suche nach anderen Ausflugszielen in der N\u00e4he von Tilburg? Sie k\u00f6nnen <a href=\"https:\/\/mercure-tilburg.nl\/de\/die-13-von-tilburg\/\" target=\"_new\" rel=\"noopener\">Weitere Attraktionen in der Region finden Sie hier<\/a>.<\/p>\n<\/div>","protected":false},"excerpt":{"rendered":"<p>Erleben Sie ein zauberhaftes Wochenende in De Efteling und \u00fcbernachten Sie in einem Hotel in der N\u00e4he! Stellen Sie sich vor, Sie wachen in einer zauberhaften Welt auf, in der M\u00e4rchen zum Leben erwachen und Abenteuer auf Sie warten. Genau das erwartet Sie bei einem Wochenende in De Efteling, und wir laden Sie [...]<\/p>","protected":false},"author":2,"featured_media":0,"parent":0,"menu_order":0,"comment_status":"closed","ping_status":"closed","template":"","meta":{"footnotes":""},"class_list":["post-8801","page","type-page","status-publish","hentry"],"yoast_head":"<!-- This site is optimized with the Yoast SEO Premium plugin v14.9 - https:\/\/yoast.com\/wordpress\/plugins\/seo\/ -->\n<title>Beleef een betoverend weekend in De Efteling en verblijf in een hotel vlakbij - Mercure Hotel Tilburg Centrum<\/title>\n<meta name=\"robots\" content=\"index, follow, max-snippet:-1, max-image-preview:large, max-video-preview:-1\" \/>\n<link rel=\"canonical\" href=\"https:\/\/mercure-tilburg.nl\/de\/erleben-sie-ein-zauberhaftes-wochenende-in-efteling-und-ubernachten-sie-in-einem-hotel-in-der-nahe\/\" \/>\n<meta property=\"og:locale\" content=\"de_DE\" \/>\n<meta property=\"og:type\" content=\"article\" \/>\n<meta property=\"og:title\" content=\"Beleef een betoverend weekend in De Efteling en verblijf in een hotel vlakbij - Mercure Hotel Tilburg Centrum\" \/>\n<meta property=\"og:description\" content=\"Beleef een betoverend weekend in De Efteling en verblijf in een hotel vlakbij! Stel je voor: je wordt wakker in een wereld vol betovering, waar sprookjes tot leven komen en avonturen wachten om beleefd te worden. Dat is precies wat je te wachten staat tijdens een weekend in De Efteling, en wij nodigen je uit [&hellip;]\" \/>\n<meta property=\"og:url\" content=\"https:\/\/mercure-tilburg.nl\/de\/erleben-sie-ein-zauberhaftes-wochenende-in-efteling-und-ubernachten-sie-in-einem-hotel-in-der-nahe\/\" \/>\n<meta property=\"og:site_name\" content=\"Mercure Hotel Tilburg Centrum\" \/>\n<meta property=\"article:modified_time\" content=\"2024-10-17T14:25:42+00:00\" \/>\n<meta property=\"og:image\" content=\"https:\/\/mercure-tilburg.nl\/wp-content\/uploads\/2024\/10\/raw-e1729174673106.jpg\" \/>\n<meta name=\"twitter:card\" content=\"summary_large_image\" \/>\n<script type=\"application\/ld+json\" class=\"yoast-schema-graph\">{\"@context\":\"https:\/\/schema.org\",\"@graph\":[{\"@type\":\"WebSite\",\"@id\":\"https:\/\/mercure-tilburg.nl\/de\/#website\",\"url\":\"https:\/\/mercure-tilburg.nl\/de\/\",\"name\":\"Mercure Hotel Tilburg Centrum\",\"description\":\"Overnachten op de beste plek van Tilburg\",\"potentialAction\":[{\"@type\":\"SearchAction\",\"target\":\"https:\/\/mercure-tilburg.nl\/de\/?s={search_term_string}\",\"query-input\":\"required name=search_term_string\"}],\"inLanguage\":\"de\"},{\"@type\":\"ImageObject\",\"@id\":\"https:\/\/mercure-tilburg.nl\/beleef-een-betoverend-weekend-in-de-efteling-en-verblijf-in-een-hotel-vlakbij\/#primaryimage\",\"inLanguage\":\"de\",\"url\":\"https:\/\/mercure-tilburg.nl\/wp-content\/uploads\/2024\/10\/raw-e1729174673106.jpg\",\"width\":993,\"height\":486,\"caption\":\"raw\"},{\"@type\":\"WebPage\",\"@id\":\"https:\/\/mercure-tilburg.nl\/beleef-een-betoverend-weekend-in-de-efteling-en-verblijf-in-een-hotel-vlakbij\/#webpage\",\"url\":\"https:\/\/mercure-tilburg.nl\/beleef-een-betoverend-weekend-in-de-efteling-en-verblijf-in-een-hotel-vlakbij\/\",\"name\":\"Beleef een betoverend weekend in De Efteling en verblijf in een hotel vlakbij - Mercure Hotel Tilburg Centrum\",\"isPartOf\":{\"@id\":\"https:\/\/mercure-tilburg.nl\/de\/#website\"},\"primaryImageOfPage\":{\"@id\":\"https:\/\/mercure-tilburg.nl\/beleef-een-betoverend-weekend-in-de-efteling-en-verblijf-in-een-hotel-vlakbij\/#primaryimage\"},\"datePublished\":\"2024-10-17T14:25:01+00:00\",\"dateModified\":\"2024-10-17T14:25:42+00:00\",\"inLanguage\":\"de\",\"potentialAction\":[{\"@type\":\"ReadAction\",\"target\":[\"https:\/\/mercure-tilburg.nl\/beleef-een-betoverend-weekend-in-de-efteling-en-verblijf-in-een-hotel-vlakbij\/\"]}]}]}<\/script>\n<!-- \/ Yoast SEO Premium plugin. -->","_links":{"self":[{"href":"https:\/\/mercure-tilburg.nl\/de\/wp-json\/wp\/v2\/pages\/8801","targetHints":{"allow":["GET"]}}],"collection":[{"href":"https:\/\/mercure-tilburg.nl\/de\/wp-json\/wp\/v2\/pages"}],"about":[{"href":"https:\/\/mercure-tilburg.nl\/de\/wp-json\/wp\/v2\/types\/page"}],"author":[{"embeddable":true,"href":"https:\/\/mercure-tilburg.nl\/de\/wp-json\/wp\/v2\/users\/2"}],"replies":[{"embeddable":true,"href":"https:\/\/mercure-tilburg.nl\/de\/wp-json\/wp\/v2\/comments?post=8801"}],"version-history":[{"count":3,"href":"https:\/\/mercure-tilburg.nl\/de\/wp-json\/wp\/v2\/pages\/8801\/revisions"}],"predecessor-version":[{"id":8812,"href":"https:\/\/mercure-tilburg.nl\/de\/wp-json\/wp\/v2\/pages\/8801\/revisions\/8812"}],"wp:attachment":[{"href":"https:\/\/mercure-tilburg.nl\/de\/wp-json\/wp\/v2\/media?parent=8801"}],"curies":[{"name":"wp","href":"https:\/\/api.w.org\/{rel}","templated":true}]}}