{"id":8777,"date":"2024-08-06T11:33:26","date_gmt":"2024-08-06T09:33:26","guid":{"rendered":"https:\/\/mercure-tilburg.nl\/?page_id=8777"},"modified":"2024-08-06T11:33:26","modified_gmt":"2024-08-06T09:33:26","slug":"opening-playfountain-op-het-pieter-vreedeplein-het-tilburgs-waterfestijn","status":"publish","type":"page","link":"https:\/\/mercure-tilburg.nl\/de\/eroffnung-des-spielbrunnens-auf-dem-pieter-vreedeplein-das-tilburger-wasserfest\/","title":{"rendered":"Er\u00f6ffnung des PlayFountain auf dem Pieter Vreedeplein: Das Tilburger Wasserfestival!"},"content":{"rendered":"<div>\n<h1><strong>Erleben Sie die spritzige Er\u00f6ffnung des PlayFountain am Pieter Vreedeplein: Das Tilburger Wasserfestival!<\/strong><\/h1>\n<\/div>\n<div>\n<p>Der Sommer in Tilburg ist in vollem Gange und der Pieter Vreedeplein steht diesen August ganz im Zeichen von Planschvergn\u00fcgen und erfrischendem Wasserspa\u00df! Am 9. und 10. August wird der nagelneue PlayFountain mit Het Tilburgs Waterfestijn feierlich er\u00f6ffnet. Machen Sie sich bereit f\u00fcr ein unvergessliches Ereignis, das Jung und Alt mit wasserreichen Abenteuern und lustigen Aktivit\u00e4ten \u00fcberrascht!<\/p>\n<\/div>\n<div>\n<h2><strong>Spielen und erfrischen im PlayFountain<\/strong><\/h2>\n<\/div>\n<div>\n<p>Vom 3. August bis 2. September bietet der PlayFountain t\u00e4glich von 10 bis 22 Uhr ein einzigartiges Wassererlebnis auf dem Pieter Vreedeplein. Mit einer Fl\u00e4che von 100 m\u00b2 und 1024 Wasserd\u00fcsen, kombiniert mit interaktiven Wasserspielen, Beleuchtung und Musik, bietet diese Font\u00e4ne endlose Unterhaltung f\u00fcr Besucher jeden Alters. Neben dem Wasserspa\u00df k\u00f6nnen Sie die Pop-up-Parks genie\u00dfen, in denen Sie sich entspannen, zu Mittag essen, arbeiten oder an kostenlosen Workshops teilnehmen k\u00f6nnen. F\u00fcr die Kleinen gibt es einen Picknickbereich und verschiedene Kreidespiele rund um den PlayFountain.<\/p>\n<\/div>\n<div>\n<h2><strong>Das Tilburger Wasserfestival am 9. und 10. August<\/strong><\/h2>\n<\/div>\n<div>\n<p>Am 9. August um 12 Uhr wird der Spielbrunnen mit einer feierlichen Zeremonie in Anwesenheit der Gemeinde Tilburg, des Ondernemersfonds Binnenstad Tilburg (OF, Teil der BMT) und von Wereldhave offiziell er\u00f6ffnet. Nach der Er\u00f6ffnungsrede werden die ersten Wasserstrahlen aktiviert und Het Tilburgs Waterfestijn wird er\u00f6ffnet! Am 9. und 10. August k\u00f6nnen die Besucher zwischen 12.00 und 17.00 Uhr an zwei spektakul\u00e4ren Wasserschlachten teilnehmen: die 'Blocks Battle' und das 'Jug Race'.<\/p>\n<\/div>\n<div>\n<h2><strong>Nimm an den Wasserschlachten teil und gewinne Preise!<\/strong><\/h2>\n<\/div>\n<div>\n<p>Bei der \"Blocks Battle\" wetteifern Paare darum, mit XL-Schaumstoffbl\u00f6cken den h\u00f6chsten Turm zu bauen und dabei zu verhindern, dass sich ihre Weste mit Wasser f\u00fcllt. Beim \"Krugrennen\" m\u00fcssen die Paare so viel Wasser wie m\u00f6glich auf einer aufblasbaren Bauchrutsche auf die andere Seite bef\u00f6rdern. Benutzen Sie die farbigen Kr\u00fcge und trotzen Sie der rutschigen Strecke, um zu gewinnen. Die Siegerteams werden mit lustigen Preisen belohnt, und ein energiegeladener Moderator sorgt f\u00fcr die n\u00f6tige Unterhaltung und Ermutigung.<\/p>\n<\/div>\n<div>\n<h3><strong>Weitere Informationen und Tagesordnung<\/strong><\/h3>\n<\/div>\n<div>\n<p>Weitere Informationen \u00fcber das Tilburg Water Festival und das vollst\u00e4ndige Programm finden Sie im Kalender unter<span class=\"apple-converted-space\">\u00a0<\/span><a href=\"https:\/\/www.centeroftilburg.com\/nl\/agenda\/174555117\/het-tilburgs-waterfestijn\" target=\"_new\" rel=\"noopener\">Zentrum von Tilburg<\/a>.<\/p>\n<\/div>\n<div>\n<p>Verpassen Sie nicht die Chance, bei dieser glanzvollen Er\u00f6ffnung dabei zu sein und erleben Sie den Spa\u00df des PlayFountain w\u00e4hrend des Tilburger Wasserfestes!<\/p>\n<\/div>","protected":false},"excerpt":{"rendered":"<p>Erleben Sie die spritzige Er\u00f6ffnung des PlayFountain auf dem Pieter Vreedeplein: Das Tilburger Wasserfestival! Der Sommer in Tilburg ist in vollem Gange und der Pieter Vreedeplein steht diesen August ganz im Zeichen von spritzigem Spa\u00df und erfrischendem Wasservergn\u00fcgen! Am 9. und 10. August wird der brandneue PlayFountain mit Het Tilburgs Waterfestijn feierlich er\u00f6ffnet. Bereiten Sie sich auf [...]<\/p>","protected":false},"author":2,"featured_media":0,"parent":0,"menu_order":0,"comment_status":"closed","ping_status":"closed","template":"","meta":{"footnotes":""},"class_list":["post-8777","page","type-page","status-publish","hentry"],"yoast_head":"<!-- This site is optimized with the Yoast SEO Premium plugin v14.9 - https:\/\/yoast.com\/wordpress\/plugins\/seo\/ -->\n<title>Opening PlayFountain op het Pieter Vreedeplein: Het Tilburgs Waterfestijn! - Mercure Hotel Tilburg Centrum<\/title>\n<meta name=\"robots\" content=\"index, follow, max-snippet:-1, max-image-preview:large, max-video-preview:-1\" \/>\n<link rel=\"canonical\" href=\"https:\/\/mercure-tilburg.nl\/de\/eroffnung-des-spielbrunnens-auf-dem-pieter-vreedeplein-das-tilburger-wasserfest\/\" \/>\n<meta property=\"og:locale\" content=\"de_DE\" \/>\n<meta property=\"og:type\" content=\"article\" \/>\n<meta property=\"og:title\" content=\"Opening PlayFountain op het Pieter Vreedeplein: Het Tilburgs Waterfestijn! - Mercure Hotel Tilburg Centrum\" \/>\n<meta property=\"og:description\" content=\"Ervaar de spetterende opening van de PlayFountain op het Pieter Vreedeplein: Het Tilburgs Waterfestijn! De zomer in Tilburg is in volle gang en het Pieter Vreedeplein staat deze augustus in het teken van spetterend plezier en verfrissende waterpret! Op 9 en 10 augustus wordt de gloednieuwe PlayFountain feestelijk geopend met Het Tilburgs Waterfestijn. Bereid je [&hellip;]\" \/>\n<meta property=\"og:url\" content=\"https:\/\/mercure-tilburg.nl\/de\/eroffnung-des-spielbrunnens-auf-dem-pieter-vreedeplein-das-tilburger-wasserfest\/\" \/>\n<meta property=\"og:site_name\" content=\"Mercure Hotel Tilburg Centrum\" \/>\n<meta name=\"twitter:card\" content=\"summary_large_image\" \/>\n<script type=\"application\/ld+json\" class=\"yoast-schema-graph\">{\"@context\":\"https:\/\/schema.org\",\"@graph\":[{\"@type\":\"WebSite\",\"@id\":\"https:\/\/mercure-tilburg.nl\/de\/#website\",\"url\":\"https:\/\/mercure-tilburg.nl\/de\/\",\"name\":\"Mercure Hotel Tilburg Centrum\",\"description\":\"Overnachten op de beste plek van Tilburg\",\"potentialAction\":[{\"@type\":\"SearchAction\",\"target\":\"https:\/\/mercure-tilburg.nl\/de\/?s={search_term_string}\",\"query-input\":\"required name=search_term_string\"}],\"inLanguage\":\"de\"},{\"@type\":\"WebPage\",\"@id\":\"https:\/\/mercure-tilburg.nl\/en\/opening-playfountain-op-het-pieter-vreedeplein-het-tilburgs-waterfestijn\/#webpage\",\"url\":\"https:\/\/mercure-tilburg.nl\/en\/opening-playfountain-op-het-pieter-vreedeplein-het-tilburgs-waterfestijn\/\",\"name\":\"Opening PlayFountain op het Pieter Vreedeplein: Het Tilburgs Waterfestijn! - Mercure Hotel Tilburg Centrum\",\"isPartOf\":{\"@id\":\"https:\/\/mercure-tilburg.nl\/de\/#website\"},\"datePublished\":\"2024-08-06T09:33:26+00:00\",\"dateModified\":\"2024-08-06T09:33:26+00:00\",\"inLanguage\":\"de\",\"potentialAction\":[{\"@type\":\"ReadAction\",\"target\":[\"https:\/\/mercure-tilburg.nl\/en\/opening-playfountain-op-het-pieter-vreedeplein-het-tilburgs-waterfestijn\/\"]}]}]}<\/script>\n<!-- \/ Yoast SEO Premium plugin. -->","_links":{"self":[{"href":"https:\/\/mercure-tilburg.nl\/de\/wp-json\/wp\/v2\/pages\/8777","targetHints":{"allow":["GET"]}}],"collection":[{"href":"https:\/\/mercure-tilburg.nl\/de\/wp-json\/wp\/v2\/pages"}],"about":[{"href":"https:\/\/mercure-tilburg.nl\/de\/wp-json\/wp\/v2\/types\/page"}],"author":[{"embeddable":true,"href":"https:\/\/mercure-tilburg.nl\/de\/wp-json\/wp\/v2\/users\/2"}],"replies":[{"embeddable":true,"href":"https:\/\/mercure-tilburg.nl\/de\/wp-json\/wp\/v2\/comments?post=8777"}],"version-history":[{"count":1,"href":"https:\/\/mercure-tilburg.nl\/de\/wp-json\/wp\/v2\/pages\/8777\/revisions"}],"predecessor-version":[{"id":8778,"href":"https:\/\/mercure-tilburg.nl\/de\/wp-json\/wp\/v2\/pages\/8777\/revisions\/8778"}],"wp:attachment":[{"href":"https:\/\/mercure-tilburg.nl\/de\/wp-json\/wp\/v2\/media?parent=8777"}],"curies":[{"name":"wp","href":"https:\/\/api.w.org\/{rel}","templated":true}]}}