{"id":8650,"date":"2024-01-24T16:00:14","date_gmt":"2024-01-24T15:00:14","guid":{"rendered":"https:\/\/mercure-tilburg.nl\/?page_id=8650"},"modified":"2024-06-18T10:33:45","modified_gmt":"2024-06-18T08:33:45","slug":"mvo","status":"publish","type":"page","link":"https:\/\/mercure-tilburg.nl\/de\/mvo\/","title":{"rendered":"Soziale Verantwortung der Unternehmen"},"content":{"rendered":"<div id='full_slider_1'  class='avia-fullwidth-slider main_color avia-shadow   avia-builder-el-0  el_before_av_one_full  avia-builder-el-first   container_wrap sidebar_right'  ><div  class='avia-slideshow av-jsn100xd-30b7dd945323522f8752fd901e4752ca avia-slideshow-featured av_slideshow_full avia-slide-slider av-slideshow-ui av-control-default av-slideshow-manual av-loop-once av-loop-manual-endless av-default-height-applied   avia-slideshow-1' data-slideshow-options=\"{&quot;animation&quot;:&quot;slide&quot;,&quot;autoplay&quot;:false,&quot;loop_autoplay&quot;:&quot;once&quot;,&quot;interval&quot;:5,&quot;loop_manual&quot;:&quot;manual-endless&quot;,&quot;autoplay_stopper&quot;:false,&quot;noNavigation&quot;:false,&quot;bg_slider&quot;:false,&quot;keep_padding&quot;:false,&quot;hoverpause&quot;:false,&quot;show_slide_delay&quot;:0}\"  itemprop=\"image\" itemscope=\"itemscope\" itemtype=\"https:\/\/schema.org\/ImageObject\" ><ul class='avia-slideshow-inner' style='padding-bottom: 28.666666666667%;'><li  class='avia-slideshow-slide av-jsn100xd-30b7dd945323522f8752fd901e4752ca__0  av-single-slide slide-1 slide-odd'><div data-rel='slideshow-1' class='avia-slide-wrap'  title='m66' ><img decoding=\"async\" fetchpriority=\"high\" class=\"wp-image-2294 avia-img-lazy-loading-not-2294\"  src=\"https:\/\/mercure-tilburg.nl\/wp-content\/uploads\/2020\/02\/m66.jpg\" width=\"1500\" height=\"430\" title='m66' alt='m66'  itemprop=\"thumbnailUrl\"  style='min-height:250px; min-width:873px; ' srcset=\"https:\/\/mercure-tilburg.nl\/wp-content\/uploads\/2020\/02\/m66.jpg 1500w, https:\/\/mercure-tilburg.nl\/wp-content\/uploads\/2020\/02\/m66-300x86.jpg 300w, https:\/\/mercure-tilburg.nl\/wp-content\/uploads\/2020\/02\/m66-1030x295.jpg 1030w, https:\/\/mercure-tilburg.nl\/wp-content\/uploads\/2020\/02\/m66-768x220.jpg 768w, https:\/\/mercure-tilburg.nl\/wp-content\/uploads\/2020\/02\/m66-705x202.jpg 705w, https:\/\/mercure-tilburg.nl\/wp-content\/uploads\/2020\/02\/m66-450x129.jpg 450w\" sizes=\"(max-width: 1500px) 100vw, 1500px\" \/><\/div><\/li><\/ul><\/div><\/div><div id='after_full_slider_1'  class='main_color av_default_container_wrap container_wrap sidebar_right'  ><div class='container av-section-cont-open' ><div class='template-page content  av-content-small alpha units'><div class='post-entry post-entry-type-page post-entry-8650'><div class='entry-content-wrapper clearfix'>\n\n<style type=\"text\/css\" data-created_by=\"avia_inline_auto\" id=\"style-css-av-jsn1iumm-47f48705dce19edb114ca158b7ecf75e\">\n#top .flex_column.av-jsn1iumm-47f48705dce19edb114ca158b7ecf75e{\nmargin-top:-150px;\nmargin-bottom:0px;\n}\n.flex_column.av-jsn1iumm-47f48705dce19edb114ca158b7ecf75e{\nborder-radius:0px 0px 0px 0px;\npadding:50px 100px 50px 100px;\nbackground-color:#f7f7f4;\n}\n.responsive #top #wrap_all .flex_column.av-jsn1iumm-47f48705dce19edb114ca158b7ecf75e{\nmargin-top:-150px;\nmargin-bottom:0px;\n}\n<\/style>\n<div  class='flex_column av-jsn1iumm-47f48705dce19edb114ca158b7ecf75e av_one_full  avia-builder-el-1  el_after_av_slideshow_full  avia-builder-el-no-sibling  mobilejumbo first flex_column_div'     ><p>\n<style type=\"text\/css\" data-created_by=\"avia_inline_auto\" id=\"style-css-av-ac7bn-befec05c46f2b88fa3288eabe84b0f3e\">\n#top .av-special-heading.av-ac7bn-befec05c46f2b88fa3288eabe84b0f3e{\npadding-bottom:10px;\ncolor:#1a1e29;\n}\nbody .av-special-heading.av-ac7bn-befec05c46f2b88fa3288eabe84b0f3e .av-special-heading-tag .heading-char{\nfont-size:25px;\n}\n.av-special-heading.av-ac7bn-befec05c46f2b88fa3288eabe84b0f3e .special-heading-inner-border{\nborder-color:#1a1e29;\n}\n.av-special-heading.av-ac7bn-befec05c46f2b88fa3288eabe84b0f3e .av-subheading{\nfont-size:18px;\n}\n<\/style>\n<div  class='av-special-heading av-ac7bn-befec05c46f2b88fa3288eabe84b0f3e av-special-heading-h1 custom-color-heading blockquote modern-quote modern-centered  avia-builder-el-2  el_before_av_hr  avia-builder-el-first  av-linked-heading'><h1 class='av-special-heading-tag'  itemprop=\"headline\"  >Soziale Verantwortung der Unternehmen<\/h1><div class='av_custom_color av-subheading av-subheading_below'><p>Erkl\u00e4rung f\u00fcr Mercure Hotel Tilburg Centrum und ibis hotel Tilburg<\/p>\n<\/div><div class=\"special-heading-border\"><div class=\"special-heading-inner-border\"><\/div><\/div><\/div><br \/>\n\n<style type=\"text\/css\" data-created_by=\"avia_inline_auto\" id=\"style-css-av-jsn2elt0-98da4bc302aeac1a0ea2ebb96eaac3b6\">\n#top .hr.av-jsn2elt0-98da4bc302aeac1a0ea2ebb96eaac3b6{\nmargin-top:10px;\nmargin-bottom:10px;\n}\n.hr.av-jsn2elt0-98da4bc302aeac1a0ea2ebb96eaac3b6 .hr-inner{\nwidth:100%;\nborder-color:#e0e0e0;\n}\n<\/style>\n<div  class='hr av-jsn2elt0-98da4bc302aeac1a0ea2ebb96eaac3b6 hr-custom  avia-builder-el-3  el_after_av_heading  el_before_av_textblock  hr-center hr-icon-no'><span class='hr-inner inner-border-av-border-thin'><span class=\"hr-inner-style\"><\/span><\/span><\/div><br \/>\n\n<style type=\"text\/css\" data-created_by=\"avia_inline_auto\" id=\"style-css-av-jsacmwl4-b75e34c2e06cc92ed9dab13dead0d2fb\">\n#top .av_textblock_section.av-jsacmwl4-b75e34c2e06cc92ed9dab13dead0d2fb .avia_textblock{\nfont-size:16px;\n}\n<\/style>\n<section  class='av_textblock_section av-jsacmwl4-b75e34c2e06cc92ed9dab13dead0d2fb'   itemscope=\"itemscope\" itemtype=\"https:\/\/schema.org\/CreativeWork\" ><div class='avia_textblock'  itemprop=\"text\" ><p style=\"font-weight: 400; text-align: center;\">Wir sind stolz darauf, die CSR-Erkl\u00e4rung des Mercure Hotel Tilburg Centrum und des ibis Hotel Tilburg zu ver\u00f6ffentlichen. Unsere Hotels engagieren sich seit vielen Jahren f\u00fcr Nachhaltigkeit und soziale Unternehmensverantwortung. Durch gezielte Initiativen bem\u00fchen wir uns, Nachhaltigkeit zu einem integralen Bestandteil unserer T\u00e4tigkeit zu machen.<\/p>\n<p style=\"font-weight: 400; text-align: center;\">Zu diesen Initiativen geh\u00f6ren Wassersparen, Abfalltrennung und die Verwendung umweltfreundlicher Ressourcen. Dar\u00fcber hinaus bem\u00fchen wir uns, wo immer m\u00f6glich, \u00f6kologische Produkte und Produkte mit anerkannten Umweltzeichen zu verwenden.<\/p>\n<p style=\"font-weight: 400; text-align: center;\">W\u00e4hrend des laufenden Erhaltungsprozesses sorgen wir daf\u00fcr, dass Komfort und Service f\u00fcr unsere gesch\u00e4tzten G\u00e4ste immer auf dem gewohnt hohen Niveau bleiben.<\/p>\n<p style=\"font-weight: 400; text-align: center;\">Im Mercure Hotel Tilburg Centrum und im ibis Hotel Tilburg steht der Mensch im Mittelpunkt unseres Handelns. Der Erfolg unserer Hotels wird zum Teil von unseren engagierten Mitarbeitern bestimmt, die unseren G\u00e4sten den besten Service und Empfang bieten.<\/p>\n<p style=\"font-weight: 400; text-align: center;\">Wir sind der \u00dcberzeugung, dass Nachhaltigkeit f\u00fcr alle unsere Interessengruppen, einschlie\u00dflich unserer gesch\u00e4tzten G\u00e4ste, Partner und Mitarbeiter, einen Mehrwert darstellt, und sind uns dessen bewusst. Daher arbeiten wir mit verschiedenen Lieferanten und Organisationen zusammen, die sich nachhaltigen Praktiken und Grunds\u00e4tzen verpflichtet haben, und investieren aktiv in lokale Unternehmen. Unsere Umweltinitiativen sind ein wichtiger Teil unseres CSR-Aktionsplans, in dem wir uns bem\u00fchen, nachhaltige Materialien zu beschaffen, unsere Abfalltrennung zu verbessern, unseren CO2-Fu\u00dfabdruck zu verringern und unseren Energie- und Wasserverbrauch zu begrenzen.<\/p>\n<p style=\"font-weight: 400; text-align: center;\">Wir m\u00f6chten Sie einladen, uns auf unserer nachhaltigen Reise in eine Zukunft zu begleiten, in der wir mehr beitragen als wir einnehmen.<\/p>\n<\/div><\/section><\/p><\/div>","protected":false},"excerpt":{"rendered":"","protected":false},"author":2,"featured_media":0,"parent":0,"menu_order":0,"comment_status":"closed","ping_status":"closed","template":"","meta":{"footnotes":""},"class_list":["post-8650","page","type-page","status-publish","hentry"],"yoast_head":"<!-- This site is optimized with the Yoast SEO Premium plugin v14.9 - https:\/\/yoast.com\/wordpress\/plugins\/seo\/ -->\n<title>MVO | Mercure Hotel Tilburg Centrum<\/title>\n<meta name=\"description\" content=\"Maatschappelijk Verantwoord Ondernemen verklaring Mercure hotel Tilburg Centrum en ibis hotel Tilburg Neem een kijkje op de website.\" \/>\n<meta name=\"robots\" content=\"index, follow, max-snippet:-1, max-image-preview:large, max-video-preview:-1\" \/>\n<link rel=\"canonical\" href=\"https:\/\/mercure-tilburg.nl\/de\/mvo\/\" \/>\n<meta property=\"og:locale\" content=\"de_DE\" \/>\n<meta property=\"og:type\" content=\"article\" \/>\n<meta property=\"og:title\" content=\"MVO | Mercure Hotel Tilburg Centrum\" \/>\n<meta property=\"og:description\" content=\"Maatschappelijk Verantwoord Ondernemen verklaring Mercure hotel Tilburg Centrum en ibis hotel Tilburg Neem een kijkje op de website.\" \/>\n<meta property=\"og:url\" content=\"https:\/\/mercure-tilburg.nl\/de\/mvo\/\" \/>\n<meta property=\"og:site_name\" content=\"Mercure Hotel Tilburg Centrum\" \/>\n<meta property=\"article:modified_time\" content=\"2024-06-18T08:33:45+00:00\" \/>\n<meta name=\"twitter:card\" content=\"summary_large_image\" \/>\n<script type=\"application\/ld+json\" class=\"yoast-schema-graph\">{\"@context\":\"https:\/\/schema.org\",\"@graph\":[{\"@type\":\"WebSite\",\"@id\":\"https:\/\/mercure-tilburg.nl\/de\/#website\",\"url\":\"https:\/\/mercure-tilburg.nl\/de\/\",\"name\":\"Mercure Hotel Tilburg Centrum\",\"description\":\"Overnachten op de beste plek van Tilburg\",\"potentialAction\":[{\"@type\":\"SearchAction\",\"target\":\"https:\/\/mercure-tilburg.nl\/de\/?s={search_term_string}\",\"query-input\":\"required name=search_term_string\"}],\"inLanguage\":\"de\"},{\"@type\":\"WebPage\",\"@id\":\"https:\/\/mercure-tilburg.nl\/mvo\/#webpage\",\"url\":\"https:\/\/mercure-tilburg.nl\/mvo\/\",\"name\":\"MVO | Mercure Hotel Tilburg Centrum\",\"isPartOf\":{\"@id\":\"https:\/\/mercure-tilburg.nl\/de\/#website\"},\"datePublished\":\"2024-01-24T15:00:14+00:00\",\"dateModified\":\"2024-06-18T08:33:45+00:00\",\"description\":\"Maatschappelijk Verantwoord Ondernemen verklaring Mercure hotel Tilburg Centrum en ibis hotel Tilburg Neem een kijkje op de website.\",\"inLanguage\":\"de\",\"potentialAction\":[{\"@type\":\"ReadAction\",\"target\":[\"https:\/\/mercure-tilburg.nl\/mvo\/\"]}]}]}<\/script>\n<!-- \/ Yoast SEO Premium plugin. -->","_links":{"self":[{"href":"https:\/\/mercure-tilburg.nl\/de\/wp-json\/wp\/v2\/pages\/8650","targetHints":{"allow":["GET"]}}],"collection":[{"href":"https:\/\/mercure-tilburg.nl\/de\/wp-json\/wp\/v2\/pages"}],"about":[{"href":"https:\/\/mercure-tilburg.nl\/de\/wp-json\/wp\/v2\/types\/page"}],"author":[{"embeddable":true,"href":"https:\/\/mercure-tilburg.nl\/de\/wp-json\/wp\/v2\/users\/2"}],"replies":[{"embeddable":true,"href":"https:\/\/mercure-tilburg.nl\/de\/wp-json\/wp\/v2\/comments?post=8650"}],"version-history":[{"count":3,"href":"https:\/\/mercure-tilburg.nl\/de\/wp-json\/wp\/v2\/pages\/8650\/revisions"}],"predecessor-version":[{"id":8752,"href":"https:\/\/mercure-tilburg.nl\/de\/wp-json\/wp\/v2\/pages\/8650\/revisions\/8752"}],"wp:attachment":[{"href":"https:\/\/mercure-tilburg.nl\/de\/wp-json\/wp\/v2\/media?parent=8650"}],"curies":[{"name":"wp","href":"https:\/\/api.w.org\/{rel}","templated":true}]}}