{"id":767,"date":"2019-06-18T14:41:35","date_gmt":"2019-06-18T12:41:35","guid":{"rendered":"https:\/\/mercure-tilburg.nl\/?page_id=767"},"modified":"2022-01-04T10:26:35","modified_gmt":"2022-01-04T09:26:35","slug":"privacyverklaring","status":"publish","type":"page","link":"https:\/\/mercure-tilburg.nl\/de\/erklarung-zum-datenschutz\/","title":{"rendered":"Erkl\u00e4rung zum Datenschutz"},"content":{"rendered":"<div id='full_slider_1'  class='avia-fullwidth-slider main_color avia-shadow   avia-builder-el-0  el_before_av_one_full  avia-builder-el-first   container_wrap sidebar_right'  ><div  class='avia-slideshow av-jsn100xd-e42ebc5c9296dd3541460e3f22156723 avia-slideshow-featured av_slideshow_full avia-slide-slider av-slideshow-ui av-control-default av-slideshow-manual av-loop-once av-loop-manual-endless av-default-height-applied   avia-slideshow-1' data-slideshow-options=\"{&quot;animation&quot;:&quot;slide&quot;,&quot;autoplay&quot;:false,&quot;loop_autoplay&quot;:&quot;once&quot;,&quot;interval&quot;:5,&quot;loop_manual&quot;:&quot;manual-endless&quot;,&quot;autoplay_stopper&quot;:false,&quot;noNavigation&quot;:false,&quot;bg_slider&quot;:false,&quot;keep_padding&quot;:false,&quot;hoverpause&quot;:false,&quot;show_slide_delay&quot;:0}\"  itemprop=\"image\" itemscope=\"itemscope\" itemtype=\"https:\/\/schema.org\/ImageObject\" ><ul class='avia-slideshow-inner' style='padding-bottom: 28.666666666667%;'><li  class='avia-slideshow-slide av-jsn100xd-e42ebc5c9296dd3541460e3f22156723__0  av-single-slide slide-1 slide-odd'><div data-rel='slideshow-1' class='avia-slide-wrap'   ><img decoding=\"async\" fetchpriority=\"high\" class=\"wp-image-5150 avia-img-lazy-loading-not-5150\"  src=\"https:\/\/mercure-tilburg.nl\/wp-content\/uploads\/2020\/11\/mercure-hotel-tilburg-centrum-1500x430.jpg\" width=\"1500\" height=\"430\" title='mercure hotel tilburg zentrum' alt='mercure hotel tilburg zentrum'  itemprop=\"thumbnailUrl\"   \/><\/div><\/li><\/ul><\/div><\/div><div id='after_full_slider_1'  class='main_color av_default_container_wrap container_wrap sidebar_right'  ><div class='container av-section-cont-open' ><div class='template-page content  av-content-small alpha units'><div class='post-entry post-entry-type-page post-entry-767'><div class='entry-content-wrapper clearfix'>\n\n<style type=\"text\/css\" data-created_by=\"avia_inline_auto\" id=\"style-css-av-jsn1iumm-1fa695b3eb363d2a3bf8eca7f2230a9d\">\n#top .flex_column.av-jsn1iumm-1fa695b3eb363d2a3bf8eca7f2230a9d{\nmargin-top:-150px;\nmargin-bottom:0px;\n}\n.flex_column.av-jsn1iumm-1fa695b3eb363d2a3bf8eca7f2230a9d{\nborder-radius:0px 0px 0px 0px;\npadding:50px 100px 50px 100px;\nbackground-color:#f7f7f4;\n}\n.responsive #top #wrap_all .flex_column.av-jsn1iumm-1fa695b3eb363d2a3bf8eca7f2230a9d{\nmargin-top:-150px;\nmargin-bottom:0px;\n}\n<\/style>\n<div  class='flex_column av-jsn1iumm-1fa695b3eb363d2a3bf8eca7f2230a9d av_one_full  avia-builder-el-1  el_after_av_slideshow_full  el_before_av_section  avia-builder-el-no-sibling  first flex_column_div'     ><style type=\"text\/css\" data-created_by=\"avia_inline_auto\" id=\"style-css-av-jx1sqrkj-43dd8e3cfad9cdb7ca1b5aacb4392e50\">\n#top .av-special-heading.av-jx1sqrkj-43dd8e3cfad9cdb7ca1b5aacb4392e50{\npadding-bottom:10px;\ncolor:#1a1e29;\n}\nbody .av-special-heading.av-jx1sqrkj-43dd8e3cfad9cdb7ca1b5aacb4392e50 .av-special-heading-tag .heading-char{\nfont-size:25px;\n}\n.av-special-heading.av-jx1sqrkj-43dd8e3cfad9cdb7ca1b5aacb4392e50 .special-heading-inner-border{\nborder-color:#1a1e29;\n}\n.av-special-heading.av-jx1sqrkj-43dd8e3cfad9cdb7ca1b5aacb4392e50 .av-subheading{\nfont-size:18px;\n}\n<\/style>\n<div  class='av-special-heading av-jx1sqrkj-43dd8e3cfad9cdb7ca1b5aacb4392e50 av-special-heading-h2 custom-color-heading blockquote modern-quote modern-centered  avia-builder-el-2  avia-builder-el-no-sibling'><h2 class='av-special-heading-tag'  itemprop=\"headline\"  >Erkl\u00e4rung zum Datenschutz<\/h2><div class=\"special-heading-border\"><div class=\"special-heading-inner-border\"><\/div><\/div><\/div><\/div>\n<\/div><\/div><\/div><!-- close content main div --><\/div><\/div><div id='av_section_1'  class='avia-section av-jsaa221w-10dce5859191b59e11610b1baac6c57b main_color avia-section-default avia-no-border-styling  avia-builder-el-3  el_after_av_one_full  avia-builder-el-last  avia-bg-style-scroll container_wrap sidebar_right'  ><div class='container av-section-cont-open' ><div class='template-page content  av-content-small alpha units'><div class='post-entry post-entry-type-page post-entry-767'><div class='entry-content-wrapper clearfix'>\n\n<style type=\"text\/css\" data-created_by=\"avia_inline_auto\" id=\"style-css-av-1f9x2-6074611a14951d1fc5bfe86307f7fde1\">\n.flex_column.av-1f9x2-6074611a14951d1fc5bfe86307f7fde1{\nborder-radius:0px 0px 0px 0px;\npadding:0px 0px 0px 0px;\n}\n<\/style>\n<div  class='flex_column av-1f9x2-6074611a14951d1fc5bfe86307f7fde1 av_one_fifth  avia-builder-el-4  el_before_av_three_fifth  avia-builder-el-first  first flex_column_div av-zero-column-padding'     ><\/div>\n<style type=\"text\/css\" data-created_by=\"avia_inline_auto\" id=\"style-css-av-1f9x2-36ae84719296c7a7c2f8a270e44a06da\">\n.flex_column.av-1f9x2-36ae84719296c7a7c2f8a270e44a06da{\nborder-radius:0px 0px 0px 0px;\npadding:0px 0px 0px 0px;\n}\n<\/style>\n<div  class='flex_column av-1f9x2-36ae84719296c7a7c2f8a270e44a06da av_three_fifth  avia-builder-el-5  el_after_av_one_fifth  el_before_av_one_fifth  flex_column_div av-zero-column-padding'     ><section  class='av_textblock_section av-k2dgqxs7-539421ab65b9ec8b15f8413dfb8edd21'   itemscope=\"itemscope\" itemtype=\"https:\/\/schema.org\/CreativeWork\" ><div class='avia_textblock'  itemprop=\"text\" ><h2 style=\"text-align: center;\">Datenschutzerkl\u00e4rung Heuvelpoort Hotel B.V.<\/h2>\n<p><span style=\"font-weight: 400;\">Heuvelpoort Hotel B.V. (im Folgenden: Heuvelpoort) mit Sitz in Heuvel 37, (5038 CP) Tilburg, KvK-Nummer: 18072526, ist verantwortlich f\u00fcr die Verarbeitung personenbezogener Daten, wie in dieser Datenschutzerkl\u00e4rung beschrieben. Wir verarbeiten t\u00e4glich Informationen \u00fcber Personen, um unsere Dienstleistungen anbieten zu k\u00f6nnen. Diese Datenschutzerkl\u00e4rung gilt daher f\u00fcr das Hotel (Mercure Hotel Tilburg), die Restaurants (Taste und Grand Caf\u00e9 Puur), die Wellnesseinrichtung City Sauna und die Veranstaltungen (einschlie\u00dflich der Vermietung von R\u00e4umen). Wir behandeln Ihre Daten mit Sorgfalt und sind gerne bereit, die Verarbeitung transparent zu machen. In dieser Datenschutzerkl\u00e4rung k\u00f6nnen Sie mehr dar\u00fcber lesen, wie wir Ihre Daten verarbeiten. <\/span><\/p>\n<h4 style=\"text-align: center;\">1 Welche personenbezogenen Daten verarbeiten wir und zu welchem Zweck?<\/h4>\n<p><span style=\"font-weight: 400;\">Heuvelpoort verarbeitet verschiedene personenbezogene Daten f\u00fcr verschiedene Zwecke. Heuvelpoort verarbeitet Ihre personenbezogenen Daten, weil Sie unsere Dienstleistungen in Anspruch nehmen und\/oder weil Sie sie uns selbst zur Verf\u00fcgung stellen.\u00a0<\/span><\/p>\n<h4>G\u00e4ste:<\/h4>\n<p><span style=\"font-weight: 400;\">Wenn Sie eine \u00dcbernachtung buchen, sind wir gesetzlich verpflichtet, von Ihnen Ihren Vor- und Nachnamen, den Anreisetag, die Art des Ausweises\/Reisedokuments, den Abreisetag und das Herkunftsland zu erfahren. Dar\u00fcber hinaus ist Heuvelpoort gesetzlich verpflichtet, Ihre Identit\u00e4t zu \u00fcberpr\u00fcfen. In diesem Zusammenhang k\u00f6nnen wir auch eine Kopie Ihres Ausweises mit Ausnahme der BSN-Nummer speichern.<\/span><\/p>\n<p><span style=\"font-weight: 400;\">Auch wenn Sie eine Buchung f\u00fcr eine \u00dcbernachtung, eine Tischreservierung f\u00fcr das Restaurant, die Anmietung eines Tagungsraums oder die Planung einer Veranstaltung vornehmen, gehen Sie einen Vertrag mit Heuvelpoort ein. Zur Durchf\u00fchrung des Vertrages verarbeiten wir neben den gesetzlich vorgeschriebenen personenbezogenen Daten bei der Buchung einer \u00dcbernachtung auch Ihr Geschlecht, Ihr Geburtsdatum, Ihre Telefonnummer, Ihre E-Mail-Adresse, Ihre Nationalit\u00e4t, Ihre Zahlungsdaten und Ihre eventuelle Mitgliedschaft ALL (Accor Live Limitless).\u00a0<\/span><\/p>\n<p><span style=\"font-weight: 400;\">Wenn Sie eine Reservierung in unserem Restaurant oder in der Sauna vornehmen oder einen Tagungsraum mieten m\u00f6chten, k\u00f6nnen wir Ihren Vor- und Nachnamen, Ihre Telefonnummer und\/oder Ihre E-Mail-Adresse verarbeiten.\u00a0<\/span><\/p>\n<p><span style=\"font-weight: 400;\">Es kann sein, dass wir Sie f\u00fcr die Erbringung unserer Dienstleistungen um zus\u00e4tzliche Daten bitten, wie z. B. Ern\u00e4hrungsw\u00fcnsche oder andere Vorlieben. Diese Daten werden nur verarbeitet, wenn Sie Ihre Zustimmung gegeben haben.\u00a0<\/span><\/p>\n<h4>Cookies<\/h4>\n<p><span style=\"font-weight: 400;\">Unsere Website verwendet Cookies. Cookies sind kleine Informationseinheiten, die von Ihrem Browser auf Ihrem Computer gespeichert werden. Wir setzen funktionale Cookies ein, um die Website f\u00fcr die Besucher benutzerfreundlicher zu gestalten. Wir verwenden auch analytische Cookies, zum Beispiel zur Analyse von Besucherstatistiken.\u00a0<\/span><\/p>\n<p><span style=\"font-weight: 400;\">Laut Gesetz d\u00fcrfen wir Cookies auf Ihrem Ger\u00e4t speichern, wenn sie f\u00fcr das Funktionieren der Website unbedingt erforderlich sind (sogenannte funktionale Cookies). F\u00fcr alle anderen Arten von Cookies ben\u00f6tigen wir Ihre Zustimmung. Wenn Sie die Website besuchen, wird eine Benachrichtigung zur Annahme von Cookies angezeigt, und es werden weitere Erl\u00e4uterungen zu den betreffenden Cookies gegeben.\u00a0<\/span><\/p>\n<p><span style=\"font-weight: 400;\">Wenn Sie keine Cookies akzeptieren oder Ihren Browser so einstellen, dass er keine Cookies akzeptiert, kann dies dazu f\u00fchren, dass Sie unsere Website nicht optimal nutzen k\u00f6nnen.\u00a0<\/span><\/p>\n<h4>Kamera\u00fcberwachung<\/h4>\n<p><span style=\"font-weight: 400;\">Heuvelpoort hat ein berechtigtes Interesse daran, die Kamera\u00fcberwachung an \u00f6ffentlichen Orten zu nutzen, um sein Eigentum zu sichern und seine G\u00e4ste und Mitarbeiter zu sch\u00fctzen. Durch das Bild- und Tonmaterial der Kameras erh\u00e4lt Heuvelpoort Einblick in die Aktivit\u00e4ten von Personen.\u00a0<\/span><\/p>\n<p><span style=\"font-weight: 400;\">Heuvelpoort trifft keine Entscheidungen \u00fcber Angelegenheiten, die Personen (erheblich) beeintr\u00e4chtigen k\u00f6nnten, auf der Grundlage einer automatisierten Verarbeitung. Kamerabilder werden automatisch nach 3 Wochen gel\u00f6scht, es sei denn, die Bilder haben einen Vorfall aufgezeichnet, der noch untersucht wird.<\/span><\/p>\n<h4 style=\"text-align: center;\">2 Partner<\/h4>\n<p><span style=\"font-weight: 400;\">Hill Gate gibt Ihre Daten nicht an Dritte weiter, au\u00dfer unter den folgenden Umst\u00e4nden:<\/span><\/p>\n<ol>\n<li><span style=\"font-weight: 400;\"> wenn dies f\u00fcr die Erf\u00fcllung des Vertrags erforderlich ist. Zum Beispiel nutzen wir einen Dritten f\u00fcr die Abwicklung von (Online-)Zahlungen, Subunternehmern, unserem Franchisegeber und Lieferanten.<\/span><\/li>\n<li><span style=\"font-weight: 400;\"> wenn Dritte auf unsere Anweisung und in \u00dcbereinstimmung mit unserer Politik die Verarbeitung personenbezogener Daten \u00fcbernehmen. Hier k\u00f6nnen Sie an unsere IT-Lieferanten und Verwalter von IT-Systemen denken. Heuvelpoort hat mit diesen Parteien eine Verarbeitungsvereinbarung geschlossen, um das gleiche Ma\u00df an Sicherheit und Vertraulichkeit Ihrer Daten zu gew\u00e4hrleisten. Heuvelpoort bleibt f\u00fcr diese Verarbeitung verantwortlich.<\/span><\/li>\n<li><span style=\"font-weight: 400;\"> Wenn es f\u00fcr Heuvelpoort aufgrund einer gesetzlichen Verpflichtung erforderlich ist, Daten weiterzugeben. Beispiele hierf\u00fcr sind Betrugsermittlungen, nationale statistische Erhebungen, Steuerinspektoren, Gemeinden im Zusammenhang mit der Kurtaxe.\u00a0<\/span><\/li>\n<li><span style=\"font-weight: 400;\"> wenn Sie dies bei der \u00dcbermittlung Ihrer pers\u00f6nlichen Daten an uns angeben.<\/span><\/li>\n<\/ol>\n<p><span style=\"font-weight: 400;\">Einige dieser Partner verarbeiten personenbezogene Daten au\u00dferhalb des Europ\u00e4ischen Wirtschaftsraums. Eine \u00dcbermittlung in ein Land au\u00dferhalb des Europ\u00e4ischen Wirtschaftsraums findet nur statt, wenn die gesetzlichen Anforderungen erf\u00fcllt sind.<\/span><\/p>\n<h4 style=\"text-align: center;\">3 Wie lange bewahren wir Ihre Daten auf?<\/h4>\n<p><span style=\"font-weight: 400;\">Hill Gate bewahrt Ihre personenbezogenen Daten nicht l\u00e4nger auf, als es f\u00fcr die Erf\u00fcllung der Zwecke, f\u00fcr die Ihre Daten erhoben wurden, unbedingt erforderlich ist. Die meisten Daten werden gem\u00e4\u00df einer gesetzlichen Aufbewahrungsfrist aufbewahrt. Denken Sie beispielsweise an die personenbezogenen Daten, die in unseren Finanzunterlagen zu finden sind, f\u00fcr die die gesetzliche Frist von 7 Jahren gilt.\u00a0<\/span><\/p>\n<p><span style=\"font-weight: 400;\">Wenn Sie eine Restaurantreservierung \u00fcber unser digitales Reservierungssystem vornehmen, wird Ihre Reservierung nach zwei Jahren automatisch gel\u00f6scht. Eine Kopie des Identit\u00e4tsnachweises wird jedoch sofort nach dem Auschecken des Gastes vernichtet.\u00a0<\/span><\/p>\n<p><span style=\"font-weight: 400;\">Wenn Sie Fragen zu den Aufbewahrungsfristen haben, k\u00f6nnen Sie sich gerne an uns wenden.\u00a0<\/span><\/p>\n<h4 style=\"text-align: center;\">4 Aus\u00fcbung von Rechten<\/h4>\n<p><span style=\"font-weight: 400;\">Sie haben das Recht auf Zugang, Berichtigung oder L\u00f6schung Ihrer personenbezogenen Daten. Sie haben auch das Recht, Ihre eventuelle Zustimmung zur Datenverarbeitung zu widerrufen oder der Verarbeitung Ihrer personenbezogenen Daten durch Heuvelpoort zu widersprechen, und Sie haben das Recht auf Daten\u00fcbertragbarkeit. Dies bedeutet, dass Sie bei uns beantragen k\u00f6nnen, dass die personenbezogenen Daten, die wir \u00fcber Sie in einer Computerdatei gespeichert haben, an Sie oder eine andere von Ihnen benannte Organisation \u00fcbermittelt werden. Sie k\u00f6nnen einen Antrag auf Einsichtnahme, Berichtigung, L\u00f6schung oder \u00dcbertragung Ihrer personenbezogenen Daten oder einen Antrag auf Widerruf Ihrer Einwilligung oder Widerspruch gegen die Verarbeitung Ihrer personenbezogenen Daten an privacy@mercure-tilburg.nl senden.<\/span><\/p>\n<p><span style=\"font-weight: 400;\">Wir werden Ihre Anfrage so schnell wie m\u00f6glich beantworten. Heuvelpoort m\u00f6chte Sie auch dar\u00fcber informieren, dass Sie die M\u00f6glichkeit haben, eine Beschwerde bei der nationalen Aufsichtsbeh\u00f6rde, der Beh\u00f6rde f\u00fcr personenbezogene Daten, einzureichen. Sie k\u00f6nnen dies \u00fcber den folgenden Link tun: <\/span><span style=\"font-weight: 400;\"><a href=\"https:\/\/autoriteitpersoonsgegevens.nl\/nl\/contact-met-de-autoriteit-persoonsgegevens\/tip-ons\">https:\/\/autoriteitpersoonsgegevens.nl\/nl\/contact-met-de-autoriteit-persoonsgegevens\/tip-on<\/a><\/span><\/p>\n<h4 style=\"text-align: center;\">5 Sicherheit<\/h4>\n<p><span style=\"font-weight: 400;\">Heuvelpoort nimmt den Schutz Ihrer Daten ernst und ergreift geeignete Ma\u00dfnahmen, um Missbrauch, Verlust, unbefugtem Zugriff, unerw\u00fcnschter Offenlegung und unbefugter \u00c4nderung entgegenzuwirken. So sind beispielsweise unsere Reservierungssysteme, Zahlungssysteme und Terminals PCI-konform und unsere Mitarbeiter nehmen an PCI-Schulungen teil. Sollten Sie den Eindruck haben, dass Ihre Daten nicht ordnungsgem\u00e4\u00df gesichert sind oder es Anzeichen f\u00fcr einen Missbrauch gibt, kontaktieren Sie uns bitte unter privacy@heuvelpoort.n.<\/span><\/p>\n<h4 style=\"text-align: center;\">6 Sonstiges<\/h4>\n<p><span style=\"font-weight: 400;\">Dieser Datenschutzhinweis steht im Einklang mit der Allgemeinen Datenschutzverordnung. Wir behalten uns das Recht vor, diese Datenschutzerkl\u00e4rung in regelm\u00e4\u00dfigen Abst\u00e4nden zu aktualisieren. Die jeweils aktuelle Version wird auf unserer Website ver\u00f6ffentlicht. Wir empfehlen daher, die Datenschutzerkl\u00e4rung in regelm\u00e4\u00dfigen Abst\u00e4nden zu lesen. <\/span><\/p>\n<h4 style=\"text-align: center;\">7 Kontakt<\/h4>\n<p><span style=\"font-weight: 400;\">Wenn Sie Fragen zum Inhalt dieser Datenschutzerkl\u00e4rung haben, kontaktieren Sie uns bitte unter privacy@heuvelpoort.nl.<\/span><\/p>\n<h2 style=\"text-align: center;\"><\/h2>\n<\/div><\/section><\/div>\n<style type=\"text\/css\" data-created_by=\"avia_inline_auto\" id=\"style-css-av-1f9x2-36ae84719296c7a7c2f8a270e44a06da\">\n.flex_column.av-1f9x2-36ae84719296c7a7c2f8a270e44a06da{\nborder-radius:0px 0px 0px 0px;\npadding:0px 0px 0px 0px;\n}\n<\/style>\n<div  class='flex_column av-1f9x2-36ae84719296c7a7c2f8a270e44a06da av_one_fifth  avia-builder-el-7  el_after_av_three_fifth  avia-builder-el-last  flex_column_div av-zero-column-padding'     ><\/div>\n<\/div><\/div><\/div><!-- close content main div --><\/div><\/div><div id='after_section_1'  class='main_color av_default_container_wrap container_wrap sidebar_right'  ><div class='container av-section-cont-open' ><div class='template-page content  av-content-small alpha units'><div class='post-entry post-entry-type-page post-entry-767'><div class='entry-content-wrapper clearfix'>","protected":false},"excerpt":{"rendered":"","protected":false},"author":1,"featured_media":0,"parent":0,"menu_order":0,"comment_status":"closed","ping_status":"closed","template":"","meta":{"footnotes":""},"class_list":["post-767","page","type-page","status-publish","hentry"],"yoast_head":"<!-- This site is optimized with the Yoast SEO Premium plugin v14.9 - https:\/\/yoast.com\/wordpress\/plugins\/seo\/ -->\n<title>Privacyverklaring - Mercure Hotel Tilburg Centrum<\/title>\n<meta name=\"description\" content=\"In onze privacyverklaring leest u hoe wij omgaan met uw gegevens. Ook leest u hoe we uw gegevens verwerken. Lees hier voor meer informatie.\" \/>\n<meta name=\"robots\" content=\"index, follow, max-snippet:-1, max-image-preview:large, max-video-preview:-1\" \/>\n<link rel=\"canonical\" href=\"https:\/\/mercure-tilburg.nl\/de\/erklarung-zum-datenschutz\/\" \/>\n<meta property=\"og:locale\" content=\"de_DE\" \/>\n<meta property=\"og:type\" content=\"article\" \/>\n<meta property=\"og:title\" content=\"Privacyverklaring - Mercure Hotel Tilburg Centrum\" \/>\n<meta property=\"og:description\" content=\"In onze privacyverklaring leest u hoe wij omgaan met uw gegevens. Ook leest u hoe we uw gegevens verwerken. Lees hier voor meer informatie.\" \/>\n<meta property=\"og:url\" content=\"https:\/\/mercure-tilburg.nl\/de\/erklarung-zum-datenschutz\/\" \/>\n<meta property=\"og:site_name\" content=\"Mercure Hotel Tilburg Centrum\" \/>\n<meta property=\"article:modified_time\" content=\"2022-01-04T09:26:35+00:00\" \/>\n<meta name=\"twitter:card\" content=\"summary_large_image\" \/>\n<script type=\"application\/ld+json\" class=\"yoast-schema-graph\">{\"@context\":\"https:\/\/schema.org\",\"@graph\":[{\"@type\":\"WebSite\",\"@id\":\"https:\/\/mercure-tilburg.nl\/de\/#website\",\"url\":\"https:\/\/mercure-tilburg.nl\/de\/\",\"name\":\"Mercure Hotel Tilburg Centrum\",\"description\":\"Overnachten op de beste plek van Tilburg\",\"potentialAction\":[{\"@type\":\"SearchAction\",\"target\":\"https:\/\/mercure-tilburg.nl\/de\/?s={search_term_string}\",\"query-input\":\"required name=search_term_string\"}],\"inLanguage\":\"de\"},{\"@type\":\"WebPage\",\"@id\":\"https:\/\/mercure-tilburg.nl\/privacyverklaring\/#webpage\",\"url\":\"https:\/\/mercure-tilburg.nl\/privacyverklaring\/\",\"name\":\"Privacyverklaring - Mercure Hotel Tilburg Centrum\",\"isPartOf\":{\"@id\":\"https:\/\/mercure-tilburg.nl\/de\/#website\"},\"datePublished\":\"2019-06-18T12:41:35+00:00\",\"dateModified\":\"2022-01-04T09:26:35+00:00\",\"description\":\"In onze privacyverklaring leest u hoe wij omgaan met uw gegevens. Ook leest u hoe we uw gegevens verwerken. Lees hier voor meer informatie.\",\"inLanguage\":\"de\",\"potentialAction\":[{\"@type\":\"ReadAction\",\"target\":[\"https:\/\/mercure-tilburg.nl\/privacyverklaring\/\"]}]}]}<\/script>\n<!-- \/ Yoast SEO Premium plugin. -->","_links":{"self":[{"href":"https:\/\/mercure-tilburg.nl\/de\/wp-json\/wp\/v2\/pages\/767","targetHints":{"allow":["GET"]}}],"collection":[{"href":"https:\/\/mercure-tilburg.nl\/de\/wp-json\/wp\/v2\/pages"}],"about":[{"href":"https:\/\/mercure-tilburg.nl\/de\/wp-json\/wp\/v2\/types\/page"}],"author":[{"embeddable":true,"href":"https:\/\/mercure-tilburg.nl\/de\/wp-json\/wp\/v2\/users\/1"}],"replies":[{"embeddable":true,"href":"https:\/\/mercure-tilburg.nl\/de\/wp-json\/wp\/v2\/comments?post=767"}],"version-history":[{"count":3,"href":"https:\/\/mercure-tilburg.nl\/de\/wp-json\/wp\/v2\/pages\/767\/revisions"}],"predecessor-version":[{"id":7324,"href":"https:\/\/mercure-tilburg.nl\/de\/wp-json\/wp\/v2\/pages\/767\/revisions\/7324"}],"wp:attachment":[{"href":"https:\/\/mercure-tilburg.nl\/de\/wp-json\/wp\/v2\/media?parent=767"}],"curies":[{"name":"wp","href":"https:\/\/api.w.org\/{rel}","templated":true}]}}