{"id":1547,"date":"2019-09-13T11:34:43","date_gmt":"2019-09-13T09:34:43","guid":{"rendered":"https:\/\/mercure-tilburg.nl\/?page_id=1547"},"modified":"2022-12-15T09:32:41","modified_gmt":"2022-12-15T08:32:41","slug":"footer-3","status":"publish","type":"page","link":"https:\/\/mercure-tilburg.nl\/de\/fuszeile-3\/","title":{"rendered":"Fu\u00dfzeile"},"content":{"rendered":"<style type=\"text\/css\" data-created_by=\"avia_inline_auto\" id=\"style-css-av-k084ya36-45b9b48c45367bfa13cbeb179239da9c\">\n.avia-section.av-k084ya36-45b9b48c45367bfa13cbeb179239da9c{\nbackground-color:#501c50;\nbackground-image:unset;\n}\n<\/style>\n<div id='av_section_1'  class='avia-section av-k084ya36-45b9b48c45367bfa13cbeb179239da9c main_color avia-section-default avia-no-border-styling  avia-builder-el-0  el_before_av_section  avia-builder-el-first  avia-bg-style-scroll container_wrap sidebar_right'  ><div class='container av-section-cont-open' ><main  role=\"main\" itemprop=\"mainContentOfPage\"  class='template-page content  av-content-small alpha units'><div class='post-entry post-entry-type-page post-entry-1547'><div class='entry-content-wrapper clearfix'>\n<style type=\"text\/css\" data-created_by=\"avia_inline_auto\" id=\"style-css-av-dvi9y9-699430d87718d74a5c6add7c5510dd35\">\n.flex_column.av-dvi9y9-699430d87718d74a5c6add7c5510dd35{\nborder-radius:0px 0px 0px 0px;\npadding:0px 0px 0px 0px;\n}\n<\/style>\n<div  class='flex_column av-dvi9y9-699430d87718d74a5c6add7c5510dd35 av_one_fifth  avia-builder-el-1  el_before_av_one_third  avia-builder-el-first  first flex_column_div av-zero-column-padding'     ><\/div>\n<style type=\"text\/css\" data-created_by=\"avia_inline_auto\" id=\"style-css-av-c1udn5-a576da28ae89eeb7290d8a85632862d8\">\n.flex_column.av-c1udn5-a576da28ae89eeb7290d8a85632862d8{\nborder-radius:0px 0px 0px 0px;\npadding:0px 0px 0px 0px;\n}\n<\/style>\n<div  class='flex_column av-c1udn5-a576da28ae89eeb7290d8a85632862d8 av_one_third  avia-builder-el-2  el_after_av_one_fifth  el_before_av_one_fourth  flex_column_div av-zero-column-padding'     ><form action=\"\/de\/fuszeile-3\/\" method=\"post\" data-fields-with-error=\"Found errors in the following field(s):\" class=\"avia_ajax_form av-form-labels-hidden   avia-builder-el-3  avia-builder-el-no-sibling\" data-avia-form-id=\"1\" data-avia-redirect='' data-trp-original-action=\"https:\/\/mercure-tilburg.nl\/de\/fuszeile-3\/\" ><fieldset><p class='first_form  form_element form_element_two_third av-last-visible-form-element' id='element_avia_1_1'><label for=\"avia_1_1\">Erhalten Sie unseren Newsletter<\/label> <input name=\"avia_1_1\" class=\"text_input\" type=\"text\" id=\"avia_1_1\" value=\"\"  placeholder='Erhalten Sie unseren Newsletter'\/><\/p><p class=\"hidden\"><input type=\"text\" name=\"avia_2_1\" class=\"hidden\" id=\"avia_2_1\" value=\"\" \/><\/p><p class=\"form_element form_element_third modified_width\"><input type=\"hidden\" value=\"1\" name=\"avia_generated_form1\" \/><input type=\"submit\" value=\"ABONNIEREN\" class=\"button\"  data-sending-label=\"Sende\"\/><\/p><\/fieldset><input type=\"hidden\" name=\"trp-form-language\" value=\"de\"\/><\/form><div id=\"ajaxresponse_1\" class=\"ajaxresponse ajaxresponse_1 hidden\"><\/div><\/div>\n<style type=\"text\/css\" data-created_by=\"avia_inline_auto\" id=\"style-css-av-9bx029-54fb4b4cd56861e2ede190e911ef7708\">\n.flex_column.av-9bx029-54fb4b4cd56861e2ede190e911ef7708{\nborder-radius:0px 0px 0px 0px;\npadding:0px 0px 0px 0px;\n}\n<\/style>\n<div  class='flex_column av-9bx029-54fb4b4cd56861e2ede190e911ef7708 av_one_fourth  avia-builder-el-4  el_after_av_one_third  el_before_av_one_fifth  flex_column_div av-zero-column-padding'     ><div  class='avia-builder-widget-area clearfix  avia-builder-el-5  avia-builder-el-no-sibling'><div id=\"zoom-social-icons-widget-2\" class=\"widget clearfix zoom-social-icons-widget\">\n\t\t\n<ul class=\"zoom-social-icons-list zoom-social-icons-list--with-canvas zoom-social-icons-list--round zoom-social-icons-list--align-center zoom-social-icons-list--no-labels\">\n\n\t\t\n\t\t\t\t<li class=\"zoom-social_icons-list__item\">\n\t\t<a class=\"zoom-social_icons-list__link\" href=\"https:\/\/www.facebook.com\/mercuretilburg\" target=\"_blank\" title=\"Facebook\" rel=\"noopener\">\n\t\t\t\t\t\t\t\t\t\n\t\t\t\t\t\t<span class=\"screen-reader-text\">facebook<\/span>\n\t\t\t\n\t\t\t\t\t\t<span class=\"zoom-social_icons-list-span social-icon socicon socicon-facebook\" data-hover-rule=\"background-color\" data-hover-color=\"#3b5998\" style=\"background-color : #3b5998; font-size: 20px; padding:14px\" ><\/span>\n\t\t\t\n\t\t\t\t\t<\/a>\n\t<\/li>\n\n\t\n\t\t\t\t<li class=\"zoom-social_icons-list__item\">\n\t\t<a class=\"zoom-social_icons-list__link\" href=\"https:\/\/twitter.com\/MercureTilburg\" target=\"_blank\" title=\"Twitter\" rel=\"noopener\">\n\t\t\t\t\t\t\t\t\t\n\t\t\t\t\t\t<span class=\"screen-reader-text\">twitter<\/span>\n\t\t\t\n\t\t\t\t\t\t<span class=\"zoom-social_icons-list-span social-icon socicon socicon-twitter\" data-hover-rule=\"background-color\" data-hover-color=\"#55acee\" style=\"background-color : #55acee; font-size: 20px; padding:14px\" ><\/span>\n\t\t\t\n\t\t\t\t\t<\/a>\n\t<\/li>\n\n\t\n\t\t\t\t<li class=\"zoom-social_icons-list__item\">\n\t\t<a class=\"zoom-social_icons-list__link\" href=\"https:\/\/www.instagram.com\/mercuretilburgcentrum\/\" target=\"_blank\" title=\"Instagram\" rel=\"noopener\">\n\t\t\t\t\t\t\t\t\t\n\t\t\t\t\t\t<span class=\"screen-reader-text\">instagram<\/span>\n\t\t\t\n\t\t\t\t\t\t<span class=\"zoom-social_icons-list-span social-icon socicon socicon-instagram\" data-hover-rule=\"background-color\" data-hover-color=\"#e4405f\" style=\"background-color : #e4405f; font-size: 20px; padding:14px\" ><\/span>\n\t\t\t\n\t\t\t\t\t<\/a>\n\t<\/li>\n\n\t\n<\/ul>\n\n\t\t<\/div><\/div><\/div>\n<style type=\"text\/css\" data-created_by=\"avia_inline_auto\" id=\"style-css-av-9bx029-54fb4b4cd56861e2ede190e911ef7708\">\n.flex_column.av-9bx029-54fb4b4cd56861e2ede190e911ef7708{\nborder-radius:0px 0px 0px 0px;\npadding:0px 0px 0px 0px;\n}\n<\/style>\n<div  class='flex_column av-9bx029-54fb4b4cd56861e2ede190e911ef7708 av_one_fifth  avia-builder-el-6  el_after_av_one_fourth  avia-builder-el-last  flex_column_div av-zero-column-padding'     ><\/div>\n<\/div><\/div><\/main><!-- close content main element --><\/div><\/div>\n<style type=\"text\/css\" data-created_by=\"avia_inline_auto\" id=\"style-css-av-k084ya36-f08d6d95501acee677114eaa55ee1b24\">\n.avia-section.av-k084ya36-f08d6d95501acee677114eaa55ee1b24{\nbackground-color:#481948;\nbackground-image:unset;\n}\n<\/style>\n<div id='av_section_2'  class='avia-section av-k084ya36-f08d6d95501acee677114eaa55ee1b24 main_color avia-section-default avia-no-border-styling  avia-builder-el-7  el_after_av_section  avia-builder-el-last  avia-bg-style-scroll container_wrap sidebar_right'  ><div class='container av-section-cont-open' ><div class='template-page content  av-content-small alpha units'><div class='post-entry post-entry-type-page post-entry-1547'><div class='entry-content-wrapper clearfix'>\n\n<style type=\"text\/css\" data-created_by=\"avia_inline_auto\" id=\"style-css-av-785t1t-782d261c1217311c3f644b09f6efc925\">\n.flex_column.av-785t1t-782d261c1217311c3f644b09f6efc925{\nborder-radius:0px 0px 0px 0px;\npadding:0px 0px 0px 0px;\n}\n<\/style>\n<div  class='flex_column av-785t1t-782d261c1217311c3f644b09f6efc925 av_one_fifth  avia-builder-el-8  el_before_av_one_fifth  avia-builder-el-first  footercolum first flex_column_div av-zero-column-padding'     ><p>\n<style type=\"text\/css\" data-created_by=\"avia_inline_auto\" id=\"style-css-av-5zqnyj-5343cdf0685475f9435a37e459adfa3b\">\n#top .av-special-heading.av-5zqnyj-5343cdf0685475f9435a37e459adfa3b{\npadding-bottom:10px;\ncolor:#ffffff;\nfont-size:15px;\n}\nbody .av-special-heading.av-5zqnyj-5343cdf0685475f9435a37e459adfa3b .av-special-heading-tag .heading-char{\nfont-size:25px;\n}\n#top #wrap_all .av-special-heading.av-5zqnyj-5343cdf0685475f9435a37e459adfa3b .av-special-heading-tag{\nfont-size:15px;\n}\n.av-special-heading.av-5zqnyj-5343cdf0685475f9435a37e459adfa3b .special-heading-inner-border{\nborder-color:#ffffff;\n}\n.av-special-heading.av-5zqnyj-5343cdf0685475f9435a37e459adfa3b .av-subheading{\nfont-size:15px;\n}\n\n@media only screen and (min-width: 480px) and (max-width: 767px){ \n#top #wrap_all .av-special-heading.av-5zqnyj-5343cdf0685475f9435a37e459adfa3b .av-special-heading-tag{\nfont-size:0.8em;\n}\n}\n\n@media only screen and (max-width: 479px){ \n#top #wrap_all .av-special-heading.av-5zqnyj-5343cdf0685475f9435a37e459adfa3b .av-special-heading-tag{\nfont-size:0.8em;\n}\n}\n<\/style>\n<div  class='av-special-heading av-5zqnyj-5343cdf0685475f9435a37e459adfa3b av-special-heading-h3 custom-color-heading blockquote modern-quote  avia-builder-el-9  el_before_av_textblock  avia-builder-el-first  av-inherit-size'><h3 class='av-special-heading-tag'  itemprop=\"headline\"  >MERCURE<\/h3><div class=\"special-heading-border\"><div class=\"special-heading-inner-border\"><\/div><\/div><\/div><br \/>\n\n<style type=\"text\/css\" data-created_by=\"avia_inline_auto\" id=\"style-css-av-k085wb5h-5a00f5c166eff662e3bceaa9a5748183\">\n#top .av_textblock_section.av-k085wb5h-5a00f5c166eff662e3bceaa9a5748183 .avia_textblock{\nfont-size:13px;\ncolor:#ffffff;\n}\n<\/style>\n<section  class='av_textblock_section av-k085wb5h-5a00f5c166eff662e3bceaa9a5748183'   itemscope=\"itemscope\" itemtype=\"https:\/\/schema.org\/CreativeWork\" ><div class='avia_textblock av_inherit_color'  itemprop=\"text\" ><p>H\u00fcgel 37<br \/>5038 CP Tilburg<br \/>Niederlande<\/p>\n<p>Tel: +31 (0)13 535 46 75<br \/>E-Mail:\u00a0<a href=\"mailto:info@mercure-tilburg.nl\">info@mercure-tilburg.nl<\/a><\/p>\n<\/div><\/section><\/p><\/div>\n<style type=\"text\/css\" data-created_by=\"avia_inline_auto\" id=\"style-css-av-5nwcdt-fa64f3a84143d499cfe044dabfec55ed\">\n.flex_column.av-5nwcdt-fa64f3a84143d499cfe044dabfec55ed{\nborder-radius:0px 0px 0px 0px;\npadding:0px 0px 0px 0px;\n}\n<\/style>\n<div  class='flex_column av-5nwcdt-fa64f3a84143d499cfe044dabfec55ed av_one_fifth  avia-builder-el-11  el_after_av_one_fifth  el_before_av_one_fifth  footercolum flex_column_div av-zero-column-padding'     ><style type=\"text\/css\" data-created_by=\"avia_inline_auto\" id=\"style-css-av-ez323-159a3eb1566633fa709554b38add5308\">\n#top .av-special-heading.av-ez323-159a3eb1566633fa709554b38add5308{\npadding-bottom:10px;\ncolor:#ffffff;\nfont-size:15px;\n}\nbody .av-special-heading.av-ez323-159a3eb1566633fa709554b38add5308 .av-special-heading-tag .heading-char{\nfont-size:25px;\n}\n#top #wrap_all .av-special-heading.av-ez323-159a3eb1566633fa709554b38add5308 .av-special-heading-tag{\nfont-size:15px;\n}\n.av-special-heading.av-ez323-159a3eb1566633fa709554b38add5308 .special-heading-inner-border{\nborder-color:#ffffff;\n}\n.av-special-heading.av-ez323-159a3eb1566633fa709554b38add5308 .av-subheading{\nfont-size:15px;\n}\n\n@media only screen and (min-width: 480px) and (max-width: 767px){ \n#top #wrap_all .av-special-heading.av-ez323-159a3eb1566633fa709554b38add5308 .av-special-heading-tag{\nfont-size:0.8em;\n}\n}\n\n@media only screen and (max-width: 479px){ \n#top #wrap_all .av-special-heading.av-ez323-159a3eb1566633fa709554b38add5308 .av-special-heading-tag{\nfont-size:0.8em;\n}\n}\n<\/style>\n<div  class='av-special-heading av-ez323-159a3eb1566633fa709554b38add5308 av-special-heading-h3 custom-color-heading blockquote modern-quote  avia-builder-el-12  avia-builder-el-no-sibling  av-inherit-size'><h3 class='av-special-heading-tag'  itemprop=\"headline\"  >ACCOR-GRUPPE<\/h3><div class=\"special-heading-border\"><div class=\"special-heading-inner-border\"><\/div><\/div><\/div><\/div>\n<style type=\"text\/css\" data-created_by=\"avia_inline_auto\" id=\"style-css-av-422q41-e74b24e3d565a4bc0641841296d57902\">\n.flex_column.av-422q41-e74b24e3d565a4bc0641841296d57902{\nborder-radius:0px 0px 0px 0px;\npadding:0px 0px 0px 0px;\n}\n<\/style>\n<div  class='flex_column av-422q41-e74b24e3d565a4bc0641841296d57902 av_one_fifth  avia-builder-el-13  el_after_av_one_fifth  el_before_av_two_fifth  footercolum flex_column_div av-zero-column-padding'     ><p>\n<style type=\"text\/css\" data-created_by=\"avia_inline_auto\" id=\"style-css-av-24el97-969dc37c9f4abd094d1d26ca47f0afde\">\n#top .av-special-heading.av-24el97-969dc37c9f4abd094d1d26ca47f0afde{\npadding-bottom:10px;\ncolor:#ffffff;\nfont-size:15px;\n}\nbody .av-special-heading.av-24el97-969dc37c9f4abd094d1d26ca47f0afde .av-special-heading-tag .heading-char{\nfont-size:25px;\n}\n#top #wrap_all .av-special-heading.av-24el97-969dc37c9f4abd094d1d26ca47f0afde .av-special-heading-tag{\nfont-size:15px;\n}\n.av-special-heading.av-24el97-969dc37c9f4abd094d1d26ca47f0afde .special-heading-inner-border{\nborder-color:#ffffff;\n}\n.av-special-heading.av-24el97-969dc37c9f4abd094d1d26ca47f0afde .av-subheading{\nfont-size:15px;\n}\n\n@media only screen and (min-width: 480px) and (max-width: 767px){ \n#top #wrap_all .av-special-heading.av-24el97-969dc37c9f4abd094d1d26ca47f0afde .av-special-heading-tag{\nfont-size:0.8em;\n}\n}\n\n@media only screen and (max-width: 479px){ \n#top #wrap_all .av-special-heading.av-24el97-969dc37c9f4abd094d1d26ca47f0afde .av-special-heading-tag{\nfont-size:0.8em;\n}\n}\n<\/style>\n<div  class='av-special-heading av-24el97-969dc37c9f4abd094d1d26ca47f0afde av-special-heading-h3 custom-color-heading blockquote modern-quote  avia-builder-el-14  el_before_av_textblock  avia-builder-el-first  av-inherit-size'><h3 class='av-special-heading-tag'  itemprop=\"headline\"  >HILFE UND KONTAKT<\/h3><div class=\"special-heading-border\"><div class=\"special-heading-inner-border\"><\/div><\/div><\/div><br \/>\n\n<style type=\"text\/css\" data-created_by=\"avia_inline_auto\" id=\"style-css-av-k085wb5h-4ef7ff538b9de9fcc69f6c91d4fd6480\">\n#top .av_textblock_section.av-k085wb5h-4ef7ff538b9de9fcc69f6c91d4fd6480 .avia_textblock{\nfont-size:13px;\ncolor:#ffffff;\n}\n<\/style>\n<section  class='av_textblock_section av-k085wb5h-4ef7ff538b9de9fcc69f6c91d4fd6480'   itemscope=\"itemscope\" itemtype=\"https:\/\/schema.org\/CreativeWork\" ><div class='avia_textblock av_inherit_color'  itemprop=\"text\" ><p><a href=\"https:\/\/mercure-tilburg.nl\/en\/our-rooms\/\">Zimmer<\/a><\/p>\n<\/div><\/section><\/p><\/div>\n<style type=\"text\/css\" data-created_by=\"avia_inline_auto\" id=\"style-css-av-2m8ar5-6a558804883e5828b434f90b35f14e3b\">\n.flex_column.av-2m8ar5-6a558804883e5828b434f90b35f14e3b{\nborder-radius:0px 0px 0px 0px;\npadding:0px 0px 0px 0px;\n}\n<\/style>\n<div  class='flex_column av-2m8ar5-6a558804883e5828b434f90b35f14e3b av_two_fifth  avia-builder-el-16  el_after_av_one_fifth  el_before_av_one_fifth  flex_column_div av-zero-column-padding'     ><p><div  class='avia-button-wrap av-k0869swn-aff97cb6cd12efba3940a340d144bb46-wrap avia-button-center  avia-builder-el-17  el_before_av_button  avia-builder-el-first'>\n<style type=\"text\/css\" data-created_by=\"avia_inline_auto\" id=\"style-css-av-k0869swn-aff97cb6cd12efba3940a340d144bb46\">\n#top #wrap_all .avia-button.av-k0869swn-aff97cb6cd12efba3940a340d144bb46{\nbackground-color:#512551;\nborder-color:#512551;\ncolor:#ffffff;\ntransition:all 0.4s ease-in-out;\n}\n<\/style>\n<a href=''  class='avia-button av-k0869swn-aff97cb6cd12efba3940a340d144bb46 avia-icon_select-no avia-size-large avia-position-center'  ><span class='avia_iconbox_title' >TELEFONISCHE UNTERST\u00dcTZUNG<\/span><\/a><\/div><br \/>\n<div  class='avia-button-wrap av-k0869swn-d897e954d9bcf7e04b5a17e5c960f05b-wrap avia-button-center  avia-builder-el-18  el_after_av_button  avia-builder-el-last'>\n<style type=\"text\/css\" data-created_by=\"avia_inline_auto\" id=\"style-css-av-k0869swn-d897e954d9bcf7e04b5a17e5c960f05b\">\n#top #wrap_all .avia-button.av-k0869swn-d897e954d9bcf7e04b5a17e5c960f05b{\nbackground-color:#512551;\nborder-color:#512551;\ncolor:#ffffff;\ntransition:all 0.4s ease-in-out;\n}\n<\/style>\n<a href='https:\/\/mercure-tilburg.nl\/wp-content\/uploads\/2019\/10\/Privacyverklaring-Heuvelpoort-Hotel-B.V-15-10-2019.docx'  class='avia-button av-k0869swn-d897e954d9bcf7e04b5a17e5c960f05b avia-icon_select-no avia-size-large avia-position-center'  ><span class='avia_iconbox_title' >ERKL\u00c4RUNG ZUM DATENSCHUTZ<\/span><\/a><\/div><\/p><\/div>\n<style type=\"text\/css\" data-created_by=\"avia_inline_auto\" id=\"style-css-av-2m8ar5-647af1abe6db9a871d6fa7ca7e9cbb30\">\n.flex_column.av-2m8ar5-647af1abe6db9a871d6fa7ca7e9cbb30{\nborder-radius:0px 0px 0px 0px;\npadding:0px 0px 0px 0px;\n}\n<\/style>\n<div  class='flex_column av-2m8ar5-647af1abe6db9a871d6fa7ca7e9cbb30 av_one_fifth  avia-builder-el-19  el_after_av_two_fifth  el_before_av_three_fifth  first flex_column_div av-zero-column-padding'     ><\/div>\n<style type=\"text\/css\" data-created_by=\"avia_inline_auto\" id=\"style-css-av-2m8ar5-6a558804883e5828b434f90b35f14e3b\">\n.flex_column.av-2m8ar5-6a558804883e5828b434f90b35f14e3b{\nborder-radius:0px 0px 0px 0px;\npadding:0px 0px 0px 0px;\n}\n<\/style>\n<div  class='flex_column av-2m8ar5-6a558804883e5828b434f90b35f14e3b av_three_fifth  avia-builder-el-20  el_after_av_one_fifth  el_before_av_one_fifth  flex_column_div av-zero-column-padding'     ><style type=\"text\/css\" data-created_by=\"avia_inline_auto\" id=\"style-css-av-k085wb5h-5a00f5c166eff662e3bceaa9a5748183\">\n#top .av_textblock_section.av-k085wb5h-5a00f5c166eff662e3bceaa9a5748183 .avia_textblock{\nfont-size:13px;\ncolor:#ffffff;\n}\n<\/style>\n<section  class='av_textblock_section av-k085wb5h-5a00f5c166eff662e3bceaa9a5748183'   itemscope=\"itemscope\" itemtype=\"https:\/\/schema.org\/CreativeWork\" ><div class='avia_textblock av_inherit_color'  itemprop=\"text\" ><p>EIN MERCURE-HOTEL AN ALLEN IHREN REISEZIELEN<\/p>\n<p>Hotel Tilburg - Hotel Amsterdam - Hotel Bali - Hotel Berlin - Hotel Budapest - Hotel Canach - Hotel Courbevoie - Hotel Den Haag - Hotel D\u00fcsseldorf - Hotel Frankfurt - Hotel Groningen - Hotel Hamburg - Hotel K\u00f6ln - Hotel Leuven - Hotel London - Hotel Lyon - Hotel Madrid - Hotel M\u00fcnchen - Hotel Nizza - Hotel Amersfoort - Hotel Nijmegen - Hotel N\u00fcrnberg - Hotel Paris - Hotel Reims - Hotel Rom - Hotel Rosmalen - Hotel Sao Paulo - Hotel Stra\u00dfburg - Hotel Stuttgart - Hotel Wien<\/p>\n<\/div><\/section><\/div>\n<style type=\"text\/css\" data-created_by=\"avia_inline_auto\" id=\"style-css-av-2m8ar5-6a558804883e5828b434f90b35f14e3b\">\n.flex_column.av-2m8ar5-6a558804883e5828b434f90b35f14e3b{\nborder-radius:0px 0px 0px 0px;\npadding:0px 0px 0px 0px;\n}\n<\/style>\n<div  class='flex_column av-2m8ar5-6a558804883e5828b434f90b35f14e3b av_one_fifth  avia-builder-el-22  el_after_av_three_fifth  avia-builder-el-last  flex_column_div av-zero-column-padding'     ><\/div><\/div><\/div><\/div><!-- close content main div --><\/div><\/div><div id='after_section_2'  class='main_color av_default_container_wrap container_wrap sidebar_right'  ><div class='container av-section-cont-open' ><div class='template-page content  av-content-small alpha units'><div class='post-entry post-entry-type-page post-entry-1547'><div class='entry-content-wrapper clearfix'>","protected":false},"excerpt":{"rendered":"","protected":false},"author":1,"featured_media":0,"parent":0,"menu_order":0,"comment_status":"closed","ping_status":"closed","template":"","meta":{"footnotes":""},"class_list":["post-1547","page","type-page","status-publish","hentry"],"yoast_head":"<!-- This site is optimized with the Yoast SEO Premium plugin v14.9 - https:\/\/yoast.com\/wordpress\/plugins\/seo\/ -->\n<title>footer - Mercure Hotel Tilburg Centrum<\/title>\n<meta name=\"robots\" content=\"index, follow, max-snippet:-1, max-image-preview:large, max-video-preview:-1\" \/>\n<link rel=\"canonical\" href=\"https:\/\/mercure-tilburg.nl\/de\/fuszeile-3\/\" \/>\n<meta property=\"og:locale\" content=\"de_DE\" \/>\n<meta property=\"og:type\" content=\"article\" \/>\n<meta property=\"og:title\" content=\"footer - Mercure Hotel Tilburg Centrum\" \/>\n<meta property=\"og:url\" content=\"https:\/\/mercure-tilburg.nl\/de\/fuszeile-3\/\" \/>\n<meta property=\"og:site_name\" content=\"Mercure Hotel Tilburg Centrum\" \/>\n<meta property=\"article:modified_time\" content=\"2022-12-15T08:32:41+00:00\" \/>\n<meta name=\"twitter:card\" content=\"summary_large_image\" \/>\n<script type=\"application\/ld+json\" class=\"yoast-schema-graph\">{\"@context\":\"https:\/\/schema.org\",\"@graph\":[{\"@type\":\"WebSite\",\"@id\":\"https:\/\/mercure-tilburg.nl\/de\/#website\",\"url\":\"https:\/\/mercure-tilburg.nl\/de\/\",\"name\":\"Mercure Hotel Tilburg Centrum\",\"description\":\"Overnachten op de beste plek van Tilburg\",\"potentialAction\":[{\"@type\":\"SearchAction\",\"target\":\"https:\/\/mercure-tilburg.nl\/de\/?s={search_term_string}\",\"query-input\":\"required name=search_term_string\"}],\"inLanguage\":\"de\"},{\"@type\":\"WebPage\",\"@id\":\"https:\/\/mercure-tilburg.nl\/en\/footer-3\/#webpage\",\"url\":\"https:\/\/mercure-tilburg.nl\/en\/footer-3\/\",\"name\":\"footer - Mercure Hotel Tilburg Centrum\",\"isPartOf\":{\"@id\":\"https:\/\/mercure-tilburg.nl\/de\/#website\"},\"datePublished\":\"2019-09-13T09:34:43+00:00\",\"dateModified\":\"2022-12-15T08:32:41+00:00\",\"inLanguage\":\"de\",\"potentialAction\":[{\"@type\":\"ReadAction\",\"target\":[\"https:\/\/mercure-tilburg.nl\/en\/footer-3\/\"]}]}]}<\/script>\n<!-- \/ Yoast SEO Premium plugin. -->","_links":{"self":[{"href":"https:\/\/mercure-tilburg.nl\/de\/wp-json\/wp\/v2\/pages\/1547","targetHints":{"allow":["GET"]}}],"collection":[{"href":"https:\/\/mercure-tilburg.nl\/de\/wp-json\/wp\/v2\/pages"}],"about":[{"href":"https:\/\/mercure-tilburg.nl\/de\/wp-json\/wp\/v2\/types\/page"}],"author":[{"embeddable":true,"href":"https:\/\/mercure-tilburg.nl\/de\/wp-json\/wp\/v2\/users\/1"}],"replies":[{"embeddable":true,"href":"https:\/\/mercure-tilburg.nl\/de\/wp-json\/wp\/v2\/comments?post=1547"}],"version-history":[{"count":2,"href":"https:\/\/mercure-tilburg.nl\/de\/wp-json\/wp\/v2\/pages\/1547\/revisions"}],"predecessor-version":[{"id":8435,"href":"https:\/\/mercure-tilburg.nl\/de\/wp-json\/wp\/v2\/pages\/1547\/revisions\/8435"}],"wp:attachment":[{"href":"https:\/\/mercure-tilburg.nl\/de\/wp-json\/wp\/v2\/media?parent=1547"}],"curies":[{"name":"wp","href":"https:\/\/api.w.org\/{rel}","templated":true}]}}