{"id":1536,"date":"2019-09-13T11:26:50","date_gmt":"2019-09-13T09:26:50","guid":{"rendered":"https:\/\/mercure-tilburg.nl\/?page_id=1536"},"modified":"2024-07-02T13:08:29","modified_gmt":"2024-07-02T11:08:29","slug":"package-deals","status":"publish","type":"page","link":"https:\/\/mercure-tilburg.nl\/de\/pauschalangebote\/","title":{"rendered":"Pauschalangebote"},"content":{"rendered":"<div id='full_slider_1'  class='avia-fullwidth-slider main_color avia-shadow   avia-builder-el-0  el_before_av_one_full  avia-builder-el-first   container_wrap sidebar_right'  ><div  class='avia-slideshow av-jsn100xd-30b7dd945323522f8752fd901e4752ca avia-slideshow-featured av_slideshow_full avia-slide-slider av-slideshow-ui av-control-default av-slideshow-manual av-loop-once av-loop-manual-endless av-default-height-applied   avia-slideshow-1' data-slideshow-options=\"{&quot;animation&quot;:&quot;slide&quot;,&quot;autoplay&quot;:false,&quot;loop_autoplay&quot;:&quot;once&quot;,&quot;interval&quot;:5,&quot;loop_manual&quot;:&quot;manual-endless&quot;,&quot;autoplay_stopper&quot;:false,&quot;noNavigation&quot;:false,&quot;bg_slider&quot;:false,&quot;keep_padding&quot;:false,&quot;hoverpause&quot;:false,&quot;show_slide_delay&quot;:0}\"  itemprop=\"image\" itemscope=\"itemscope\" itemtype=\"https:\/\/schema.org\/ImageObject\" ><ul class='avia-slideshow-inner' style='padding-bottom: 28.666666666667%;'><li  class='avia-slideshow-slide av-jsn100xd-30b7dd945323522f8752fd901e4752ca__0  av-single-slide slide-1 slide-odd'><div data-rel='slideshow-1' class='avia-slide-wrap'  title='m25' ><img decoding=\"async\" fetchpriority=\"high\" class=\"wp-image-2236 avia-img-lazy-loading-not-2236\"  src=\"https:\/\/mercure-tilburg.nl\/wp-content\/uploads\/2020\/02\/m25.jpg\" width=\"1500\" height=\"430\" title='m25' alt='m25'  itemprop=\"thumbnailUrl\"  style='min-height:250px; min-width:873px; ' srcset=\"https:\/\/mercure-tilburg.nl\/wp-content\/uploads\/2020\/02\/m25.jpg 1500w, https:\/\/mercure-tilburg.nl\/wp-content\/uploads\/2020\/02\/m25-300x86.jpg 300w, https:\/\/mercure-tilburg.nl\/wp-content\/uploads\/2020\/02\/m25-1030x295.jpg 1030w, https:\/\/mercure-tilburg.nl\/wp-content\/uploads\/2020\/02\/m25-768x220.jpg 768w, https:\/\/mercure-tilburg.nl\/wp-content\/uploads\/2020\/02\/m25-705x202.jpg 705w, https:\/\/mercure-tilburg.nl\/wp-content\/uploads\/2020\/02\/m25-450x129.jpg 450w\" sizes=\"(max-width: 1500px) 100vw, 1500px\" \/><\/div><\/li><\/ul><\/div><\/div><div id='after_full_slider_1'  class='main_color av_default_container_wrap container_wrap sidebar_right'  ><div class='container av-section-cont-open' ><div class='template-page content  av-content-small alpha units'><div class='post-entry post-entry-type-page post-entry-1536'><div class='entry-content-wrapper clearfix'>\n\n<style type=\"text\/css\" data-created_by=\"avia_inline_auto\" id=\"style-css-av-a3cnyo-9e5f75aa9d6f164d14e38a84de79965e\">\n#top .flex_column.av-a3cnyo-9e5f75aa9d6f164d14e38a84de79965e{\nmargin-top:-150px;\nmargin-bottom:0px;\n}\n.flex_column.av-a3cnyo-9e5f75aa9d6f164d14e38a84de79965e{\nborder-radius:0px 0px 0px 0px;\npadding:50px 100px 50px 100px;\nbackground-color:#ffffff;\n}\n.responsive #top #wrap_all .flex_column.av-a3cnyo-9e5f75aa9d6f164d14e38a84de79965e{\nmargin-top:-150px;\nmargin-bottom:0px;\n}\n<\/style>\n<div  class='flex_column av-a3cnyo-9e5f75aa9d6f164d14e38a84de79965e av_one_full  avia-builder-el-1  el_after_av_slideshow_full  el_before_av_section  avia-builder-el-no-sibling  mobilejumbo first flex_column_div'     ><p>\n<style type=\"text\/css\" data-created_by=\"avia_inline_auto\" id=\"style-css-av-ly4axz9f-fff4e1d8f74f1453560380fc4d25681b\">\n#top .av-special-heading.av-ly4axz9f-fff4e1d8f74f1453560380fc4d25681b{\npadding-bottom:10px;\ncolor:#1a1e29;\n}\nbody .av-special-heading.av-ly4axz9f-fff4e1d8f74f1453560380fc4d25681b .av-special-heading-tag .heading-char{\nfont-size:25px;\n}\n.av-special-heading.av-ly4axz9f-fff4e1d8f74f1453560380fc4d25681b .special-heading-inner-border{\nborder-color:#1a1e29;\n}\n.av-special-heading.av-ly4axz9f-fff4e1d8f74f1453560380fc4d25681b .av-subheading{\nfont-size:18px;\n}\n<\/style>\n<div  class='av-special-heading av-ly4axz9f-fff4e1d8f74f1453560380fc4d25681b av-special-heading-h2 custom-color-heading blockquote modern-quote modern-centered  avia-builder-el-2  el_before_av_hr  avia-builder-el-first  av-linked-heading'><h2 class='av-special-heading-tag'  itemprop=\"headline\"  >Eftelingtickets-Paket<\/h2><div class=\"special-heading-border\"><div class=\"special-heading-inner-border\"><\/div><\/div><\/div><br \/>\n\n<style type=\"text\/css\" data-created_by=\"avia_inline_auto\" id=\"style-css-av-9tzawg-a84158a817f54b6571ce17ef30d1d8ac\">\n#top .hr.av-9tzawg-a84158a817f54b6571ce17ef30d1d8ac{\nmargin-top:10px;\nmargin-bottom:10px;\n}\n.hr.av-9tzawg-a84158a817f54b6571ce17ef30d1d8ac .hr-inner{\nwidth:100%;\nborder-color:#e0e0e0;\n}\n<\/style>\n<div  class='hr av-9tzawg-a84158a817f54b6571ce17ef30d1d8ac hr-custom  avia-builder-el-3  el_after_av_heading  el_before_av_textblock  hr-center hr-icon-no'><span class='hr-inner inner-border-av-border-thin'><span class=\"hr-inner-style\"><\/span><\/span><\/div><br \/>\n<section  class='av_textblock_section av-ly4aypqp-116e2e9ff9d63233fe1fe0c8cc7966ca'   itemscope=\"itemscope\" itemtype=\"https:\/\/schema.org\/CreativeWork\" ><div class='avia_textblock'  itemprop=\"text\" ><p style=\"text-align: center;\">In Kaatsheuvel in Brabant befindet sich der gr\u00f6\u00dfte Vergn\u00fcgungspark der Niederlande: Efteling. Ein Park, in dem Sie sich im M\u00e4rchenwald verzaubern lassen, sich an Themenattraktionen wie Symbolica und Droomvlucht erfreuen und einen Adrenalinkick in den aufregenden Achterbahnen wie Baron 1898 und Joris en de Draak bekommen. Kurzum: ein erlebnisreicher Tag.<\/p>\n<\/div><\/section><\/p><\/div>\n<\/div><\/div><\/div><!-- close content main div --><\/div><\/div><div id='av_section_1'  class='avia-section av-789oa8-7d4ea4eb9b5f416339d5f8e89a56d915 main_color avia-section-default avia-no-border-styling  avia-builder-el-5  el_after_av_one_full  avia-builder-el-last  avia-bg-style-scroll container_wrap sidebar_right'  ><div class='container av-section-cont-open' ><div class='template-page content  av-content-small alpha units'><div class='post-entry post-entry-type-page post-entry-1536'><div class='entry-content-wrapper clearfix'>\n\n<style type=\"text\/css\" data-created_by=\"avia_inline_auto\" id=\"style-css-av-ly4az9wz-972f89ca35c1cbb7da7249d8d4066818\">\n#top .av-special-heading.av-ly4az9wz-972f89ca35c1cbb7da7249d8d4066818{\npadding-bottom:10px;\ncolor:#1a1e29;\n}\nbody .av-special-heading.av-ly4az9wz-972f89ca35c1cbb7da7249d8d4066818 .av-special-heading-tag .heading-char{\nfont-size:25px;\n}\n.av-special-heading.av-ly4az9wz-972f89ca35c1cbb7da7249d8d4066818 .special-heading-inner-border{\nborder-color:#1a1e29;\n}\n.av-special-heading.av-ly4az9wz-972f89ca35c1cbb7da7249d8d4066818 .av-subheading{\nfont-size:18px;\n}\n<\/style>\n<div  class='av-special-heading av-ly4az9wz-972f89ca35c1cbb7da7249d8d4066818 av-special-heading-h2 custom-color-heading blockquote modern-quote modern-centered  avia-builder-el-6  el_before_av_one_fifth  avia-builder-el-first  av-linked-heading'><h2 class='av-special-heading-tag'  itemprop=\"headline\"  >\u00dcbernachten Sie in der N\u00e4he von Efteling im Mercure Hotel Tilburg Centrum<\/h2><div class=\"special-heading-border\"><div class=\"special-heading-inner-border\"><\/div><\/div><\/div>\n\n<style type=\"text\/css\" data-created_by=\"avia_inline_auto\" id=\"style-css-av-6aom1s-cf6297df03953b0393277040512ab0d5\">\n.flex_column.av-6aom1s-cf6297df03953b0393277040512ab0d5{\nborder-radius:0px 0px 0px 0px;\npadding:0px 0px 0px 0px;\n}\n<\/style>\n<div  class='flex_column av-6aom1s-cf6297df03953b0393277040512ab0d5 av_one_fifth  avia-builder-el-7  el_after_av_heading  el_before_av_three_fifth  first flex_column_div av-zero-column-padding'     ><\/div>\n<style type=\"text\/css\" data-created_by=\"avia_inline_auto\" id=\"style-css-av-46gwwg-e5e9dba997e328e9bce9db458ccac5e7\">\n.flex_column.av-46gwwg-e5e9dba997e328e9bce9db458ccac5e7{\nborder-radius:0px 0px 0px 0px;\npadding:0px 0px 0px 0px;\n}\n<\/style>\n<div  class='flex_column av-46gwwg-e5e9dba997e328e9bce9db458ccac5e7 av_three_fifth  avia-builder-el-8  el_after_av_one_fifth  el_before_av_one_fifth  flex_column_div av-zero-column-padding'     ><style type=\"text\/css\" data-created_by=\"avia_inline_auto\" id=\"style-css-av-ly4b0jxp-9dc761ec7af4cbad937b6de3a8318507\">\n#top .av_textblock_section.av-ly4b0jxp-9dc761ec7af4cbad937b6de3a8318507 .avia_textblock{\nfont-size:16px;\n}\n<\/style>\n<section  class='av_textblock_section av-ly4b0jxp-9dc761ec7af4cbad937b6de3a8318507'   itemscope=\"itemscope\" itemtype=\"https:\/\/schema.org\/CreativeWork\" ><div class='avia_textblock'  itemprop=\"text\" ><p style=\"text-align: center;\">Sie m\u00f6chten einen bezaubernden Hotelaufenthalt mit einem Besuch in Efteling verbinden? Das k\u00f6nnen Sie! F\u00fcgen Sie Ihrer Buchung einfach Efteling-Tickets hinzu und erleben Sie ein magisches Wochenende.<\/p>\n<p style=\"text-align: center;\"><strong>Sonderangebot:<\/strong><\/p>\n<ul>\n<li>Sobald Sie ein Datum und ein Zimmer auf unserer Website ausgew\u00e4hlt haben, k\u00f6nnen Sie die Tickets unter \"Optionen w\u00e4hlen\" hinzuf\u00fcgen<\/li>\n<li>Mit Ihrer Buchung erhalten Sie ein Eftelingticket f\u00fcr zwei Tage.<\/li>\n<\/ul>\n<p style=\"text-align: center;\">Machen Sie Ihren Aufenthalt zu etwas ganz Besonderem und tauchen Sie ein in die m\u00e4rchenhafte Welt von Efteling. F\u00fcgen Sie diese Tickets hinzu und lassen Sie das Abenteuer beginnen!<\/p>\n<\/div><\/section><br \/>\n<div  class='avia-button-wrap av-ly4b1br0-a6a387d84daa036234184c511b4b1531-wrap avia-button-center  avia-builder-el-10  el_after_av_textblock  avia-builder-el-last'><a href='https:\/\/mercure-tilburg.nl\/en\/home-en\/' class='avia-button av-ly4b1br0-a6a387d84daa036234184c511b4b1531 avia-icon_select-no avia-size-x-large avia-position-center avia-color-theme-color' target=\"_blank\" rel=\"noopener noreferrer\"><span class='avia_iconbox_title' >EFTELING PAKET 2 N\u00c4CHTE BUCHEN<\/span><\/a><\/div><\/p><\/div>\n<style type=\"text\/css\" data-created_by=\"avia_inline_auto\" id=\"style-css-av-2mbqk0-9f64cfcbdebd217d7ef6bfe60e535130\">\n.flex_column.av-2mbqk0-9f64cfcbdebd217d7ef6bfe60e535130{\nborder-radius:0px 0px 0px 0px;\npadding:0px 0px 0px 0px;\n}\n<\/style>\n<div  class='flex_column av-2mbqk0-9f64cfcbdebd217d7ef6bfe60e535130 av_one_fifth  avia-builder-el-11  el_after_av_three_fifth  avia-builder-el-last  flex_column_div av-zero-column-padding'     ><\/div><\/div><\/div><\/div><!-- close content main div --><\/div><\/div><div id='after_section_1'  class='main_color av_default_container_wrap container_wrap sidebar_right'  ><div class='container av-section-cont-open' ><div class='template-page content  av-content-small alpha units'><div class='post-entry post-entry-type-page post-entry-1536'><div class='entry-content-wrapper clearfix'>","protected":false},"excerpt":{"rendered":"","protected":false},"author":2,"featured_media":0,"parent":0,"menu_order":0,"comment_status":"closed","ping_status":"closed","template":"","meta":{"footnotes":""},"class_list":["post-1536","page","type-page","status-publish","hentry"],"yoast_head":"<!-- This site is optimized with the Yoast SEO Premium plugin v14.9 - https:\/\/yoast.com\/wordpress\/plugins\/seo\/ -->\n<title>Package deals: the full Tilburg experience | Mercure Hotel Tilburg Centrum<\/title>\n<meta name=\"description\" content=\"Enjoy the surprising package deals of Mercure Hotel Tilburg Centrum - uniquely composed packages for young and old. Complete your visit to Tilburg!\" \/>\n<meta name=\"robots\" content=\"index, follow, max-snippet:-1, max-image-preview:large, max-video-preview:-1\" \/>\n<link rel=\"canonical\" href=\"https:\/\/mercure-tilburg.nl\/de\/pauschalangebote\/\" \/>\n<meta property=\"og:locale\" content=\"de_DE\" \/>\n<meta property=\"og:type\" content=\"article\" \/>\n<meta property=\"og:title\" content=\"Package deals: the full Tilburg experience | Mercure Hotel Tilburg Centrum\" \/>\n<meta property=\"og:description\" content=\"Enjoy the surprising package deals of Mercure Hotel Tilburg Centrum - uniquely composed packages for young and old. Complete your visit to Tilburg!\" \/>\n<meta property=\"og:url\" content=\"https:\/\/mercure-tilburg.nl\/de\/pauschalangebote\/\" \/>\n<meta property=\"og:site_name\" content=\"Mercure Hotel Tilburg Centrum\" \/>\n<meta property=\"article:modified_time\" content=\"2024-07-02T11:08:29+00:00\" \/>\n<meta name=\"twitter:card\" content=\"summary_large_image\" \/>\n<script type=\"application\/ld+json\" class=\"yoast-schema-graph\">{\"@context\":\"https:\/\/schema.org\",\"@graph\":[{\"@type\":\"WebSite\",\"@id\":\"https:\/\/mercure-tilburg.nl\/de\/#website\",\"url\":\"https:\/\/mercure-tilburg.nl\/de\/\",\"name\":\"Mercure Hotel Tilburg Centrum\",\"description\":\"Overnachten op de beste plek van Tilburg\",\"potentialAction\":[{\"@type\":\"SearchAction\",\"target\":\"https:\/\/mercure-tilburg.nl\/de\/?s={search_term_string}\",\"query-input\":\"required name=search_term_string\"}],\"inLanguage\":\"de\"},{\"@type\":\"WebPage\",\"@id\":\"https:\/\/mercure-tilburg.nl\/en\/package-deals\/#webpage\",\"url\":\"https:\/\/mercure-tilburg.nl\/en\/package-deals\/\",\"name\":\"Package deals: the full Tilburg experience | Mercure Hotel Tilburg Centrum\",\"isPartOf\":{\"@id\":\"https:\/\/mercure-tilburg.nl\/de\/#website\"},\"datePublished\":\"2019-09-13T09:26:50+00:00\",\"dateModified\":\"2024-07-02T11:08:29+00:00\",\"description\":\"Enjoy the surprising package deals of Mercure Hotel Tilburg Centrum - uniquely composed packages for young and old. Complete your visit to Tilburg!\",\"inLanguage\":\"de\",\"potentialAction\":[{\"@type\":\"ReadAction\",\"target\":[\"https:\/\/mercure-tilburg.nl\/en\/package-deals\/\"]}]}]}<\/script>\n<!-- \/ Yoast SEO Premium plugin. -->","_links":{"self":[{"href":"https:\/\/mercure-tilburg.nl\/de\/wp-json\/wp\/v2\/pages\/1536","targetHints":{"allow":["GET"]}}],"collection":[{"href":"https:\/\/mercure-tilburg.nl\/de\/wp-json\/wp\/v2\/pages"}],"about":[{"href":"https:\/\/mercure-tilburg.nl\/de\/wp-json\/wp\/v2\/types\/page"}],"author":[{"embeddable":true,"href":"https:\/\/mercure-tilburg.nl\/de\/wp-json\/wp\/v2\/users\/2"}],"replies":[{"embeddable":true,"href":"https:\/\/mercure-tilburg.nl\/de\/wp-json\/wp\/v2\/comments?post=1536"}],"version-history":[{"count":5,"href":"https:\/\/mercure-tilburg.nl\/de\/wp-json\/wp\/v2\/pages\/1536\/revisions"}],"predecessor-version":[{"id":8769,"href":"https:\/\/mercure-tilburg.nl\/de\/wp-json\/wp\/v2\/pages\/1536\/revisions\/8769"}],"wp:attachment":[{"href":"https:\/\/mercure-tilburg.nl\/de\/wp-json\/wp\/v2\/media?parent=1536"}],"curies":[{"name":"wp","href":"https:\/\/api.w.org\/{rel}","templated":true}]}}